{"id":16182,"date":"2024-08-20T06:45:26","date_gmt":"2024-08-20T06:45:26","guid":{"rendered":"https:\/\/www.nogometnionline.com\/?post_type=product&#038;p=16182"},"modified":"2024-08-20T06:45:31","modified_gmt":"2024-08-20T06:45:31","slug":"najcenejsi-moski-nogometni-dresi-kompleti-spanija-gostujoci-euro-2024-mikel-oyarzabal-21","status":"publish","type":"product","link":"https:\/\/www.nogometnizaotroke.com\/hr\/product\/najcenejsi-moski-nogometni-dresi-kompleti-spanija-gostujoci-euro-2024-mikel-oyarzabal-21\/","title":{"rendered":"Najcenej\u0161i Mo\u0161ki Nogometni dresi kompleti \u0160panija Gostujo\u010di Euro 2024 Mikel Oyarzabal 21"},"content":{"rendered":"<p>\u0160panija Gostujo\u010di Euro 2024 dresi ima sve\u017eo in osupljivo barvno kombinacijo. Ve\u010dinoma je bledo neonsko rumena, ki jo morda navdihujejo pe\u0161\u010dene sipine v dr\u017eavi. Uradno je ime barve nogometnega dresa za gostovanje v \u0160paniji 2024 \u201cPulse Yellow.\u201dEdinstvena zna\u010dilnost gostujo\u010dega kompleta \u0161panskega Euro 2024 je na plo\u0161\u010dah \u2013 svetlo modre plo\u0161\u010de imajo grafiko pe\u0161\u010dene sipine.<\/p>\n<p>Nasveti za nogavice: Majica ne vsebuje nogavic privzeto. \u010ce \u017eelite nogavice, izberite mo\u017enosti nogavic, da jih pla\u010date.<\/p>\n<p>Nasveti za tiskom: \u010ce sta ime in \u0161tevilka na sliki natanko to, kar \u017eelite, vam tega ni treba ve\u010d vna\u0161ati. \u010ce ni, potem vnesite \u017eeleno ime in \u0161tevilko.<\/p>\n<p>Nasveti za pranje: Priporo\u010dljivo je, da nogometni dresi operete ro\u010dno. \u010ce \u017eelite uporabiti pralni stroj, ne pozabite obrniti majice in jo nato oprati. In napolnite stroj s hladno vodo in uporabite ne\u017een cikel pranja, da boste bolj za\u0161\u010ditili barve.<\/p>","protected":false},"excerpt":{"rendered":"<p>\u0160panija Gostujo\u010di Euro 2024 dresi ima sve\u017eo in osupljivo barvno kombinacijo. Ve\u010dinoma je bledo neonsko rumena, ki jo morda navdihujejo pe\u0161\u010dene sipine v dr\u017eavi. Uradno je ime barve nogometnega dresa za gostovanje v \u0160paniji 2024 \u201cPulse Yellow.\u201dEdinstvena zna\u010dilnost gostujo\u010dega kompleta \u0161panskega Euro 2024 je na plo\u0161\u010dah \u2013 svetlo modre plo\u0161\u010de imajo grafiko pe\u0161\u010dene sipine. Nasveti [&hellip;]<\/p>","protected":false},"featured_media":16184,"comment_status":"open","ping_status":"closed","template":"","meta":[],"product_brand":[],"product_cat":[778,140,85],"product_tag":[1181,150,153,940,148,939,147,784],"class_list":{"0":"post-16182","1":"product","2":"type-product","3":"status-publish","4":"has-post-thumbnail","6":"product_cat-euro-2024","7":"product_cat-moski","8":"product_cat-dresi-spanija-reprezentance","9":"product_tag-mikel-oyarzabal-dresi","10":"product_tag-moski-nogometni-dresi","11":"product_tag-nogometni-dresi","12":"product_tag-nogometni-dresi-spanija-z-lastnim-imenom","13":"product_tag-poceni-nogometni-dresi","14":"product_tag-poceni-nogometni-dresi-spanija","15":"product_tag-slovenski-nogometni-dresi","16":"product_tag-spanija-euro-2024-dresi","18":"first","19":"instock","20":"shipping-taxable","21":"purchasable","22":"product-type-variable"},"_links":{"self":[{"href":"https:\/\/www.nogometnizaotroke.com\/hr\/wp-json\/wp\/v2\/product\/16182","targetHints":{"allow":["GET"]}}],"collection":[{"href":"https:\/\/www.nogometnizaotroke.com\/hr\/wp-json\/wp\/v2\/product"}],"about":[{"href":"https:\/\/www.nogometnizaotroke.com\/hr\/wp-json\/wp\/v2\/types\/product"}],"replies":[{"embeddable":true,"href":"https:\/\/www.nogometnizaotroke.com\/hr\/wp-json\/wp\/v2\/comments?post=16182"}],"wp:featuredmedia":[{"embeddable":true,"href":"https:\/\/www.nogometnizaotroke.com\/hr\/wp-json\/wp\/v2\/media\/16184"}],"wp:attachment":[{"href":"https:\/\/www.nogometnizaotroke.com\/hr\/wp-json\/wp\/v2\/media?parent=16182"}],"wp:term":[{"taxonomy":"product_brand","embeddable":true,"href":"https:\/\/www.nogometnizaotroke.com\/hr\/wp-json\/wp\/v2\/product_brand?post=16182"},{"taxonomy":"product_cat","embeddable":true,"href":"https:\/\/www.nogometnizaotroke.com\/hr\/wp-json\/wp\/v2\/product_cat?post=16182"},{"taxonomy":"product_tag","embeddable":true,"href":"https:\/\/www.nogometnizaotroke.com\/hr\/wp-json\/wp\/v2\/product_tag?post=16182"}],"curies":[{"name":"wp","href":"https:\/\/api.w.org\/{rel}","templated":true}]}}