{"id":15977,"date":"2024-08-17T10:32:14","date_gmt":"2024-08-17T10:32:14","guid":{"rendered":"https:\/\/www.nogometnionline.com\/?post_type=product&#038;p=15977"},"modified":"2024-08-17T10:32:19","modified_gmt":"2024-08-17T10:32:19","slug":"moske-nogometnih-dresov-juventus-gostujoci-2024-25-gleison-bremer-3","status":"publish","type":"product","link":"https:\/\/www.nogometnizaotroke.com\/hr\/product\/moske-nogometnih-dresov-juventus-gostujoci-2024-25-gleison-bremer-3\/","title":{"rendered":"Mo\u0161ke Nogometnih dresov Juventus Gostujo\u010di 2024-25 Gleison Bremer 3"},"content":{"rendered":"<p>Juventus Gostujo\u010di 2024-25 dresi je najmodernej\u0161i v kolekciji dresov Juventus 24-25. Glavna barva gostujo\u010dega dresa Juventus 24-25 je son\u010dno rumena z logotipom, grbom Juventusa in tremi \u010drtami na ramenih v temno sivi barvi.Gostujo\u010di dres Juventusa 24-25, ki ga navdihujejo neraziskane galaksije vesolja, ima \u010drtasto obliko kot poklon mestu Torino.Izrez na strani dresa je svetlo roza barve. Komplet za goste Juventus 24-25 lahko prilagodite z abstraktnim vzorcem za edinstven videz.<\/p>\n<p>Nasveti za nogavice: Majica ne vsebuje nogavic privzeto. \u010ce \u017eelite nogavice, izberite mo\u017enosti nogavic, da jih pla\u010date.<\/p>\n<p>Nasveti za tiskom: \u010ce sta ime in \u0161tevilka na sliki natanko to, kar \u017eelite, vam tega ni treba ve\u010d vna\u0161ati. \u010ce ni, potem vnesite \u017eeleno ime in \u0161tevilko.<\/p>\n<p>Nasveti za pranje: Priporo\u010dljivo je, da nogometni dresi operete ro\u010dno. \u010ce \u017eelite uporabiti pralni stroj, ne pozabite obrniti majice in jo nato oprati. In napolnite stroj s hladno vodo in uporabite ne\u017een cikel pranja, da boste bolj za\u0161\u010ditili barve.<\/p>","protected":false},"excerpt":{"rendered":"<p>Juventus Gostujo\u010di 2024-25 dresi je najmodernej\u0161i v kolekciji dresov Juventus 24-25. Glavna barva gostujo\u010dega dresa Juventus 24-25 je son\u010dno rumena z logotipom, grbom Juventusa in tremi \u010drtami na ramenih v temno sivi barvi.Gostujo\u010di dres Juventusa 24-25, ki ga navdihujejo neraziskane galaksije vesolja, ima \u010drtasto obliko kot poklon mestu Torino.Izrez na strani dresa je svetlo roza [&hellip;]<\/p>","protected":false},"featured_media":15979,"comment_status":"open","ping_status":"closed","template":"","meta":[],"product_brand":[],"product_cat":[140,36],"product_tag":[1179,153,1095,148,1178,1094,198,373,147],"class_list":{"0":"post-15977","1":"product","2":"type-product","3":"status-publish","4":"has-post-thumbnail","6":"product_cat-moski","7":"product_cat-nogometni-dresi-juventus","8":"product_tag-gleison-bremer-dresi","9":"product_tag-nogometni-dresi","10":"product_tag-nogometni-dresi-juventus-z-lastnim-imenom","11":"product_tag-poceni-nogometni-dresi","12":"product_tag-poceni-nogometni-dresi-gleison-bremer","13":"product_tag-poceni-nogometni-dresi-juventus","14":"product_tag-poceni-nogometni-dresi-juventus-z-lastnim-imenom-online","15":"product_tag-poceni-otroski-nogometni-dresi-juventus-z-lastnim-imenom","16":"product_tag-slovenski-nogometni-dresi","18":"first","19":"instock","20":"shipping-taxable","21":"purchasable","22":"product-type-variable"},"_links":{"self":[{"href":"https:\/\/www.nogometnizaotroke.com\/hr\/wp-json\/wp\/v2\/product\/15977","targetHints":{"allow":["GET"]}}],"collection":[{"href":"https:\/\/www.nogometnizaotroke.com\/hr\/wp-json\/wp\/v2\/product"}],"about":[{"href":"https:\/\/www.nogometnizaotroke.com\/hr\/wp-json\/wp\/v2\/types\/product"}],"replies":[{"embeddable":true,"href":"https:\/\/www.nogometnizaotroke.com\/hr\/wp-json\/wp\/v2\/comments?post=15977"}],"wp:featuredmedia":[{"embeddable":true,"href":"https:\/\/www.nogometnizaotroke.com\/hr\/wp-json\/wp\/v2\/media\/15979"}],"wp:attachment":[{"href":"https:\/\/www.nogometnizaotroke.com\/hr\/wp-json\/wp\/v2\/media?parent=15977"}],"wp:term":[{"taxonomy":"product_brand","embeddable":true,"href":"https:\/\/www.nogometnizaotroke.com\/hr\/wp-json\/wp\/v2\/product_brand?post=15977"},{"taxonomy":"product_cat","embeddable":true,"href":"https:\/\/www.nogometnizaotroke.com\/hr\/wp-json\/wp\/v2\/product_cat?post=15977"},{"taxonomy":"product_tag","embeddable":true,"href":"https:\/\/www.nogometnizaotroke.com\/hr\/wp-json\/wp\/v2\/product_tag?post=15977"}],"curies":[{"name":"wp","href":"https:\/\/api.w.org\/{rel}","templated":true}]}}