{"id":15962,"date":"2024-08-17T10:06:26","date_gmt":"2024-08-17T10:06:26","guid":{"rendered":"https:\/\/www.nogometnionline.com\/?post_type=product&#038;p=15962"},"modified":"2024-08-17T10:06:31","modified_gmt":"2024-08-17T10:06:31","slug":"moske-nogometnih-dresov-manchester-city-tretji-2024-25-phil-foden-47","status":"publish","type":"product","link":"https:\/\/www.nogometnizaotroke.com\/hr\/product\/moske-nogometnih-dresov-manchester-city-tretji-2024-25-phil-foden-47\/","title":{"rendered":"Mo\u0161ke Nogometnih dresov Manchester City Tretji 2024-25 Phil Foden 47"},"content":{"rendered":"<p>Barvna kombinacija dresa za goste Manchester City 2024-25 spominja na dres za goste Ambro 2012-13. Gostujo\u010di dres Manchester City 24-25 s svetlo zlatimi logotipi. Na sprednji strani je velik grafi\u010dni dizajn v temneje Bordon barvi, navdihnjen z elementi grba Manchester City, ki predstavlja preteklost, sedanjost in prihodnost kluba.<\/p>\n<p>Nasveti za nogavice: Majica ne vsebuje nogavic privzeto. \u010ce \u017eelite nogavice, izberite mo\u017enosti nogavic, da jih pla\u010date.<\/p>\n<p>Nasveti za tiskom: \u010ce sta ime in \u0161tevilka na sliki natanko to, kar \u017eelite, vam tega ni treba ve\u010d vna\u0161ati. \u010ce ni, potem vnesite \u017eeleno ime in \u0161tevilko.<\/p>\n<p>Nasveti za pranje: Priporo\u010dljivo je, da nogometni dresi operete ro\u010dno. \u010ce \u017eelite uporabiti pralni stroj, ne pozabite obrniti majice in jo nato oprati. In napolnite stroj s hladno vodo in uporabite ne\u017een cikel pranja, da boste bolj za\u0161\u010ditili barve.<\/p>","protected":false},"excerpt":{"rendered":"<p>Barvna kombinacija dresa za goste Manchester City 2024-25 spominja na dres za goste Ambro 2012-13. Gostujo\u010di dres Manchester City 24-25 s svetlo zlatimi logotipi. Na sprednji strani je velik grafi\u010dni dizajn v temneje Bordon barvi, navdihnjen z elementi grba Manchester City, ki predstavlja preteklost, sedanjost in prihodnost kluba. Nasveti za nogavice: Majica ne vsebuje nogavic [&hellip;]<\/p>","protected":false},"featured_media":15964,"comment_status":"open","ping_status":"closed","template":"","meta":[],"product_brand":[],"product_cat":[140,44],"product_tag":[483,883,938,150,153,1176,898,148,1175,1174,147],"class_list":{"0":"post-15962","1":"product","2":"type-product","3":"status-publish","4":"has-post-thumbnail","6":"product_cat-moski","7":"product_cat-nogometni-dresi-manchester-city","8":"product_tag-dresi-manchester-city-za-otroke","9":"product_tag-manchester-city-dresi-2024","10":"product_tag-manchester-city-z-lastnim-imenom-online","11":"product_tag-moski-nogometni-dresi","12":"product_tag-nogometni-dresi","13":"product_tag-nogometni-dresi-manchester-city-z-lastnim-imenom","14":"product_tag-phil-foden-dresi","15":"product_tag-poceni-nogometni-dresi","16":"product_tag-poceni-nogometni-dresi-manchester-city","17":"product_tag-poceni-nogometni-dresi-ruben-dias","18":"product_tag-slovenski-nogometni-dresi","20":"first","21":"instock","22":"shipping-taxable","23":"purchasable","24":"product-type-variable"},"_links":{"self":[{"href":"https:\/\/www.nogometnizaotroke.com\/hr\/wp-json\/wp\/v2\/product\/15962","targetHints":{"allow":["GET"]}}],"collection":[{"href":"https:\/\/www.nogometnizaotroke.com\/hr\/wp-json\/wp\/v2\/product"}],"about":[{"href":"https:\/\/www.nogometnizaotroke.com\/hr\/wp-json\/wp\/v2\/types\/product"}],"replies":[{"embeddable":true,"href":"https:\/\/www.nogometnizaotroke.com\/hr\/wp-json\/wp\/v2\/comments?post=15962"}],"wp:featuredmedia":[{"embeddable":true,"href":"https:\/\/www.nogometnizaotroke.com\/hr\/wp-json\/wp\/v2\/media\/15964"}],"wp:attachment":[{"href":"https:\/\/www.nogometnizaotroke.com\/hr\/wp-json\/wp\/v2\/media?parent=15962"}],"wp:term":[{"taxonomy":"product_brand","embeddable":true,"href":"https:\/\/www.nogometnizaotroke.com\/hr\/wp-json\/wp\/v2\/product_brand?post=15962"},{"taxonomy":"product_cat","embeddable":true,"href":"https:\/\/www.nogometnizaotroke.com\/hr\/wp-json\/wp\/v2\/product_cat?post=15962"},{"taxonomy":"product_tag","embeddable":true,"href":"https:\/\/www.nogometnizaotroke.com\/hr\/wp-json\/wp\/v2\/product_tag?post=15962"}],"curies":[{"name":"wp","href":"https:\/\/api.w.org\/{rel}","templated":true}]}}