{"id":15676,"date":"2024-08-14T04:47:28","date_gmt":"2024-08-14T04:47:28","guid":{"rendered":"https:\/\/www.nogometnionline.com\/?post_type=product&#038;p=15676"},"modified":"2024-08-14T04:47:33","modified_gmt":"2024-08-14T04:47:33","slug":"poceni-moski-nogometni-dresi-kompleti-real-madrid-domaci-2024-25-tisk-joselu-14","status":"publish","type":"product","link":"https:\/\/www.nogometnizaotroke.com\/hr\/product\/poceni-moski-nogometni-dresi-kompleti-real-madrid-domaci-2024-25-tisk-joselu-14\/","title":{"rendered":"Poceni Mo\u0161ki Nogometni dresi kompleti Real Madrid Doma\u010di 2024-25 tisk Joselu 14"},"content":{"rendered":"<p>Jasno bela majica je bila za\u0161\u010ditni znak kluba skozi celotno okra\u0161eno zgodovino, stil, ki ga obo\u017eujejo verniki Igralec Real Madrid in ga nosijo nekateri najve\u010dji igralci, ki so kdaj krasili nogometno igri\u0161\u010de. Zdaj, ko Real Madrid pozdravlja novo dobo razburljivih talentov, se dizajn 2024\/25 vra\u010da h koreninam kluba z minimalisti\u010dno estetiko, ki se poklanja trajni zapu\u0161\u010dini in naklonjenosti, ki jo imajo vsi tisti, ki so povezani s klubom, do bele barve.<\/p>\n<p>Nasveti za nogavice: Majica ne vsebuje nogavic privzeto. \u010ce \u017eelite nogavice, izberite mo\u017enosti nogavic, da jih pla\u010date.<\/p>\n<p>Nasveti za tiskom: \u010ce sta ime in \u0161tevilka na sliki natanko to, kar \u017eelite, vam tega ni treba ve\u010d vna\u0161ati. \u010ce ni, potem vnesite \u017eeleno ime in \u0161tevilko.<\/p>\n<p>Nasveti za pranje: Priporo\u010dljivo je, da nogometni dresi operete ro\u010dno. \u010ce \u017eelite uporabiti pralni stroj, ne pozabite obrniti majice in jo nato oprati. In napolnite stroj s hladno vodo in uporabite ne\u017een cikel pranja, da boste bolj za\u0161\u010ditili barve.<\/p>","protected":false},"excerpt":{"rendered":"<p>Jasno bela majica je bila za\u0161\u010ditni znak kluba skozi celotno okra\u0161eno zgodovino, stil, ki ga obo\u017eujejo verniki Igralec Real Madrid in ga nosijo nekateri najve\u010dji igralci, ki so kdaj krasili nogometno igri\u0161\u010de. Zdaj, ko Real Madrid pozdravlja novo dobo razburljivih talentov, se dizajn 2024\/25 vra\u010da h koreninam kluba z minimalisti\u010dno estetiko, ki se poklanja trajni [&hellip;]<\/p>","protected":false},"featured_media":15678,"comment_status":"open","ping_status":"closed","template":"","meta":[],"product_brand":[],"product_cat":[140,33],"product_tag":[290,837,464,1114,463,148,1113,751,147],"class_list":{"0":"post-15676","1":"product","2":"type-product","3":"status-publish","4":"has-post-thumbnail","6":"product_cat-moski","7":"product_cat-nogometni-dresi-real-madrid","8":"product_tag-dresi-real-madrid-za-otroke","9":"product_tag-dresi-za-nogomet","10":"product_tag-nogometni-dresi-real-madrid-prodaja","11":"product_tag-nogometni-dresi-real-madrid-z-lastnim-imenom","12":"product_tag-nogometni-dresi-real-madrid-z-lastnim-tiskom","13":"product_tag-poceni-nogometni-dresi","14":"product_tag-poceni-nogometni-dresi-real-madrid","15":"product_tag-real-madrid-dresi-2024","16":"product_tag-slovenski-nogometni-dresi","18":"first","19":"instock","20":"shipping-taxable","21":"purchasable","22":"product-type-variable"},"_links":{"self":[{"href":"https:\/\/www.nogometnizaotroke.com\/hr\/wp-json\/wp\/v2\/product\/15676","targetHints":{"allow":["GET"]}}],"collection":[{"href":"https:\/\/www.nogometnizaotroke.com\/hr\/wp-json\/wp\/v2\/product"}],"about":[{"href":"https:\/\/www.nogometnizaotroke.com\/hr\/wp-json\/wp\/v2\/types\/product"}],"replies":[{"embeddable":true,"href":"https:\/\/www.nogometnizaotroke.com\/hr\/wp-json\/wp\/v2\/comments?post=15676"}],"wp:featuredmedia":[{"embeddable":true,"href":"https:\/\/www.nogometnizaotroke.com\/hr\/wp-json\/wp\/v2\/media\/15678"}],"wp:attachment":[{"href":"https:\/\/www.nogometnizaotroke.com\/hr\/wp-json\/wp\/v2\/media?parent=15676"}],"wp:term":[{"taxonomy":"product_brand","embeddable":true,"href":"https:\/\/www.nogometnizaotroke.com\/hr\/wp-json\/wp\/v2\/product_brand?post=15676"},{"taxonomy":"product_cat","embeddable":true,"href":"https:\/\/www.nogometnizaotroke.com\/hr\/wp-json\/wp\/v2\/product_cat?post=15676"},{"taxonomy":"product_tag","embeddable":true,"href":"https:\/\/www.nogometnizaotroke.com\/hr\/wp-json\/wp\/v2\/product_tag?post=15676"}],"curies":[{"name":"wp","href":"https:\/\/api.w.org\/{rel}","templated":true}]}}