{"id":15300,"date":"2024-08-04T03:11:48","date_gmt":"2024-08-04T03:11:48","guid":{"rendered":"https:\/\/www.nogometnionline.com\/?post_type=product&#038;p=15300"},"modified":"2024-08-04T03:11:53","modified_gmt":"2024-08-04T03:11:53","slug":"moski-nogometni-dresi-kompleti-aston-villa-domaci-2024-25-z-lastnim-imenom","status":"publish","type":"product","link":"https:\/\/www.nogometnizaotroke.com\/hr\/product\/moski-nogometni-dresi-kompleti-aston-villa-domaci-2024-25-z-lastnim-imenom\/","title":{"rendered":"Mo\u0161ki Nogometni dresi Kompleti Aston Villa Doma\u010di 2024-25 z lastnim imenom"},"content":{"rendered":"<p>Dizajn Doma\u010di dresi 2024\/25 je prefinjen naklon bogati zgodovini Aston Villa. Poseben simbol \u201cAV 150\u201d je elegantno prikazan v kaligrafiji na hrbtni strani majice, s \u010dimer se pokloni stoletju in pol zapu\u0161\u010dini kluba. Ta premi\u0161ljena vklju\u010ditev doda sodobnemu dizajnu pridih dedi\u0161\u010dine, zaradi \u010desar je primeren poklon za tako pomemben mejnik.Doma\u010di dres 24\/25 dopolnjujejo enobarvne bele kratke hla\u010de in zna\u010dilne modre nogavice, ki ohranjajo tradicionalno barvno shemo Aston Villa. Novi klubski grb ponosno krasi dres in simbolizira nenehen razvoj kluba.Poleg tega ima komplet ikoni\u010dno znamko s tremi \u010drtami na ramenih in okoli ovratnika, ki brezhibno zdru\u017euje tradicijo s sodobnim stilom. Napis \u201c1874\u201d \u0161e dodatno obele\u017euje leto ustanovitve kluba in krepi globoko zakoreninjeno zgodovino, ki jo praznuje ta komplet.<\/p>\n<p>Nasveti za nogavice: Majica ne vsebuje nogavic privzeto. \u010ce \u017eelite nogavice, izberite mo\u017enosti nogavic, da jih pla\u010date.<\/p>\n<p>Nasveti za tiskom: \u010ce sta ime in \u0161tevilka na sliki natanko to, kar \u017eelite, vam tega ni treba ve\u010d vna\u0161ati. \u010ce ni, potem vnesite \u017eeleno ime in \u0161tevilko.<\/p>\n<p>Nasveti za pranje: Priporo\u010dljivo je, da nogometni dresi operete ro\u010dno. \u010ce \u017eelite uporabiti pralni stroj, ne pozabite obrniti majice in jo nato oprati. In napolnite stroj s hladno vodo in uporabite ne\u017een cikel pranja, da boste bolj za\u0161\u010ditili barve.<\/p>","protected":false},"excerpt":{"rendered":"<p>Dizajn Doma\u010di dresi 2024\/25 je prefinjen naklon bogati zgodovini Aston Villa. Poseben simbol \u201cAV 150\u201d je elegantno prikazan v kaligrafiji na hrbtni strani majice, s \u010dimer se pokloni stoletju in pol zapu\u0161\u010dini kluba. Ta premi\u0161ljena vklju\u010ditev doda sodobnemu dizajnu pridih dedi\u0161\u010dine, zaradi \u010desar je primeren poklon za tako pomemben mejnik.Doma\u010di dres 24\/25 dopolnjujejo enobarvne bele [&hellip;]<\/p>","protected":false},"featured_media":15302,"comment_status":"open","ping_status":"closed","template":"","meta":[],"product_brand":[],"product_cat":[140,66],"product_tag":[1073,150,153,693,148,1075,147],"class_list":{"0":"post-15300","1":"product","2":"type-product","3":"status-publish","4":"has-post-thumbnail","6":"product_cat-moski","7":"product_cat-nogometni-dresi-aston-villa","8":"product_tag-dresi-aston-villa-za-otroke","9":"product_tag-moski-nogometni-dresi","10":"product_tag-nogometni-dresi","11":"product_tag-nogometni-dresi-aston-villa-z-lastnim-imenom","12":"product_tag-poceni-nogometni-dresi","13":"product_tag-poceni-nogometni-dresi-aston-villa","14":"product_tag-slovenski-nogometni-dresi","16":"first","17":"instock","18":"shipping-taxable","19":"purchasable","20":"product-type-variable"},"_links":{"self":[{"href":"https:\/\/www.nogometnizaotroke.com\/hr\/wp-json\/wp\/v2\/product\/15300","targetHints":{"allow":["GET"]}}],"collection":[{"href":"https:\/\/www.nogometnizaotroke.com\/hr\/wp-json\/wp\/v2\/product"}],"about":[{"href":"https:\/\/www.nogometnizaotroke.com\/hr\/wp-json\/wp\/v2\/types\/product"}],"replies":[{"embeddable":true,"href":"https:\/\/www.nogometnizaotroke.com\/hr\/wp-json\/wp\/v2\/comments?post=15300"}],"wp:featuredmedia":[{"embeddable":true,"href":"https:\/\/www.nogometnizaotroke.com\/hr\/wp-json\/wp\/v2\/media\/15302"}],"wp:attachment":[{"href":"https:\/\/www.nogometnizaotroke.com\/hr\/wp-json\/wp\/v2\/media?parent=15300"}],"wp:term":[{"taxonomy":"product_brand","embeddable":true,"href":"https:\/\/www.nogometnizaotroke.com\/hr\/wp-json\/wp\/v2\/product_brand?post=15300"},{"taxonomy":"product_cat","embeddable":true,"href":"https:\/\/www.nogometnizaotroke.com\/hr\/wp-json\/wp\/v2\/product_cat?post=15300"},{"taxonomy":"product_tag","embeddable":true,"href":"https:\/\/www.nogometnizaotroke.com\/hr\/wp-json\/wp\/v2\/product_tag?post=15300"}],"curies":[{"name":"wp","href":"https:\/\/api.w.org\/{rel}","templated":true}]}}