{"id":15182,"date":"2024-08-01T07:24:41","date_gmt":"2024-08-01T07:24:41","guid":{"rendered":"https:\/\/www.nogometnionline.com\/?post_type=product&#038;p=15182"},"modified":"2024-08-01T07:24:46","modified_gmt":"2024-08-01T07:24:46","slug":"poceni-moski-nogometni-dresi-ajax-domaci-2024-25-bela-rdeca-van-den-boomen-21","status":"publish","type":"product","link":"https:\/\/www.nogometnizaotroke.com\/hr\/product\/poceni-moski-nogometni-dresi-ajax-domaci-2024-25-bela-rdeca-van-den-boomen-21\/","title":{"rendered":"Poceni Mo\u0161ki Nogometni dresi Ajax Doma\u010di 2024-25 bela rde\u010da Van Den Boomen 21"},"content":{"rendered":"<p>Majica Nogometni dresi Ajax Doma\u010di 2024-2025 se zgleduje po klubskih polo majicah z ovratnikom iz devetdesetih in dvajsetega stoletja. Ve\u010dinoma je bel z ikoni\u010dno veliko rde\u010do \u010drto spredaj in rde\u010dim polo ovratnikom.<br \/>\nMinimalisti\u010den, klasi\u010den videz je \u0161e posebej poklon ekipi ekipe Super Invincible iz leta 1995. V sezoni 1994-95 je Ajax zmagal v Eredivisie in Ligi prvakov brez ene same izgubljene tekme.<\/p>\n<p>Nasveti za nogavice: Majica ne vsebuje nogavic privzeto. \u010ce \u017eelite nogavice, izberite mo\u017enosti nogavic, da jih pla\u010date.<\/p>\n<p>Nasveti za tiskom: \u010ce sta ime in \u0161tevilka na sliki natanko to, kar \u017eelite, vam tega ni treba ve\u010d vna\u0161ati. \u010ce ni, potem vnesite \u017eeleno ime in \u0161tevilko.<\/p>\n<p>Nasveti za pranje: Priporo\u010dljivo je, da nogometni dresi operete ro\u010dno. \u010ce \u017eelite uporabiti pralni stroj, ne pozabite obrniti majice in jo nato oprati. In napolnite stroj s hladno vodo in uporabite ne\u017een cikel pranja, da boste bolj za\u0161\u010ditili barve.<\/p>","protected":false},"excerpt":{"rendered":"<p>Majica Nogometni dresi Ajax Doma\u010di 2024-2025 se zgleduje po klubskih polo majicah z ovratnikom iz devetdesetih in dvajsetega stoletja. Ve\u010dinoma je bel z ikoni\u010dno veliko rde\u010do \u010drto spredaj in rde\u010dim polo ovratnikom. Minimalisti\u010den, klasi\u010den videz je \u0161e posebej poklon ekipi ekipe Super Invincible iz leta 1995. V sezoni 1994-95 je Ajax zmagal v Eredivisie in [&hellip;]<\/p>","protected":false},"featured_media":15184,"comment_status":"open","ping_status":"closed","template":"","meta":[],"product_brand":[],"product_cat":[140,57],"product_tag":[1022,150,1023,153,1028,148,1027,147,1033],"class_list":{"0":"post-15182","1":"product","2":"type-product","3":"status-publish","4":"has-post-thumbnail","6":"product_cat-moski","7":"product_cat-nogometni-dresi-ajax","8":"product_tag-moski-dresi-ajax-z-lastnim-imenom","9":"product_tag-moski-nogometni-dresi","10":"product_tag-moski-nogometni-dresi-ajax","11":"product_tag-nogometni-dresi","12":"product_tag-nogometni-dresi-ajax-z-lastnim-imenom","13":"product_tag-poceni-nogometni-dresi","14":"product_tag-poceni-nogometni-dresi-ajax","15":"product_tag-slovenski-nogometni-dresi","16":"product_tag-van-den-boomen-dresi","18":"first","19":"instock","20":"shipping-taxable","21":"purchasable","22":"product-type-variable"},"_links":{"self":[{"href":"https:\/\/www.nogometnizaotroke.com\/hr\/wp-json\/wp\/v2\/product\/15182","targetHints":{"allow":["GET"]}}],"collection":[{"href":"https:\/\/www.nogometnizaotroke.com\/hr\/wp-json\/wp\/v2\/product"}],"about":[{"href":"https:\/\/www.nogometnizaotroke.com\/hr\/wp-json\/wp\/v2\/types\/product"}],"replies":[{"embeddable":true,"href":"https:\/\/www.nogometnizaotroke.com\/hr\/wp-json\/wp\/v2\/comments?post=15182"}],"wp:featuredmedia":[{"embeddable":true,"href":"https:\/\/www.nogometnizaotroke.com\/hr\/wp-json\/wp\/v2\/media\/15184"}],"wp:attachment":[{"href":"https:\/\/www.nogometnizaotroke.com\/hr\/wp-json\/wp\/v2\/media?parent=15182"}],"wp:term":[{"taxonomy":"product_brand","embeddable":true,"href":"https:\/\/www.nogometnizaotroke.com\/hr\/wp-json\/wp\/v2\/product_brand?post=15182"},{"taxonomy":"product_cat","embeddable":true,"href":"https:\/\/www.nogometnizaotroke.com\/hr\/wp-json\/wp\/v2\/product_cat?post=15182"},{"taxonomy":"product_tag","embeddable":true,"href":"https:\/\/www.nogometnizaotroke.com\/hr\/wp-json\/wp\/v2\/product_tag?post=15182"}],"curies":[{"name":"wp","href":"https:\/\/api.w.org\/{rel}","templated":true}]}}