{"id":15100,"date":"2024-07-30T10:05:47","date_gmt":"2024-07-30T10:05:47","guid":{"rendered":"https:\/\/www.nogometnionline.com\/?post_type=product&#038;p=15100"},"modified":"2024-07-30T10:05:51","modified_gmt":"2024-07-30T10:05:51","slug":"najcenejsi-otroske-nogometnih-dresov-athletic-bilbao-domaci-2024-2025","status":"publish","type":"product","link":"https:\/\/www.nogometnizaotroke.com\/hr\/product\/najcenejsi-otroske-nogometnih-dresov-athletic-bilbao-domaci-2024-2025\/","title":{"rendered":"Najcenej\u0161i Otro\u0161ke Nogometnih dresov Athletic Bilbao Doma\u010di 2024 2025"},"content":{"rendered":"<p>Doma\u010di dres Athletic Bilbao 2024-25 ima tradicionalno klasi\u010dno zasnovo rde\u010dih in belih \u010drt, s subtilnim vzorcem znotraj rde\u010dih \u010drt.Ta grafika se zgleduje po Brigadni pala\u010di, simbolu identitete kluba, ki je znan po svoji me\u0161anici zgodovinske in moderne arhitekture.Okrogel ovratnik je spredaj bel, zadaj pa \u010drn. Zgornji del hrbta vklju\u010duje grafiko, ki zdru\u017euje baskovsko zastavo z emblemom leva.<\/p>\n<p>Nasveti za nogavice: Majica ne vsebuje nogavic privzeto. \u010ce \u017eelite nogavice, izberite mo\u017enosti nogavic, da jih pla\u010date.<\/p>\n<p>Nasveti za tiskom: \u010ce sta ime in \u0161tevilka na sliki natanko to, kar \u017eelite, vam tega ni treba ve\u010d vna\u0161ati. \u010ce ni, potem vnesite \u017eeleno ime in \u0161tevilko.<\/p>\n<p>Nasveti za pranje: Priporo\u010dljivo je, da nogometni dresi operete ro\u010dno. \u010ce \u017eelite uporabiti pralni stroj, ne pozabite obrniti majice in jo nato oprati. In napolnite stroj s hladno vodo in uporabite ne\u017een cikel pranja, da boste bolj za\u0161\u010ditili barve.<\/p>","protected":false},"excerpt":{"rendered":"<p>Doma\u010di dres Athletic Bilbao 2024-25 ima tradicionalno klasi\u010dno zasnovo rde\u010dih in belih \u010drt, s subtilnim vzorcem znotraj rde\u010dih \u010drt.Ta grafika se zgleduje po Brigadni pala\u010di, simbolu identitete kluba, ki je znan po svoji me\u0161anici zgodovinske in moderne arhitekture.Okrogel ovratnik je spredaj bel, zadaj pa \u010drn. Zgornji del hrbta vklju\u010duje grafiko, ki zdru\u017euje baskovsko zastavo z [&hellip;]<\/p>","protected":false},"featured_media":15102,"comment_status":"open","ping_status":"closed","template":"","meta":[],"product_brand":[],"product_cat":[73,52],"product_tag":[1025,220,1026,159,1024],"class_list":{"0":"post-15100","1":"product","2":"type-product","3":"status-publish","4":"has-post-thumbnail","6":"product_cat-otroski","7":"product_cat-nogometni-dresi-athletic-bilbao","8":"product_tag-dresi-athletic-bilbao-za-otroke","9":"product_tag-nogometni-dresi-za-otroke","10":"product_tag-otroski-dresi-athletic-bilbao-z-lastnim-imenom","11":"product_tag-otroski-nogometni-dresi","12":"product_tag-otroski-nogometni-dresi-athletic-bilbao","14":"first","15":"instock","16":"shipping-taxable","17":"purchasable","18":"product-type-variable"},"_links":{"self":[{"href":"https:\/\/www.nogometnizaotroke.com\/hr\/wp-json\/wp\/v2\/product\/15100","targetHints":{"allow":["GET"]}}],"collection":[{"href":"https:\/\/www.nogometnizaotroke.com\/hr\/wp-json\/wp\/v2\/product"}],"about":[{"href":"https:\/\/www.nogometnizaotroke.com\/hr\/wp-json\/wp\/v2\/types\/product"}],"replies":[{"embeddable":true,"href":"https:\/\/www.nogometnizaotroke.com\/hr\/wp-json\/wp\/v2\/comments?post=15100"}],"wp:featuredmedia":[{"embeddable":true,"href":"https:\/\/www.nogometnizaotroke.com\/hr\/wp-json\/wp\/v2\/media\/15102"}],"wp:attachment":[{"href":"https:\/\/www.nogometnizaotroke.com\/hr\/wp-json\/wp\/v2\/media?parent=15100"}],"wp:term":[{"taxonomy":"product_brand","embeddable":true,"href":"https:\/\/www.nogometnizaotroke.com\/hr\/wp-json\/wp\/v2\/product_brand?post=15100"},{"taxonomy":"product_cat","embeddable":true,"href":"https:\/\/www.nogometnizaotroke.com\/hr\/wp-json\/wp\/v2\/product_cat?post=15100"},{"taxonomy":"product_tag","embeddable":true,"href":"https:\/\/www.nogometnizaotroke.com\/hr\/wp-json\/wp\/v2\/product_tag?post=15100"}],"curies":[{"name":"wp","href":"https:\/\/api.w.org\/{rel}","templated":true}]}}