{"id":14790,"date":"2024-07-23T03:05:59","date_gmt":"2024-07-23T03:05:59","guid":{"rendered":"https:\/\/www.nogometnionline.com\/?post_type=product&#038;p=14790"},"modified":"2024-07-23T03:13:33","modified_gmt":"2024-07-23T03:13:33","slug":"moski-nogometni-dresi-portugalska-reprezentance-domaci-euro-2024-rdeca","status":"publish","type":"product","link":"https:\/\/www.nogometnizaotroke.com\/hr\/product\/moski-nogometni-dresi-portugalska-reprezentance-domaci-euro-2024-rdeca\/","title":{"rendered":"Mo\u0161ki Nogometni dresi Portugalska Reprezentance Doma\u010di Euro 2024 rde\u010da"},"content":{"rendered":"<p>Doma\u010di dres Portugalske na EP 2024 ima klasi\u010dno rde\u010do barvo dr\u017eave, vendar v kombinaciji z drugimi barvami kot v zadnjih nekaj letih. Ve\u010dinoma je rde\u010da, v kombinaciji z zelenimi in \u010drnimi aplikacijami ter svetlo be\u017e za Samos, pa tudi imena in \u0161tevilke.Portugalska doma\u010da garnitura za Euro 2024 ima \u010drn zamaknjen ovratnik z zelenimi detajli \u2013 to je enak zamaknjeni ovratnik, kot ga vidimo na dresih Francije za doma\u010do tekmo in nizozemskega Euro 2024 v gosteh. \u010crna\/zelena je uporabljena tudi za man\u0161ete rokavov in stranske stranice.<\/p>\n<p>Nasveti za nogavice: Majica ne vsebuje nogavic privzeto. \u010ce \u017eelite nogavice, izberite mo\u017enosti nogavic, da jih pla\u010date.<\/p>\n<p>Nasveti za tiskom: \u010ce sta ime in \u0161tevilka na sliki natanko to, kar \u017eelite, vam tega ni treba ve\u010d vna\u0161ati. \u010ce ni, potem vnesite \u017eeleno ime in \u0161tevilko.<\/p>\n<p>Nasveti za pranje: Priporo\u010dljivo je, da nogometni dresi operete ro\u010dno. \u010ce \u017eelite uporabiti pralni stroj, ne pozabite obrniti majice in jo nato oprati. In napolnite stroj s hladno vodo in uporabite ne\u017een cikel pranja, da boste bolj za\u0161\u010ditili barve.<\/p>","protected":false},"excerpt":{"rendered":"<p>Doma\u010di dres Portugalske na EP 2024 ima klasi\u010dno rde\u010do barvo dr\u017eave, vendar v kombinaciji z drugimi barvami kot v zadnjih nekaj letih. Ve\u010dinoma je rde\u010da, v kombinaciji z zelenimi in \u010drnimi aplikacijami ter svetlo be\u017e za Samos, pa tudi imena in \u0161tevilke.Portugalska doma\u010da garnitura za Euro 2024 ima \u010drn zamaknjen ovratnik z zelenimi detajli \u2013 [&hellip;]<\/p>","protected":false},"featured_media":14792,"comment_status":"open","ping_status":"closed","template":"","meta":[],"product_brand":[],"product_cat":[778,140,84],"product_tag":[782,150,153,768,148,791,147],"class_list":{"0":"post-14790","1":"product","2":"type-product","3":"status-publish","4":"has-post-thumbnail","6":"product_cat-euro-2024","7":"product_cat-moski","8":"product_cat-dresi-portugalska-reprezentance","9":"product_tag-euro-2024-dresi","10":"product_tag-moski-nogometni-dresi","11":"product_tag-nogometni-dresi","12":"product_tag-poceni-moski-nogometni-dresi","13":"product_tag-poceni-nogometni-dresi","14":"product_tag-portugalska-euro-2024-dresi","15":"product_tag-slovenski-nogometni-dresi","17":"first","18":"instock","19":"shipping-taxable","20":"purchasable","21":"product-type-variable"},"_links":{"self":[{"href":"https:\/\/www.nogometnizaotroke.com\/hr\/wp-json\/wp\/v2\/product\/14790","targetHints":{"allow":["GET"]}}],"collection":[{"href":"https:\/\/www.nogometnizaotroke.com\/hr\/wp-json\/wp\/v2\/product"}],"about":[{"href":"https:\/\/www.nogometnizaotroke.com\/hr\/wp-json\/wp\/v2\/types\/product"}],"replies":[{"embeddable":true,"href":"https:\/\/www.nogometnizaotroke.com\/hr\/wp-json\/wp\/v2\/comments?post=14790"}],"wp:featuredmedia":[{"embeddable":true,"href":"https:\/\/www.nogometnizaotroke.com\/hr\/wp-json\/wp\/v2\/media\/14792"}],"wp:attachment":[{"href":"https:\/\/www.nogometnizaotroke.com\/hr\/wp-json\/wp\/v2\/media?parent=14790"}],"wp:term":[{"taxonomy":"product_brand","embeddable":true,"href":"https:\/\/www.nogometnizaotroke.com\/hr\/wp-json\/wp\/v2\/product_brand?post=14790"},{"taxonomy":"product_cat","embeddable":true,"href":"https:\/\/www.nogometnizaotroke.com\/hr\/wp-json\/wp\/v2\/product_cat?post=14790"},{"taxonomy":"product_tag","embeddable":true,"href":"https:\/\/www.nogometnizaotroke.com\/hr\/wp-json\/wp\/v2\/product_tag?post=14790"}],"curies":[{"name":"wp","href":"https:\/\/api.w.org\/{rel}","templated":true}]}}