{"id":14749,"date":"2024-07-22T04:33:26","date_gmt":"2024-07-22T04:33:26","guid":{"rendered":"https:\/\/www.nogometnionline.com\/?post_type=product&#038;p=14749"},"modified":"2024-07-22T04:33:31","modified_gmt":"2024-07-22T04:33:31","slug":"poceni-moski-nogometni-dresi-euro-2024-italija-domaci-em-2024-dolgi-rokav","status":"publish","type":"product","link":"https:\/\/www.nogometnizaotroke.com\/hr\/product\/poceni-moski-nogometni-dresi-euro-2024-italija-domaci-em-2024-dolgi-rokav\/","title":{"rendered":"Poceni Mo\u0161ki Nogometni dresi Euro 2024 Italija Doma\u010di EM 2024 Dolgi Rokav"},"content":{"rendered":"<p>Doma\u010di dres Italije 2024 ima kombinacijo modre in bele s tribarvnimi tremi \u010drtami, kar je najbolj izjemna zna\u010dilnost kompleta.Komplet za dom Italija 2024 ima vzorec, ki spominja na \u010drko \u201cI\u201d iz Italije. Vzorec je lahko neposreden del vrhunskega Hesta. \u017earek material je verjetno uporabljen za vse komplete 2024, ne samo za Italijo.<\/p>\n<p>Nasveti za nogavice: Majica ne vsebuje nogavic privzeto. \u010ce \u017eelite nogavice, izberite mo\u017enosti nogavic, da jih pla\u010date.<\/p>\n<p>Nasveti za tiskom: \u010ce sta ime in \u0161tevilka na sliki natanko to, kar \u017eelite, vam tega ni treba ve\u010d vna\u0161ati. \u010ce ni, potem vnesite \u017eeleno ime in \u0161tevilko.<\/p>\n<p>Nasveti za pranje: Priporo\u010dljivo je, da nogometni dresi operete ro\u010dno. \u010ce \u017eelite uporabiti pralni stroj, ne pozabite obrniti majice in jo nato oprati. In napolnite stroj s hladno vodo in uporabite ne\u017een cikel pranja, da boste bolj za\u0161\u010ditili barve.<\/p>","protected":false},"excerpt":{"rendered":"<p>Doma\u010di dres Italije 2024 ima kombinacijo modre in bele s tribarvnimi tremi \u010drtami, kar je najbolj izjemna zna\u010dilnost kompleta.Komplet za dom Italija 2024 ima vzorec, ki spominja na \u010drko \u201cI\u201d iz Italije. Vzorec je lahko neposreden del vrhunskega Hesta. \u017earek material je verjetno uporabljen za vse komplete 2024, ne samo za Italijo. Nasveti za nogavice: [&hellip;]<\/p>","protected":false},"featured_media":14751,"comment_status":"open","ping_status":"closed","template":"","meta":[],"product_brand":[],"product_cat":[778,140,87],"product_tag":[802,150,153,148,147],"class_list":{"0":"post-14749","1":"product","2":"type-product","3":"status-publish","4":"has-post-thumbnail","6":"product_cat-euro-2024","7":"product_cat-moski","8":"product_cat-dresi-italija-reprezentance","9":"product_tag-italija-euro-2024-dresi","10":"product_tag-moski-nogometni-dresi","11":"product_tag-nogometni-dresi","12":"product_tag-poceni-nogometni-dresi","13":"product_tag-slovenski-nogometni-dresi","15":"first","16":"instock","17":"shipping-taxable","18":"purchasable","19":"product-type-variable"},"_links":{"self":[{"href":"https:\/\/www.nogometnizaotroke.com\/hr\/wp-json\/wp\/v2\/product\/14749","targetHints":{"allow":["GET"]}}],"collection":[{"href":"https:\/\/www.nogometnizaotroke.com\/hr\/wp-json\/wp\/v2\/product"}],"about":[{"href":"https:\/\/www.nogometnizaotroke.com\/hr\/wp-json\/wp\/v2\/types\/product"}],"replies":[{"embeddable":true,"href":"https:\/\/www.nogometnizaotroke.com\/hr\/wp-json\/wp\/v2\/comments?post=14749"}],"wp:featuredmedia":[{"embeddable":true,"href":"https:\/\/www.nogometnizaotroke.com\/hr\/wp-json\/wp\/v2\/media\/14751"}],"wp:attachment":[{"href":"https:\/\/www.nogometnizaotroke.com\/hr\/wp-json\/wp\/v2\/media?parent=14749"}],"wp:term":[{"taxonomy":"product_brand","embeddable":true,"href":"https:\/\/www.nogometnizaotroke.com\/hr\/wp-json\/wp\/v2\/product_brand?post=14749"},{"taxonomy":"product_cat","embeddable":true,"href":"https:\/\/www.nogometnizaotroke.com\/hr\/wp-json\/wp\/v2\/product_cat?post=14749"},{"taxonomy":"product_tag","embeddable":true,"href":"https:\/\/www.nogometnizaotroke.com\/hr\/wp-json\/wp\/v2\/product_tag?post=14749"}],"curies":[{"name":"wp","href":"https:\/\/api.w.org\/{rel}","templated":true}]}}