{"id":14612,"date":"2024-07-19T12:48:03","date_gmt":"2024-07-19T12:48:03","guid":{"rendered":"https:\/\/www.nogometnionline.com\/?post_type=product&#038;p=14612"},"modified":"2024-07-19T12:48:08","modified_gmt":"2024-07-19T12:48:08","slug":"otroski-nogometni-dresi-kompleti-za-otroke-atletico-madrid-domaci-2024-25","status":"publish","type":"product","link":"https:\/\/www.nogometnizaotroke.com\/hr\/product\/otroski-nogometni-dresi-kompleti-za-otroke-atletico-madrid-domaci-2024-25\/","title":{"rendered":"Otro\u0161ki Nogometni Dresi Kompleti za otroke Atletico Madrid Doma\u010di 2024-25"},"content":{"rendered":"<p>Novi nogometni dres Atl\u00e9tico de Madrid 2024-25 ima edinstven pogled na klasi\u010dne rde\u010de-bele \u010drte kluba. Dres Atl\u00e9tico Madrid 24-25 je ve\u010dinoma rde\u010d\u00a0 z edinstvenimi belimi \u010drtami in modro obrobo na zunanji strani. Znotraj \u010drt se izmenjujejo modre in rde\u010de \u010drte z u\u010dinkom bledenja, ki ustvarjajo edinstven videz.<\/p>\n<p>Majica za doma\u010di nogomet Atleti 24-2025 ima kraljevsko moder logotip z belim robom. Ikoni\u010dni logotip Atl\u00e9tica se vrne na doma\u010di dres Atl\u00e9tico Madrid 24-25, potem ko so \u010dlani glasovali za vrnitev. Ima tudi rumeno obrobo starega grebena.<\/p>\n<p>Nasveti za nogavice: Majica ne vsebuje nogavic privzeto. \u010ce \u017eelite nogavice, izberite mo\u017enosti nogavic, da jih pla\u010date.<\/p>\n<p>Nasveti za tiskom: \u010ce sta ime in \u0161tevilka na sliki natanko to, kar \u017eelite, vam tega ni treba ve\u010d vna\u0161ati. \u010ce ni, potem vnesite \u017eeleno ime in \u0161tevilko.<\/p>\n<p>Nasveti za pranje: Priporo\u010dljivo je, da nogometni dresi operete ro\u010dno. \u010ce \u017eelite uporabiti pralni stroj, ne pozabite obrniti majice in jo nato oprati. In napolnite stroj s hladno vodo in uporabite ne\u017een cikel pranja, da boste bolj za\u0161\u010ditili barve.<\/p>","protected":false},"excerpt":{"rendered":"<p>Novi nogometni dres Atl\u00e9tico de Madrid 2024-25 ima edinstven pogled na klasi\u010dne rde\u010de-bele \u010drte kluba. Dres Atl\u00e9tico Madrid 24-25 je ve\u010dinoma rde\u010d\u00a0 z edinstvenimi belimi \u010drtami in modro obrobo na zunanji strani. Znotraj \u010drt se izmenjujejo modre in rde\u010de \u010drte z u\u010dinkom bledenja, ki ustvarjajo edinstven videz. Majica za doma\u010di nogomet Atleti 24-2025 ima kraljevsko [&hellip;]<\/p>","protected":false},"featured_media":14614,"comment_status":"open","ping_status":"closed","template":"","meta":[],"product_brand":[],"product_cat":[73,41],"product_tag":[999,153,220,1000,159,998,148,147],"class_list":{"0":"post-14612","1":"product","2":"type-product","3":"status-publish","4":"has-post-thumbnail","6":"product_cat-otroski","7":"product_cat-nogometni-dresi-atletico-madrid","8":"product_tag-dresi-atletico-madrid-za-otroke","9":"product_tag-nogometni-dresi","10":"product_tag-nogometni-dresi-za-otroke","11":"product_tag-otroski-dresi-atletico-madrid-z-lastnim-imenom","12":"product_tag-otroski-nogometni-dresi","13":"product_tag-otroski-nogometni-dresi-atletico-madrid","14":"product_tag-poceni-nogometni-dresi","15":"product_tag-slovenski-nogometni-dresi","17":"first","18":"instock","19":"shipping-taxable","20":"purchasable","21":"product-type-variable"},"_links":{"self":[{"href":"https:\/\/www.nogometnizaotroke.com\/hr\/wp-json\/wp\/v2\/product\/14612","targetHints":{"allow":["GET"]}}],"collection":[{"href":"https:\/\/www.nogometnizaotroke.com\/hr\/wp-json\/wp\/v2\/product"}],"about":[{"href":"https:\/\/www.nogometnizaotroke.com\/hr\/wp-json\/wp\/v2\/types\/product"}],"replies":[{"embeddable":true,"href":"https:\/\/www.nogometnizaotroke.com\/hr\/wp-json\/wp\/v2\/comments?post=14612"}],"wp:featuredmedia":[{"embeddable":true,"href":"https:\/\/www.nogometnizaotroke.com\/hr\/wp-json\/wp\/v2\/media\/14614"}],"wp:attachment":[{"href":"https:\/\/www.nogometnizaotroke.com\/hr\/wp-json\/wp\/v2\/media?parent=14612"}],"wp:term":[{"taxonomy":"product_brand","embeddable":true,"href":"https:\/\/www.nogometnizaotroke.com\/hr\/wp-json\/wp\/v2\/product_brand?post=14612"},{"taxonomy":"product_cat","embeddable":true,"href":"https:\/\/www.nogometnizaotroke.com\/hr\/wp-json\/wp\/v2\/product_cat?post=14612"},{"taxonomy":"product_tag","embeddable":true,"href":"https:\/\/www.nogometnizaotroke.com\/hr\/wp-json\/wp\/v2\/product_tag?post=14612"}],"curies":[{"name":"wp","href":"https:\/\/api.w.org\/{rel}","templated":true}]}}