{"id":14608,"date":"2024-07-19T12:40:11","date_gmt":"2024-07-19T12:40:11","guid":{"rendered":"https:\/\/www.nogometnionline.com\/?post_type=product&#038;p=14608"},"modified":"2024-07-19T12:40:17","modified_gmt":"2024-07-19T12:40:17","slug":"poceni-otroske-nogometnih-dresov-arsenal-domaci-rdeca-bela-2024-2025","status":"publish","type":"product","link":"https:\/\/www.nogometnizaotroke.com\/hr\/product\/poceni-otroske-nogometnih-dresov-arsenal-domaci-rdeca-bela-2024-2025\/","title":{"rendered":"Poceni Otro\u0161ke Nogometnih dresov Arsenal Doma\u010di rde\u010da bela 2024 2025"},"content":{"rendered":"<p>Arsenal Doma\u010di dresi 2024-2025 zdru\u017euje klasi\u010dno rde\u010do glavno barvo kluba z belimi logotipi in temno modrimi elementi dizajna.Oblikovno je doma\u010di dres Arsenal 2024-25 precej preprost. Gradi na novi predlogi 2024-25, ki ima zna\u010dilne stranske oznake, ki so v tem primeru modre.<\/p>\n<p>Nasveti za nogavice: Majica ne vsebuje nogavic privzeto. \u010ce \u017eelite nogavice, izberite mo\u017enosti nogavic, da jih pla\u010date.<\/p>\n<p>Nasveti za tiskom: \u010ce sta ime in \u0161tevilka na sliki natanko to, kar \u017eelite, vam tega ni treba ve\u010d vna\u0161ati. \u010ce ni, potem vnesite \u017eeleno ime in \u0161tevilko.<\/p>\n<p>Nasveti za pranje: Priporo\u010dljivo je, da nogometni dresi operete ro\u010dno. \u010ce \u017eelite uporabiti pralni stroj, ne pozabite obrniti majice in jo nato oprati. In napolnite stroj s hladno vodo in uporabite ne\u017een cikel pranja, da boste bolj za\u0161\u010ditili barve.<\/p>","protected":false},"excerpt":{"rendered":"<p>Arsenal Doma\u010di dresi 2024-2025 zdru\u017euje klasi\u010dno rde\u010do glavno barvo kluba z belimi logotipi in temno modrimi elementi dizajna.Oblikovno je doma\u010di dres Arsenal 2024-25 precej preprost. Gradi na novi predlogi 2024-25, ki ima zna\u010dilne stranske oznake, ki so v tem primeru modre. Nasveti za nogavice: Majica ne vsebuje nogavic privzeto. \u010ce \u017eelite nogavice, izberite mo\u017enosti nogavic, [&hellip;]<\/p>","protected":false},"featured_media":14610,"comment_status":"open","ping_status":"closed","template":"","meta":[],"product_brand":[],"product_cat":[73,38],"product_tag":[996,153,220,997,159,995,148,189,147],"class_list":{"0":"post-14608","1":"product","2":"type-product","3":"status-publish","4":"has-post-thumbnail","6":"product_cat-otroski","7":"product_cat-nogometni-dresi-arsenal","8":"product_tag-dresi-arsenal-za-otroke","9":"product_tag-nogometni-dresi","10":"product_tag-nogometni-dresi-za-otroke","11":"product_tag-otroski-dresi-arsenal-z-lastnim-imenom","12":"product_tag-otroski-nogometni-dresi","13":"product_tag-otroski-nogometni-dresi-arsenal","14":"product_tag-poceni-nogometni-dresi","15":"product_tag-poceni-nogometni-dresi-arsenal-z-lastnim-imenom-online","16":"product_tag-slovenski-nogometni-dresi","18":"first","19":"instock","20":"shipping-taxable","21":"purchasable","22":"product-type-variable"},"_links":{"self":[{"href":"https:\/\/www.nogometnizaotroke.com\/hr\/wp-json\/wp\/v2\/product\/14608","targetHints":{"allow":["GET"]}}],"collection":[{"href":"https:\/\/www.nogometnizaotroke.com\/hr\/wp-json\/wp\/v2\/product"}],"about":[{"href":"https:\/\/www.nogometnizaotroke.com\/hr\/wp-json\/wp\/v2\/types\/product"}],"replies":[{"embeddable":true,"href":"https:\/\/www.nogometnizaotroke.com\/hr\/wp-json\/wp\/v2\/comments?post=14608"}],"wp:featuredmedia":[{"embeddable":true,"href":"https:\/\/www.nogometnizaotroke.com\/hr\/wp-json\/wp\/v2\/media\/14610"}],"wp:attachment":[{"href":"https:\/\/www.nogometnizaotroke.com\/hr\/wp-json\/wp\/v2\/media?parent=14608"}],"wp:term":[{"taxonomy":"product_brand","embeddable":true,"href":"https:\/\/www.nogometnizaotroke.com\/hr\/wp-json\/wp\/v2\/product_brand?post=14608"},{"taxonomy":"product_cat","embeddable":true,"href":"https:\/\/www.nogometnizaotroke.com\/hr\/wp-json\/wp\/v2\/product_cat?post=14608"},{"taxonomy":"product_tag","embeddable":true,"href":"https:\/\/www.nogometnizaotroke.com\/hr\/wp-json\/wp\/v2\/product_tag?post=14608"}],"curies":[{"name":"wp","href":"https:\/\/api.w.org\/{rel}","templated":true}]}}