{"id":14321,"date":"2024-07-10T09:03:07","date_gmt":"2024-07-10T09:03:07","guid":{"rendered":"https:\/\/www.nogometnionline.com\/?post_type=product&#038;p=14321"},"modified":"2024-07-10T09:03:11","modified_gmt":"2024-07-10T09:03:11","slug":"poceni-zenski-nogometni-dresi-portugalska-domaci-euro-2024-rdeca-z-lastnim-tiskom","status":"publish","type":"product","link":"https:\/\/www.nogometnizaotroke.com\/hr\/product\/poceni-zenski-nogometni-dresi-portugalska-domaci-euro-2024-rdeca-z-lastnim-tiskom\/","title":{"rendered":"Poceni \u017denski Nogometni dresi Portugalska Doma\u010di Euro 2024 rde\u010da z lastnim tiskom"},"content":{"rendered":"<p>Poceni \u017denski Nogometni dresi Portugalska Doma\u010di Euro 2024 rde\u010da z lastnim tiskom<\/p>","protected":false},"excerpt":{"rendered":"<p>Poceni \u017denski Nogometni dresi Portugalska Doma\u010di Euro 2024 rde\u010da z lastnim tiskom<\/p>","protected":false},"featured_media":14323,"comment_status":"open","ping_status":"closed","template":"","meta":[],"product_brand":[],"product_cat":[778,74,84],"product_tag":[782,153,148,791,147,320],"class_list":{"0":"post-14321","1":"product","2":"type-product","3":"status-publish","4":"has-post-thumbnail","6":"product_cat-euro-2024","7":"product_cat-zenski","8":"product_cat-dresi-portugalska-reprezentance","9":"product_tag-euro-2024-dresi","10":"product_tag-nogometni-dresi","11":"product_tag-poceni-nogometni-dresi","12":"product_tag-portugalska-euro-2024-dresi","13":"product_tag-slovenski-nogometni-dresi","14":"product_tag-zenski-nogometni-dresi","16":"first","17":"instock","18":"shipping-taxable","19":"purchasable","20":"product-type-variable"},"_links":{"self":[{"href":"https:\/\/www.nogometnizaotroke.com\/hr\/wp-json\/wp\/v2\/product\/14321","targetHints":{"allow":["GET"]}}],"collection":[{"href":"https:\/\/www.nogometnizaotroke.com\/hr\/wp-json\/wp\/v2\/product"}],"about":[{"href":"https:\/\/www.nogometnizaotroke.com\/hr\/wp-json\/wp\/v2\/types\/product"}],"replies":[{"embeddable":true,"href":"https:\/\/www.nogometnizaotroke.com\/hr\/wp-json\/wp\/v2\/comments?post=14321"}],"wp:featuredmedia":[{"embeddable":true,"href":"https:\/\/www.nogometnizaotroke.com\/hr\/wp-json\/wp\/v2\/media\/14323"}],"wp:attachment":[{"href":"https:\/\/www.nogometnizaotroke.com\/hr\/wp-json\/wp\/v2\/media?parent=14321"}],"wp:term":[{"taxonomy":"product_brand","embeddable":true,"href":"https:\/\/www.nogometnizaotroke.com\/hr\/wp-json\/wp\/v2\/product_brand?post=14321"},{"taxonomy":"product_cat","embeddable":true,"href":"https:\/\/www.nogometnizaotroke.com\/hr\/wp-json\/wp\/v2\/product_cat?post=14321"},{"taxonomy":"product_tag","embeddable":true,"href":"https:\/\/www.nogometnizaotroke.com\/hr\/wp-json\/wp\/v2\/product_tag?post=14321"}],"curies":[{"name":"wp","href":"https:\/\/api.w.org\/{rel}","templated":true}]}}