{"id":14301,"date":"2024-07-09T09:24:16","date_gmt":"2024-07-09T09:24:16","guid":{"rendered":"https:\/\/www.nogometnionline.com\/?post_type=product&#038;p=14301"},"modified":"2024-07-09T09:30:59","modified_gmt":"2024-07-09T09:30:59","slug":"otroski-nogometni-dresi-za-otroke-manchester-city-domaci-2024-25-ruben-dias-3","status":"publish","type":"product","link":"https:\/\/www.nogometnizaotroke.com\/hr\/product\/otroski-nogometni-dresi-za-otroke-manchester-city-domaci-2024-25-ruben-dias-3\/","title":{"rendered":"Otro\u0161ki Nogometni dresi za otroke Manchester City Doma\u010di 2024-25 Ruben Dias 3"},"content":{"rendered":"<p><strong>Otro\u0161ki Nogometni dresi za otroke Manchester City Doma\u010di 2024-25 Ruben Dias 3<\/strong><\/p>\n<p>Ta majica, oblikovana v nebesno modri barvi po ironi\u010dni doma\u010di barvni shemi Man City, ima nov dizajn, ki ga je navdihnila klicna koda \u20180161\u2019, ki pokriva sredi\u0161\u010de Manchester City. Nebe\u0161ko moder dres je poudarjen z mornarskimi vstavki in edinstveno maskirno grafiko v slogu grafitov, ki uporablja \u0161tevilke \u20180161\u2019 okoli ovratnika in man\u0161et na rokavih. Na sprednji strani majice je izvezena zna\u010dka Manchester City in logotip Puma, natisnjen je tudi logotip sponzorja.<\/p>\n<p>Kot nala\u0161\u010d za vse mlade navija\u010de Man City je ta doma\u010da majica idealna za poudarjanje zvestobe mo\u0161tvu. Ima kratke rokave, rebrast ovratnik in standardno prileganje za optimalno udobje. V mladosti je Dean nogometa\u0161, ta majica je izdelana iz vsaj 95 % recikliranega poliestra, ima mre\u017easte prezra\u010devalne kanale in zna\u010dilno sredstvo za upravljanje znojenja Duracell, ki ohranja mlade igralce hladne in suhe.<\/p>","protected":false},"excerpt":{"rendered":"<p>Otro\u0161ki Nogometni dresi za otroke Manchester City Doma\u010di 2024-25 Ruben Dias 3 Ta majica, oblikovana v nebesno modri barvi po ironi\u010dni doma\u010di barvni shemi Man City, ima nov dizajn, ki ga je navdihnila klicna koda \u20180161\u2019, ki pokriva sredi\u0161\u010de Manchester City. Nebe\u0161ko moder dres je poudarjen z mornarskimi vstavki in edinstveno maskirno grafiko v slogu [&hellip;]<\/p>","protected":false},"featured_media":14303,"comment_status":"open","ping_status":"closed","template":"","meta":[],"product_brand":[],"product_cat":[73,44],"product_tag":[821,883,938,153,159,148,897,147],"class_list":{"0":"post-14301","1":"product","2":"type-product","3":"status-publish","4":"has-post-thumbnail","6":"product_cat-otroski","7":"product_cat-nogometni-dresi-manchester-city","8":"product_tag-manchester-city-dres","9":"product_tag-manchester-city-dresi-2024","10":"product_tag-manchester-city-z-lastnim-imenom-online","11":"product_tag-nogometni-dresi","12":"product_tag-otroski-nogometni-dresi","13":"product_tag-poceni-nogometni-dresi","14":"product_tag-ruben-dias-dresi","15":"product_tag-slovenski-nogometni-dresi","17":"first","18":"instock","19":"shipping-taxable","20":"purchasable","21":"product-type-variable"},"_links":{"self":[{"href":"https:\/\/www.nogometnizaotroke.com\/hr\/wp-json\/wp\/v2\/product\/14301","targetHints":{"allow":["GET"]}}],"collection":[{"href":"https:\/\/www.nogometnizaotroke.com\/hr\/wp-json\/wp\/v2\/product"}],"about":[{"href":"https:\/\/www.nogometnizaotroke.com\/hr\/wp-json\/wp\/v2\/types\/product"}],"replies":[{"embeddable":true,"href":"https:\/\/www.nogometnizaotroke.com\/hr\/wp-json\/wp\/v2\/comments?post=14301"}],"wp:featuredmedia":[{"embeddable":true,"href":"https:\/\/www.nogometnizaotroke.com\/hr\/wp-json\/wp\/v2\/media\/14303"}],"wp:attachment":[{"href":"https:\/\/www.nogometnizaotroke.com\/hr\/wp-json\/wp\/v2\/media?parent=14301"}],"wp:term":[{"taxonomy":"product_brand","embeddable":true,"href":"https:\/\/www.nogometnizaotroke.com\/hr\/wp-json\/wp\/v2\/product_brand?post=14301"},{"taxonomy":"product_cat","embeddable":true,"href":"https:\/\/www.nogometnizaotroke.com\/hr\/wp-json\/wp\/v2\/product_cat?post=14301"},{"taxonomy":"product_tag","embeddable":true,"href":"https:\/\/www.nogometnizaotroke.com\/hr\/wp-json\/wp\/v2\/product_tag?post=14301"}],"curies":[{"name":"wp","href":"https:\/\/api.w.org\/{rel}","templated":true}]}}