{"id":14256,"date":"2024-07-08T03:29:47","date_gmt":"2024-07-08T03:29:47","guid":{"rendered":"https:\/\/www.nogometnionline.com\/?post_type=product&#038;p=14256"},"modified":"2024-11-27T02:40:16","modified_gmt":"2024-11-27T02:40:16","slug":"otroski-nogometni-dresi-za-otroke-spanija-gostujoci-euro-2024-tisk-lamine-yamal-19","status":"publish","type":"product","link":"https:\/\/www.nogometnizaotroke.com\/hr\/product\/otroski-nogometni-dresi-za-otroke-spanija-gostujoci-euro-2024-tisk-lamine-yamal-19\/","title":{"rendered":"Otro\u0161ki Nogometni dresi za otroke \u0160panija Gostujo\u010di Euro 2024 tisk Lamine Yamal 19"},"content":{"rendered":"<p>Gostujo\u010di dres \u0160panija 2024 ima sve\u017eo in osupljivo barvno kombinacijo. Ve\u010dinoma je bledo neonsko rumena, ki jo morda navdihujejo pe\u0161\u010dene sipine v dr\u017eavi. Uradno je ime barve nogometnega dresa za gostovanje v \u0160paniji 2024 &#8220;Pulse Yellow.&#8221;Edinstvena zna\u010dilnost gostujo\u010dega kompleta \u0161panskega Eura 2024 je na plo\u0161\u010dah &#8211; svetlo modre plo\u0161\u010de imajo grafiko pe\u0161\u010dene sipine.<\/p>\n<p>Nasveti za nogavice: Majica ne vsebuje nogavic privzeto. \u010ce \u017eelite nogavice, izberite mo\u017enosti nogavic, da jih pla\u010date.<\/p>\n<p>Nasveti za tiskom: \u010ce sta ime in \u0161tevilka na sliki natanko to, kar \u017eelite, vam tega ni treba ve\u010d vna\u0161ati. \u010ce ni, potem vnesite \u017eeleno ime in \u0161tevilko.<\/p>\n<p>Nasveti za pranje: Priporo\u010dljivo je, da nogometni dresi operete ro\u010dno. \u010ce \u017eelite uporabiti pralni stroj, ne pozabite obrniti majice in jo nato oprati. In napolnite stroj s hladno vodo in uporabite ne\u017een cikel pranja, da boste bolj za\u0161\u010ditili barve.<\/p>","protected":false},"excerpt":{"rendered":"<p>Gostujo\u010di dres \u0160panija 2024 ima sve\u017eo in osupljivo barvno kombinacijo. Ve\u010dinoma je bledo neonsko rumena, ki jo morda navdihujejo pe\u0161\u010dene sipine v dr\u017eavi. Uradno je ime barve nogometnega dresa za gostovanje v \u0160paniji 2024 &#8220;Pulse Yellow.&#8221;Edinstvena zna\u010dilnost gostujo\u010dega kompleta \u0161panskega Eura 2024 je na plo\u0161\u010dah &#8211; svetlo modre plo\u0161\u010de imajo grafiko pe\u0161\u010dene sipine. Nasveti za [&hellip;]<\/p>","protected":false},"featured_media":14258,"comment_status":"open","ping_status":"closed","template":"","meta":[],"product_brand":[],"product_cat":[778,73,85],"product_tag":[930,932,153,159,148,931,147,784],"class_list":{"0":"post-14256","1":"product","2":"type-product","3":"status-publish","4":"has-post-thumbnail","6":"product_cat-euro-2024","7":"product_cat-otroski","8":"product_cat-dresi-spanija-reprezentance","9":"product_tag-kupiti-otroski-dresi-spanija-euro-2024","10":"product_tag-lamine-yamal-dresi","11":"product_tag-nogometni-dresi","12":"product_tag-otroski-nogometni-dresi","13":"product_tag-poceni-nogometni-dresi","14":"product_tag-poceni-otroski-dresi-spanija-euro-2024","15":"product_tag-slovenski-nogometni-dresi","16":"product_tag-spanija-euro-2024-dresi","18":"first","19":"instock","20":"shipping-taxable","21":"purchasable","22":"product-type-variable"},"_links":{"self":[{"href":"https:\/\/www.nogometnizaotroke.com\/hr\/wp-json\/wp\/v2\/product\/14256","targetHints":{"allow":["GET"]}}],"collection":[{"href":"https:\/\/www.nogometnizaotroke.com\/hr\/wp-json\/wp\/v2\/product"}],"about":[{"href":"https:\/\/www.nogometnizaotroke.com\/hr\/wp-json\/wp\/v2\/types\/product"}],"replies":[{"embeddable":true,"href":"https:\/\/www.nogometnizaotroke.com\/hr\/wp-json\/wp\/v2\/comments?post=14256"}],"wp:featuredmedia":[{"embeddable":true,"href":"https:\/\/www.nogometnizaotroke.com\/hr\/wp-json\/wp\/v2\/media\/14258"}],"wp:attachment":[{"href":"https:\/\/www.nogometnizaotroke.com\/hr\/wp-json\/wp\/v2\/media?parent=14256"}],"wp:term":[{"taxonomy":"product_brand","embeddable":true,"href":"https:\/\/www.nogometnizaotroke.com\/hr\/wp-json\/wp\/v2\/product_brand?post=14256"},{"taxonomy":"product_cat","embeddable":true,"href":"https:\/\/www.nogometnizaotroke.com\/hr\/wp-json\/wp\/v2\/product_cat?post=14256"},{"taxonomy":"product_tag","embeddable":true,"href":"https:\/\/www.nogometnizaotroke.com\/hr\/wp-json\/wp\/v2\/product_tag?post=14256"}],"curies":[{"name":"wp","href":"https:\/\/api.w.org\/{rel}","templated":true}]}}