{"id":14220,"date":"2024-07-07T12:13:34","date_gmt":"2024-07-07T12:13:34","guid":{"rendered":"https:\/\/www.nogometnionline.com\/?post_type=product&#038;p=14220"},"modified":"2024-07-07T12:13:37","modified_gmt":"2024-07-07T12:13:37","slug":"otroski-nogometni-dresi-reprezentance-kompleti-portugalska-vratar-gostujoci-euro-2024","status":"publish","type":"product","link":"https:\/\/www.nogometnizaotroke.com\/hr\/product\/otroski-nogometni-dresi-reprezentance-kompleti-portugalska-vratar-gostujoci-euro-2024\/","title":{"rendered":"Otro\u0161ki Nogometni dresi reprezentance kompleti Portugalska Vratar Gostujo\u010di Euro 2024"},"content":{"rendered":"<p>Otro\u0161ki Nogometni dresi reprezentance kompleti Portugalska Vratar Gostujo\u010di Euro 2024<\/p>","protected":false},"excerpt":{"rendered":"<p>Otro\u0161ki Nogometni dresi reprezentance kompleti Portugalska Vratar Gostujo\u010di Euro 2024<\/p>","protected":false},"featured_media":14222,"comment_status":"open","ping_status":"closed","template":"","meta":[],"product_brand":[],"product_cat":[778,73,84],"product_tag":[925,153,159,148,926,791,147],"class_list":{"0":"post-14220","1":"product","2":"type-product","3":"status-publish","4":"has-post-thumbnail","6":"product_cat-euro-2024","7":"product_cat-otroski","8":"product_cat-dresi-portugalska-reprezentance","9":"product_tag-kupiti-otroski-dresi-portugalska-euro-2024","10":"product_tag-nogometni-dresi","11":"product_tag-otroski-nogometni-dresi","12":"product_tag-poceni-nogometni-dresi","13":"product_tag-poceni-otroski-dresi-portugalska-euro-2024","14":"product_tag-portugalska-euro-2024-dresi","15":"product_tag-slovenski-nogometni-dresi","17":"first","18":"instock","19":"shipping-taxable","20":"purchasable","21":"product-type-variable"},"_links":{"self":[{"href":"https:\/\/www.nogometnizaotroke.com\/hr\/wp-json\/wp\/v2\/product\/14220","targetHints":{"allow":["GET"]}}],"collection":[{"href":"https:\/\/www.nogometnizaotroke.com\/hr\/wp-json\/wp\/v2\/product"}],"about":[{"href":"https:\/\/www.nogometnizaotroke.com\/hr\/wp-json\/wp\/v2\/types\/product"}],"replies":[{"embeddable":true,"href":"https:\/\/www.nogometnizaotroke.com\/hr\/wp-json\/wp\/v2\/comments?post=14220"}],"wp:featuredmedia":[{"embeddable":true,"href":"https:\/\/www.nogometnizaotroke.com\/hr\/wp-json\/wp\/v2\/media\/14222"}],"wp:attachment":[{"href":"https:\/\/www.nogometnizaotroke.com\/hr\/wp-json\/wp\/v2\/media?parent=14220"}],"wp:term":[{"taxonomy":"product_brand","embeddable":true,"href":"https:\/\/www.nogometnizaotroke.com\/hr\/wp-json\/wp\/v2\/product_brand?post=14220"},{"taxonomy":"product_cat","embeddable":true,"href":"https:\/\/www.nogometnizaotroke.com\/hr\/wp-json\/wp\/v2\/product_cat?post=14220"},{"taxonomy":"product_tag","embeddable":true,"href":"https:\/\/www.nogometnizaotroke.com\/hr\/wp-json\/wp\/v2\/product_tag?post=14220"}],"curies":[{"name":"wp","href":"https:\/\/api.w.org\/{rel}","templated":true}]}}