{"id":14160,"date":"2024-07-06T10:35:27","date_gmt":"2024-07-06T10:35:27","guid":{"rendered":"https:\/\/www.nogometnionline.com\/?post_type=product&#038;p=14160"},"modified":"2024-07-06T10:35:32","modified_gmt":"2024-07-06T10:35:32","slug":"otroski-nogometni-dresi-reprezentance-za-otroke-anglija-gostujoci-euro-2024-jude-bellingham-10","status":"publish","type":"product","link":"https:\/\/www.nogometnizaotroke.com\/hr\/product\/otroski-nogometni-dresi-reprezentance-za-otroke-anglija-gostujoci-euro-2024-jude-bellingham-10\/","title":{"rendered":"Otro\u0161ki Nogometni Dresi Reprezentance za otroke Anglija Gostujo\u010di Euro 2024 Jude Bellingham 10"},"content":{"rendered":"<p>Anglija Gostujo\u010di Euro 2024 dresi ima temno bledo kostanjevo barvo, imenovano \u201cDark Raisin\u201d, v kombinaciji s \u201cSesame\u201d za logotipe, ki je zlat barvni odtenek. Tisto, po \u010demer izstopa gostujo\u010di dres Anglije 2024, je ve\u010dbarvni dizajn na obeh straneh. Znotraj ovratnika je kri\u017e sv. Gerorga v enakih barvah, kot so bile uporabljene za oblikovanje stranskih \u010drt. Ta nova barvna shema je pomemben odmik od tradicionalnih modrih ali rde\u010dih kompletov za goste, ki jih je Anglija uporabljala v preteklosti, vendar bi lahko bila zelo priljubljena pri navija\u010dih.<\/p>\n<p>Nasveti za nogavice: Majica ne vsebuje nogavic privzeto. \u010ce \u017eelite nogavice, izberite mo\u017enosti nogavic, da jih pla\u010date.<\/p>\n<p>Nasveti za tiskom: \u010ce sta ime in \u0161tevilka na sliki natanko to, kar \u017eelite, vam tega ni treba ve\u010d vna\u0161ati. \u010ce ni, potem vnesite \u017eeleno ime in \u0161tevilko.<\/p>\n<p>Nasveti za pranje: Priporo\u010dljivo je, da nogometni dresi operete ro\u010dno. \u010ce \u017eelite uporabiti pralni stroj, ne pozabite obrniti majice in jo nato oprati. In napolnite stroj s hladno vodo in uporabite ne\u017een cikel pranja, da boste bolj za\u0161\u010ditili barve.<\/p>","protected":false},"excerpt":{"rendered":"<p>Anglija Gostujo\u010di Euro 2024 dresi ima temno bledo kostanjevo barvo, imenovano \u201cDark Raisin\u201d, v kombinaciji s \u201cSesame\u201d za logotipe, ki je zlat barvni odtenek. Tisto, po \u010demer izstopa gostujo\u010di dres Anglije 2024, je ve\u010dbarvni dizajn na obeh straneh. Znotraj ovratnika je kri\u017e sv. Gerorga v enakih barvah, kot so bile uporabljene za oblikovanje stranskih \u010drt. [&hellip;]<\/p>","protected":false},"featured_media":14162,"comment_status":"open","ping_status":"closed","template":"","meta":[],"product_brand":[],"product_cat":[778,73,79],"product_tag":[785,153,220,159,148,147],"class_list":{"0":"post-14160","1":"product","2":"type-product","3":"status-publish","4":"has-post-thumbnail","6":"product_cat-euro-2024","7":"product_cat-otroski","8":"product_cat-dresi-anglija-reprezentance","9":"product_tag-anglija-euro-2024-dresi","10":"product_tag-nogometni-dresi","11":"product_tag-nogometni-dresi-za-otroke","12":"product_tag-otroski-nogometni-dresi","13":"product_tag-poceni-nogometni-dresi","14":"product_tag-slovenski-nogometni-dresi","16":"first","17":"instock","18":"shipping-taxable","19":"purchasable","20":"product-type-variable"},"_links":{"self":[{"href":"https:\/\/www.nogometnizaotroke.com\/hr\/wp-json\/wp\/v2\/product\/14160","targetHints":{"allow":["GET"]}}],"collection":[{"href":"https:\/\/www.nogometnizaotroke.com\/hr\/wp-json\/wp\/v2\/product"}],"about":[{"href":"https:\/\/www.nogometnizaotroke.com\/hr\/wp-json\/wp\/v2\/types\/product"}],"replies":[{"embeddable":true,"href":"https:\/\/www.nogometnizaotroke.com\/hr\/wp-json\/wp\/v2\/comments?post=14160"}],"wp:featuredmedia":[{"embeddable":true,"href":"https:\/\/www.nogometnizaotroke.com\/hr\/wp-json\/wp\/v2\/media\/14162"}],"wp:attachment":[{"href":"https:\/\/www.nogometnizaotroke.com\/hr\/wp-json\/wp\/v2\/media?parent=14160"}],"wp:term":[{"taxonomy":"product_brand","embeddable":true,"href":"https:\/\/www.nogometnizaotroke.com\/hr\/wp-json\/wp\/v2\/product_brand?post=14160"},{"taxonomy":"product_cat","embeddable":true,"href":"https:\/\/www.nogometnizaotroke.com\/hr\/wp-json\/wp\/v2\/product_cat?post=14160"},{"taxonomy":"product_tag","embeddable":true,"href":"https:\/\/www.nogometnizaotroke.com\/hr\/wp-json\/wp\/v2\/product_tag?post=14160"}],"curies":[{"name":"wp","href":"https:\/\/api.w.org\/{rel}","templated":true}]}}