{"id":13441,"date":"2024-06-17T07:17:20","date_gmt":"2024-06-17T07:17:20","guid":{"rendered":"https:\/\/www.nogometnionline.com\/?post_type=product&#038;p=13441"},"modified":"2024-06-17T07:17:24","modified_gmt":"2024-06-17T07:17:24","slug":"moski-nogometni-dresi-danska-domaci-em-2024-rdeca-kratek-rokav-joachim-andersen-2","status":"publish","type":"product","link":"https:\/\/www.nogometnizaotroke.com\/hr\/product\/moski-nogometni-dresi-danska-domaci-em-2024-rdeca-kratek-rokav-joachim-andersen-2\/","title":{"rendered":"Mo\u0161ki Nogometni dresi Danska Doma\u010di EM 2024 rde\u010da Kratek Rokav Joachim Andersen 2"},"content":{"rendered":"<p>Mo\u0161ki Nogometni dresi Danska Doma\u010di EM 2024 rde\u010da Kratek Rokav Joachim Andersen 2<\/p>","protected":false},"excerpt":{"rendered":"<p>Mo\u0161ki Nogometni dresi Danska Doma\u010di EM 2024 rde\u010da Kratek Rokav Joachim Andersen 2<\/p>","protected":false},"featured_media":13443,"comment_status":"open","ping_status":"closed","template":"","meta":[],"product_brand":[],"product_cat":[778,140,137],"product_tag":[800,150,153,148,147],"class_list":{"0":"post-13441","1":"product","2":"type-product","3":"status-publish","4":"has-post-thumbnail","6":"product_cat-euro-2024","7":"product_cat-moski","8":"product_cat-dresi-danska-reprezentance","9":"product_tag-danska-euro-2024-dresi","10":"product_tag-moski-nogometni-dresi","11":"product_tag-nogometni-dresi","12":"product_tag-poceni-nogometni-dresi","13":"product_tag-slovenski-nogometni-dresi","15":"first","16":"instock","17":"shipping-taxable","18":"purchasable","19":"product-type-variable"},"_links":{"self":[{"href":"https:\/\/www.nogometnizaotroke.com\/hr\/wp-json\/wp\/v2\/product\/13441","targetHints":{"allow":["GET"]}}],"collection":[{"href":"https:\/\/www.nogometnizaotroke.com\/hr\/wp-json\/wp\/v2\/product"}],"about":[{"href":"https:\/\/www.nogometnizaotroke.com\/hr\/wp-json\/wp\/v2\/types\/product"}],"replies":[{"embeddable":true,"href":"https:\/\/www.nogometnizaotroke.com\/hr\/wp-json\/wp\/v2\/comments?post=13441"}],"wp:featuredmedia":[{"embeddable":true,"href":"https:\/\/www.nogometnizaotroke.com\/hr\/wp-json\/wp\/v2\/media\/13443"}],"wp:attachment":[{"href":"https:\/\/www.nogometnizaotroke.com\/hr\/wp-json\/wp\/v2\/media?parent=13441"}],"wp:term":[{"taxonomy":"product_brand","embeddable":true,"href":"https:\/\/www.nogometnizaotroke.com\/hr\/wp-json\/wp\/v2\/product_brand?post=13441"},{"taxonomy":"product_cat","embeddable":true,"href":"https:\/\/www.nogometnizaotroke.com\/hr\/wp-json\/wp\/v2\/product_cat?post=13441"},{"taxonomy":"product_tag","embeddable":true,"href":"https:\/\/www.nogometnizaotroke.com\/hr\/wp-json\/wp\/v2\/product_tag?post=13441"}],"curies":[{"name":"wp","href":"https:\/\/api.w.org\/{rel}","templated":true}]}}