{"id":13281,"date":"2024-06-11T01:45:35","date_gmt":"2024-06-11T01:45:35","guid":{"rendered":"https:\/\/www.nogometnionline.com\/?post_type=product&#038;p=13281"},"modified":"2024-11-05T02:53:31","modified_gmt":"2024-11-05T02:53:31","slug":"otroski-nogometni-dresi-kompleti-real-madrid-domaci-2024-25-jude-bellingham-5","status":"publish","type":"product","link":"https:\/\/www.nogometnizaotroke.com\/hr\/product\/otroski-nogometni-dresi-kompleti-real-madrid-domaci-2024-25-jude-bellingham-5\/","title":{"rendered":"Otro\u0161ki Nogometni dresi kompleti Real Madrid Doma\u010di 2024-25 Jude Bellingham 5"},"content":{"rendered":"<p>Otro\u0161ki Nogometni dresi kompleti Real Madrid Doma\u010di 2024-25 Jude Bellingham 5.Doma\u010di dresi Real Madrid 2024\u201325 je poklon tradiciji mesta kluba. Sam dres, ki ga je navdihnila obleka &#8220;chulapo&#8221;, ki se nosi med letno Fiesto San Isidro, ima povsod vzorec v obliki gob\u010dastih zob, kar mu daje malo stila. Komplet se odlo\u010di za prefinjene \u010drne detajle, zaradi katerih barvni grb izstopa od trenutka, ko stopite na igri\u0161\u010de.<\/p>\n<p>Nasveti za nogavice: Majica ne vsebuje nogavic privzeto. \u010ce \u017eelite nogavice, izberite mo\u017enosti nogavic, da jih pla\u010date.<\/p>\n<p>Nasveti za tiskom: \u010ce sta ime in \u0161tevilka na sliki natanko to, kar \u017eelite, vam tega ni treba ve\u010d vna\u0161ati. \u010ce ni, potem vnesite \u017eeleno ime in \u0161tevilko.<\/p>\n<p>Nasveti za pranje: Priporo\u010dljivo je, da nogometni dresi operete ro\u010dno. \u010ce \u017eelite uporabiti pralni stroj, ne pozabite obrniti majice in jo nato oprati. In napolnite stroj s hladno vodo in uporabite ne\u017een cikel pranja, da boste bolj za\u0161\u010ditili barve.<\/p>","protected":false},"excerpt":{"rendered":"<p>Otro\u0161ki Nogometni dresi kompleti Real Madrid Doma\u010di 2024-25 Jude Bellingham 5.Doma\u010di dresi Real Madrid 2024\u201325 je poklon tradiciji mesta kluba. Sam dres, ki ga je navdihnila obleka &#8220;chulapo&#8221;, ki se nosi med letno Fiesto San Isidro, ima povsod vzorec v obliki gob\u010dastih zob, kar mu daje malo stila. Komplet se odlo\u010di za prefinjene \u010drne detajle, [&hellip;]<\/p>","protected":false},"featured_media":13283,"comment_status":"open","ping_status":"closed","template":"","meta":[],"product_brand":[],"product_cat":[33],"product_tag":[861,837,464,463,159,148,167,751,147],"class_list":{"0":"post-13281","1":"product","2":"type-product","3":"status-publish","4":"has-post-thumbnail","6":"product_cat-nogometni-dresi-real-madrid","7":"product_tag-dresi-jude-bellingham","8":"product_tag-dresi-za-nogomet","9":"product_tag-nogometni-dresi-real-madrid-prodaja","10":"product_tag-nogometni-dresi-real-madrid-z-lastnim-tiskom","11":"product_tag-otroski-nogometni-dresi","12":"product_tag-poceni-nogometni-dresi","13":"product_tag-poceni-nogometni-dresi-real-madrid-z-lastnim-imenom-online","14":"product_tag-real-madrid-dresi-2024","15":"product_tag-slovenski-nogometni-dresi","17":"first","18":"instock","19":"shipping-taxable","20":"purchasable","21":"product-type-variable"},"_links":{"self":[{"href":"https:\/\/www.nogometnizaotroke.com\/hr\/wp-json\/wp\/v2\/product\/13281","targetHints":{"allow":["GET"]}}],"collection":[{"href":"https:\/\/www.nogometnizaotroke.com\/hr\/wp-json\/wp\/v2\/product"}],"about":[{"href":"https:\/\/www.nogometnizaotroke.com\/hr\/wp-json\/wp\/v2\/types\/product"}],"replies":[{"embeddable":true,"href":"https:\/\/www.nogometnizaotroke.com\/hr\/wp-json\/wp\/v2\/comments?post=13281"}],"wp:featuredmedia":[{"embeddable":true,"href":"https:\/\/www.nogometnizaotroke.com\/hr\/wp-json\/wp\/v2\/media\/13283"}],"wp:attachment":[{"href":"https:\/\/www.nogometnizaotroke.com\/hr\/wp-json\/wp\/v2\/media?parent=13281"}],"wp:term":[{"taxonomy":"product_brand","embeddable":true,"href":"https:\/\/www.nogometnizaotroke.com\/hr\/wp-json\/wp\/v2\/product_brand?post=13281"},{"taxonomy":"product_cat","embeddable":true,"href":"https:\/\/www.nogometnizaotroke.com\/hr\/wp-json\/wp\/v2\/product_cat?post=13281"},{"taxonomy":"product_tag","embeddable":true,"href":"https:\/\/www.nogometnizaotroke.com\/hr\/wp-json\/wp\/v2\/product_tag?post=13281"}],"curies":[{"name":"wp","href":"https:\/\/api.w.org\/{rel}","templated":true}]}}