{"id":13267,"date":"2024-06-09T11:19:18","date_gmt":"2024-06-09T11:19:18","guid":{"rendered":"https:\/\/www.nogometnionline.com\/?post_type=product&#038;p=13267"},"modified":"2024-06-09T11:19:23","modified_gmt":"2024-06-09T11:19:23","slug":"otroski-nogometni-dresi-paris-saint-germain-psg-domaci-2024-25-manuel-ugarte-4","status":"publish","type":"product","link":"https:\/\/www.nogometnizaotroke.com\/hr\/product\/otroski-nogometni-dresi-paris-saint-germain-psg-domaci-2024-25-manuel-ugarte-4\/","title":{"rendered":"Otro\u0161ki Nogometni dresi Paris Saint-Germain PSG Doma\u010di 2024-25 Manuel Ugarte 4"},"content":{"rendered":"<p>Otro\u0161ki Nogometni dresi Paris Saint-Germain PSG Doma\u010di 2024-25 Manuel Ugarte 4<\/p>","protected":false},"excerpt":{"rendered":"<p>Otro\u0161ki Nogometni dresi Paris Saint-Germain PSG Doma\u010di 2024-25 Manuel Ugarte 4<\/p>","protected":false},"featured_media":13269,"comment_status":"open","ping_status":"closed","template":"","meta":[],"product_brand":[],"product_cat":[73,37],"product_tag":[153,159,155,873,148,149,273,753],"class_list":{"0":"post-13267","1":"product","2":"type-product","3":"status-publish","4":"has-post-thumbnail","6":"product_cat-otroski","7":"product_cat-nogometni-dresi-psg","8":"product_tag-nogometni-dresi","9":"product_tag-otroski-nogometni-dresi","10":"product_tag-paris-saint-germain-psg-dres","11":"product_tag-poceni-manuel-ugarte-dresi","12":"product_tag-poceni-nogometni-dresi","13":"product_tag-poceni-nogometni-dresi-psg-z-lastnim-imenom-online","14":"product_tag-poceni-otroski-nogometni-dresi-psg-z-lastnim-imenom","15":"product_tag-psg-dresi-2024","17":"first","18":"instock","19":"shipping-taxable","20":"purchasable","21":"product-type-variable"},"_links":{"self":[{"href":"https:\/\/www.nogometnizaotroke.com\/hr\/wp-json\/wp\/v2\/product\/13267","targetHints":{"allow":["GET"]}}],"collection":[{"href":"https:\/\/www.nogometnizaotroke.com\/hr\/wp-json\/wp\/v2\/product"}],"about":[{"href":"https:\/\/www.nogometnizaotroke.com\/hr\/wp-json\/wp\/v2\/types\/product"}],"replies":[{"embeddable":true,"href":"https:\/\/www.nogometnizaotroke.com\/hr\/wp-json\/wp\/v2\/comments?post=13267"}],"wp:featuredmedia":[{"embeddable":true,"href":"https:\/\/www.nogometnizaotroke.com\/hr\/wp-json\/wp\/v2\/media\/13269"}],"wp:attachment":[{"href":"https:\/\/www.nogometnizaotroke.com\/hr\/wp-json\/wp\/v2\/media?parent=13267"}],"wp:term":[{"taxonomy":"product_brand","embeddable":true,"href":"https:\/\/www.nogometnizaotroke.com\/hr\/wp-json\/wp\/v2\/product_brand?post=13267"},{"taxonomy":"product_cat","embeddable":true,"href":"https:\/\/www.nogometnizaotroke.com\/hr\/wp-json\/wp\/v2\/product_cat?post=13267"},{"taxonomy":"product_tag","embeddable":true,"href":"https:\/\/www.nogometnizaotroke.com\/hr\/wp-json\/wp\/v2\/product_tag?post=13267"}],"curies":[{"name":"wp","href":"https:\/\/api.w.org\/{rel}","templated":true}]}}