{"id":13214,"date":"2024-06-08T07:34:57","date_gmt":"2024-06-08T07:34:57","guid":{"rendered":"https:\/\/www.nogometnionline.com\/?post_type=product&#038;p=13214"},"modified":"2024-06-08T07:39:06","modified_gmt":"2024-06-08T07:39:06","slug":"poceni-otroski-nogometni-dresi-kompleti-za-otroke-avstrija-gostujoci-em-2024-marcel-sabitzer-9","status":"publish","type":"product","link":"https:\/\/www.nogometnizaotroke.com\/hr\/product\/poceni-otroski-nogometni-dresi-kompleti-za-otroke-avstrija-gostujoci-em-2024-marcel-sabitzer-9\/","title":{"rendered":"Poceni Otro\u0161ki Nogometni dresi kompleti za otroke Avstrija Gostujo\u010di EM 2024 Marcel Sabitzer 9"},"content":{"rendered":"<p>Poceni Otro\u0161ki Nogometni dresi kompleti za otroke Avstrija Gostujo\u010di EM 2024 Marcel Sabitzer 9<\/p>","protected":false},"excerpt":{"rendered":"<p>Poceni Otro\u0161ki Nogometni dresi kompleti za otroke Avstrija Gostujo\u010di EM 2024 Marcel Sabitzer 9<\/p>","protected":false},"featured_media":13216,"comment_status":"open","ping_status":"closed","template":"","meta":[],"product_brand":[],"product_cat":[778,73,135],"product_tag":[789,782,866,153,867,159,768,148,147],"class_list":{"0":"post-13214","1":"product","2":"type-product","3":"status-publish","4":"has-post-thumbnail","6":"product_cat-euro-2024","7":"product_cat-otroski","8":"product_cat-dresi-avstrija-reprezentance","9":"product_tag-avstrija-euro-2024-dresi","10":"product_tag-euro-2024-dresi","11":"product_tag-marcel-sabitzer-dresi","12":"product_tag-nogometni-dresi","13":"product_tag-otroski-marcel-sabitzer-dresi","14":"product_tag-otroski-nogometni-dresi","15":"product_tag-poceni-moski-nogometni-dresi","16":"product_tag-poceni-nogometni-dresi","17":"product_tag-slovenski-nogometni-dresi","19":"first","20":"instock","21":"shipping-taxable","22":"purchasable","23":"product-type-variable"},"_links":{"self":[{"href":"https:\/\/www.nogometnizaotroke.com\/hr\/wp-json\/wp\/v2\/product\/13214","targetHints":{"allow":["GET"]}}],"collection":[{"href":"https:\/\/www.nogometnizaotroke.com\/hr\/wp-json\/wp\/v2\/product"}],"about":[{"href":"https:\/\/www.nogometnizaotroke.com\/hr\/wp-json\/wp\/v2\/types\/product"}],"replies":[{"embeddable":true,"href":"https:\/\/www.nogometnizaotroke.com\/hr\/wp-json\/wp\/v2\/comments?post=13214"}],"wp:featuredmedia":[{"embeddable":true,"href":"https:\/\/www.nogometnizaotroke.com\/hr\/wp-json\/wp\/v2\/media\/13216"}],"wp:attachment":[{"href":"https:\/\/www.nogometnizaotroke.com\/hr\/wp-json\/wp\/v2\/media?parent=13214"}],"wp:term":[{"taxonomy":"product_brand","embeddable":true,"href":"https:\/\/www.nogometnizaotroke.com\/hr\/wp-json\/wp\/v2\/product_brand?post=13214"},{"taxonomy":"product_cat","embeddable":true,"href":"https:\/\/www.nogometnizaotroke.com\/hr\/wp-json\/wp\/v2\/product_cat?post=13214"},{"taxonomy":"product_tag","embeddable":true,"href":"https:\/\/www.nogometnizaotroke.com\/hr\/wp-json\/wp\/v2\/product_tag?post=13214"}],"curies":[{"name":"wp","href":"https:\/\/api.w.org\/{rel}","templated":true}]}}