{"id":12664,"date":"2024-05-14T03:52:56","date_gmt":"2024-05-14T03:52:56","guid":{"rendered":"https:\/\/www.nogometnionline.com\/?post_type=product&#038;p=12664"},"modified":"2024-05-14T03:53:01","modified_gmt":"2024-05-14T03:53:01","slug":"moski-nogometni-dresi-manchester-united-domaci-stone-roses-originals-icon-2024-25-prodajo","status":"publish","type":"product","link":"https:\/\/www.nogometnizaotroke.com\/hr\/product\/moski-nogometni-dresi-manchester-united-domaci-stone-roses-originals-icon-2024-25-prodajo\/","title":{"rendered":"Mo\u0161ki Nogometni dresi Manchester United Doma\u010di Stone Roses Originals Icon 2024-25 Prodajo"},"content":{"rendered":"<p>Mo\u0161ki Nogometni dresi Manchester United Doma\u010di Stone Roses Originals Icon 2024-25 Prodajo<\/p>","protected":false},"excerpt":{"rendered":"<p>Mo\u0161ki Nogometni dresi Manchester United Doma\u010di Stone Roses Originals Icon 2024-25 Prodajo<\/p>","protected":false},"featured_media":12666,"comment_status":"open","ping_status":"closed","template":"","meta":[],"product_brand":[],"product_cat":[140,35],"product_tag":[611,835,148,147],"class_list":{"0":"post-12664","1":"product","2":"type-product","3":"status-publish","4":"has-post-thumbnail","6":"product_cat-moski","7":"product_cat-nogometni-dresi-manchester-united","8":"product_tag-dresi-manchester-united-za-moski","9":"product_tag-poceni-moski-nogometni-dresi-manchester-united-z-lastnim-imenom","10":"product_tag-poceni-nogometni-dresi","11":"product_tag-slovenski-nogometni-dresi","13":"first","14":"instock","15":"shipping-taxable","16":"purchasable","17":"product-type-variable"},"_links":{"self":[{"href":"https:\/\/www.nogometnizaotroke.com\/hr\/wp-json\/wp\/v2\/product\/12664","targetHints":{"allow":["GET"]}}],"collection":[{"href":"https:\/\/www.nogometnizaotroke.com\/hr\/wp-json\/wp\/v2\/product"}],"about":[{"href":"https:\/\/www.nogometnizaotroke.com\/hr\/wp-json\/wp\/v2\/types\/product"}],"replies":[{"embeddable":true,"href":"https:\/\/www.nogometnizaotroke.com\/hr\/wp-json\/wp\/v2\/comments?post=12664"}],"wp:featuredmedia":[{"embeddable":true,"href":"https:\/\/www.nogometnizaotroke.com\/hr\/wp-json\/wp\/v2\/media\/12666"}],"wp:attachment":[{"href":"https:\/\/www.nogometnizaotroke.com\/hr\/wp-json\/wp\/v2\/media?parent=12664"}],"wp:term":[{"taxonomy":"product_brand","embeddable":true,"href":"https:\/\/www.nogometnizaotroke.com\/hr\/wp-json\/wp\/v2\/product_brand?post=12664"},{"taxonomy":"product_cat","embeddable":true,"href":"https:\/\/www.nogometnizaotroke.com\/hr\/wp-json\/wp\/v2\/product_cat?post=12664"},{"taxonomy":"product_tag","embeddable":true,"href":"https:\/\/www.nogometnizaotroke.com\/hr\/wp-json\/wp\/v2\/product_tag?post=12664"}],"curies":[{"name":"wp","href":"https:\/\/api.w.org\/{rel}","templated":true}]}}