{"id":12504,"date":"2024-05-07T09:51:29","date_gmt":"2024-05-07T09:51:29","guid":{"rendered":"https:\/\/www.nogometnionline.com\/?post_type=product&#038;p=12504"},"modified":"2024-05-07T09:51:34","modified_gmt":"2024-05-07T09:51:34","slug":"nogometni-dresi-za-nizko-ceno-zdruzene-drzave-gostujoci-copa-america-2024-mckennie-8","status":"publish","type":"product","link":"https:\/\/www.nogometnizaotroke.com\/hr\/product\/nogometni-dresi-za-nizko-ceno-zdruzene-drzave-gostujoci-copa-america-2024-mckennie-8\/","title":{"rendered":"Nogometni dresi za nizko ceno Zdru\u017eene dr\u017eave Gostujo\u010di Copa America 2024 McKennie 8"},"content":{"rendered":"<p>Nogometni dresi za nizko ceno Zdru\u017eene dr\u017eave Gostujo\u010di Copa America 2024 McKennie 8<\/p>","protected":false},"excerpt":{"rendered":"<p>Nogometni dresi za nizko ceno Zdru\u017eene dr\u017eave Gostujo\u010di Copa America 2024 McKennie 8<\/p>","protected":false},"featured_media":12506,"comment_status":"open","ping_status":"closed","template":"","meta":[],"product_brand":[],"product_cat":[778,140,109],"product_tag":[150,153,148,147,813],"class_list":{"0":"post-12504","1":"product","2":"type-product","3":"status-publish","4":"has-post-thumbnail","6":"product_cat-euro-2024","7":"product_cat-moski","8":"product_cat-dresi-zdruzene-drzave-reprezentance","9":"product_tag-moski-nogometni-dresi","10":"product_tag-nogometni-dresi","11":"product_tag-poceni-nogometni-dresi","12":"product_tag-slovenski-nogometni-dresi","13":"product_tag-zdruzene-drzave-copa-america-2024-dresi","15":"first","16":"instock","17":"shipping-taxable","18":"purchasable","19":"product-type-variable"},"_links":{"self":[{"href":"https:\/\/www.nogometnizaotroke.com\/hr\/wp-json\/wp\/v2\/product\/12504","targetHints":{"allow":["GET"]}}],"collection":[{"href":"https:\/\/www.nogometnizaotroke.com\/hr\/wp-json\/wp\/v2\/product"}],"about":[{"href":"https:\/\/www.nogometnizaotroke.com\/hr\/wp-json\/wp\/v2\/types\/product"}],"replies":[{"embeddable":true,"href":"https:\/\/www.nogometnizaotroke.com\/hr\/wp-json\/wp\/v2\/comments?post=12504"}],"wp:featuredmedia":[{"embeddable":true,"href":"https:\/\/www.nogometnizaotroke.com\/hr\/wp-json\/wp\/v2\/media\/12506"}],"wp:attachment":[{"href":"https:\/\/www.nogometnizaotroke.com\/hr\/wp-json\/wp\/v2\/media?parent=12504"}],"wp:term":[{"taxonomy":"product_brand","embeddable":true,"href":"https:\/\/www.nogometnizaotroke.com\/hr\/wp-json\/wp\/v2\/product_brand?post=12504"},{"taxonomy":"product_cat","embeddable":true,"href":"https:\/\/www.nogometnizaotroke.com\/hr\/wp-json\/wp\/v2\/product_cat?post=12504"},{"taxonomy":"product_tag","embeddable":true,"href":"https:\/\/www.nogometnizaotroke.com\/hr\/wp-json\/wp\/v2\/product_tag?post=12504"}],"curies":[{"name":"wp","href":"https:\/\/api.w.org\/{rel}","templated":true}]}}