{"id":12280,"date":"2024-04-28T07:50:03","date_gmt":"2024-04-28T07:50:03","guid":{"rendered":"https:\/\/www.nogometnionline.com\/?post_type=product&#038;p=12280"},"modified":"2024-04-28T07:50:08","modified_gmt":"2024-04-28T07:50:08","slug":"poceni-moski-nogometni-dresi-rb-leipzig-domaci-2023-2024-kurzarm","status":"publish","type":"product","link":"https:\/\/www.nogometnizaotroke.com\/hr\/product\/poceni-moski-nogometni-dresi-rb-leipzig-domaci-2023-2024-kurzarm\/","title":{"rendered":"Poceni Mo\u0161ki Nogometni dresi RB Leipzig Doma\u010di 2023-2024 Kurzarm"},"content":{"rendered":"<p>Poceni Mo\u0161ki Nogometni dresi RB Leipzig Doma\u010di 2023-2024 Kurzarm<\/p>","protected":false},"excerpt":{"rendered":"<p>Poceni Mo\u0161ki Nogometni dresi RB Leipzig Doma\u010di 2023-2024 Kurzarm<\/p>","protected":false},"featured_media":12278,"comment_status":"open","ping_status":"closed","template":"","meta":[],"product_brand":[],"product_cat":[140,62],"product_tag":[150,153,555,554,545,148,199],"class_list":{"0":"post-12280","1":"product","2":"type-product","3":"status-publish","4":"has-post-thumbnail","6":"product_cat-moski","7":"product_cat-nogometni-dresi-rb-leipzig","8":"product_tag-moski-nogometni-dresi","9":"product_tag-nogometni-dresi","10":"product_tag-nogometni-dresi-rb-leipzig-prodaja","11":"product_tag-nogometni-dresi-rb-leipzig-z-lastnim-tiskom","12":"product_tag-nogometni-dresi-slovenija","13":"product_tag-poceni-nogometni-dresi","14":"product_tag-poceni-nogometni-dresi-rb-leipzig-z-lastnim-imenom-online","16":"first","17":"instock","18":"shipping-taxable","19":"purchasable","20":"product-type-variable"},"_links":{"self":[{"href":"https:\/\/www.nogometnizaotroke.com\/hr\/wp-json\/wp\/v2\/product\/12280","targetHints":{"allow":["GET"]}}],"collection":[{"href":"https:\/\/www.nogometnizaotroke.com\/hr\/wp-json\/wp\/v2\/product"}],"about":[{"href":"https:\/\/www.nogometnizaotroke.com\/hr\/wp-json\/wp\/v2\/types\/product"}],"replies":[{"embeddable":true,"href":"https:\/\/www.nogometnizaotroke.com\/hr\/wp-json\/wp\/v2\/comments?post=12280"}],"wp:featuredmedia":[{"embeddable":true,"href":"https:\/\/www.nogometnizaotroke.com\/hr\/wp-json\/wp\/v2\/media\/12278"}],"wp:attachment":[{"href":"https:\/\/www.nogometnizaotroke.com\/hr\/wp-json\/wp\/v2\/media?parent=12280"}],"wp:term":[{"taxonomy":"product_brand","embeddable":true,"href":"https:\/\/www.nogometnizaotroke.com\/hr\/wp-json\/wp\/v2\/product_brand?post=12280"},{"taxonomy":"product_cat","embeddable":true,"href":"https:\/\/www.nogometnizaotroke.com\/hr\/wp-json\/wp\/v2\/product_cat?post=12280"},{"taxonomy":"product_tag","embeddable":true,"href":"https:\/\/www.nogometnizaotroke.com\/hr\/wp-json\/wp\/v2\/product_tag?post=12280"}],"curies":[{"name":"wp","href":"https:\/\/api.w.org\/{rel}","templated":true}]}}