{"id":11729,"date":"2024-04-18T03:51:17","date_gmt":"2024-04-18T03:51:17","guid":{"rendered":"https:\/\/www.nogometnionline.com\/?post_type=product&#038;p=11729"},"modified":"2024-04-18T03:51:21","modified_gmt":"2024-04-18T03:51:21","slug":"poceni-moski-nogometni-dresi-francija-vratar-domaci-euro-2024-dolgi-rokav","status":"publish","type":"product","link":"https:\/\/www.nogometnizaotroke.com\/hr\/product\/poceni-moski-nogometni-dresi-francija-vratar-domaci-euro-2024-dolgi-rokav\/","title":{"rendered":"Poceni Mo\u0161ki Nogometni dresi Francija Vratar Doma\u010di Euro 2024 Dolgi Rokav"},"content":{"rendered":"<p>Poceni Mo\u0161ki Nogometni dresi Francija Vratar Doma\u010di Euro 2024 Dolgi Rokav<\/p>","protected":false},"excerpt":{"rendered":"<p>Poceni Mo\u0161ki Nogometni dresi Francija Vratar Doma\u010di Euro 2024 Dolgi Rokav<\/p>","protected":false},"featured_media":11731,"comment_status":"open","ping_status":"closed","template":"","meta":[],"product_brand":[],"product_cat":[778,140,76],"product_tag":[786,150,153,148,147],"class_list":{"0":"post-11729","1":"product","2":"type-product","3":"status-publish","4":"has-post-thumbnail","6":"product_cat-euro-2024","7":"product_cat-moski","8":"product_cat-dresi-francija-reprezentance","9":"product_tag-francija-euro-2024-dresi","10":"product_tag-moski-nogometni-dresi","11":"product_tag-nogometni-dresi","12":"product_tag-poceni-nogometni-dresi","13":"product_tag-slovenski-nogometni-dresi","15":"first","16":"instock","17":"shipping-taxable","18":"purchasable","19":"product-type-variable"},"_links":{"self":[{"href":"https:\/\/www.nogometnizaotroke.com\/hr\/wp-json\/wp\/v2\/product\/11729","targetHints":{"allow":["GET"]}}],"collection":[{"href":"https:\/\/www.nogometnizaotroke.com\/hr\/wp-json\/wp\/v2\/product"}],"about":[{"href":"https:\/\/www.nogometnizaotroke.com\/hr\/wp-json\/wp\/v2\/types\/product"}],"replies":[{"embeddable":true,"href":"https:\/\/www.nogometnizaotroke.com\/hr\/wp-json\/wp\/v2\/comments?post=11729"}],"wp:featuredmedia":[{"embeddable":true,"href":"https:\/\/www.nogometnizaotroke.com\/hr\/wp-json\/wp\/v2\/media\/11731"}],"wp:attachment":[{"href":"https:\/\/www.nogometnizaotroke.com\/hr\/wp-json\/wp\/v2\/media?parent=11729"}],"wp:term":[{"taxonomy":"product_brand","embeddable":true,"href":"https:\/\/www.nogometnizaotroke.com\/hr\/wp-json\/wp\/v2\/product_brand?post=11729"},{"taxonomy":"product_cat","embeddable":true,"href":"https:\/\/www.nogometnizaotroke.com\/hr\/wp-json\/wp\/v2\/product_cat?post=11729"},{"taxonomy":"product_tag","embeddable":true,"href":"https:\/\/www.nogometnizaotroke.com\/hr\/wp-json\/wp\/v2\/product_tag?post=11729"}],"curies":[{"name":"wp","href":"https:\/\/api.w.org\/{rel}","templated":true}]}}