{"id":11212,"date":"2024-03-06T02:05:29","date_gmt":"2024-03-06T02:05:29","guid":{"rendered":"https:\/\/www.nogometnionline.com\/?post_type=product&#038;p=11212"},"modified":"2024-03-06T02:12:30","modified_gmt":"2024-03-06T02:12:30","slug":"kupiti-moski-nogometni-dresi-kompleti-tottenham-hotspur-gostujoci-2023-2024","status":"publish","type":"product","link":"https:\/\/www.nogometnizaotroke.com\/hr\/product\/kupiti-moski-nogometni-dresi-kompleti-tottenham-hotspur-gostujoci-2023-2024\/","title":{"rendered":"Kupiti Mo\u0161ki Nogometni dresi kompleti Tottenham Hotspur Gostujo\u010di 2023-2024"},"content":{"rendered":"<p>Kupiti Mo\u0161ki Nogometni dresi kompleti Tottenham Hotspur Gostujo\u010di 2023-2024<\/p>\n<p>Nasveti za nogavice: Majica ne vsebuje nogavic privzeto. \u010ce \u017eelite nogavice, izberite mo\u017enosti nogavic, da jih pla\u010date.<\/p>\n<p>Nasveti za tiskom: \u010ce sta ime in \u0161tevilka na sliki natanko to, kar \u017eelite, vam tega ni treba ve\u010d vna\u0161ati. \u010ce ni, potem vnesite \u017eeleno ime in \u0161tevilko.<\/p>\n<p>Nasveti za pranje: Priporo\u010dljivo je, da nogometni dresi operete ro\u010dno. \u010ce \u017eelite uporabiti pralni stroj, ne pozabite obrniti majice in jo nato oprati. In napolnite stroj s hladno vodo in uporabite ne\u017een cikel pranja, da boste bolj za\u0161\u010ditili barve.<\/p>","protected":false},"excerpt":{"rendered":"<p>Kupiti Mo\u0161ki Nogometni dresi kompleti Tottenham Hotspur Gostujo\u010di 2023-2024 Nasveti za nogavice: Majica ne vsebuje nogavic privzeto. \u010ce \u017eelite nogavice, izberite mo\u017enosti nogavic, da jih pla\u010date. Nasveti za tiskom: \u010ce sta ime in \u0161tevilka na sliki natanko to, kar \u017eelite, vam tega ni treba ve\u010d vna\u0161ati. \u010ce ni, potem vnesite \u017eeleno ime in \u0161tevilko. Nasveti [&hellip;]<\/p>","protected":false},"featured_media":11214,"comment_status":"open","ping_status":"closed","template":"","meta":[],"product_brand":[],"product_cat":[140,42],"product_tag":[153,545,547,546,770,768,148,200,750,769],"class_list":{"0":"post-11212","1":"product","2":"type-product","3":"status-publish","4":"has-post-thumbnail","6":"product_cat-moski","7":"product_cat-nogometni-dresi-tottenham-hotspur","8":"product_tag-nogometni-dresi","9":"product_tag-nogometni-dresi-slovenija","10":"product_tag-nogometni-dresi-tottenham-hotspur-prodaja","11":"product_tag-nogometni-dresi-tottenham-hotspur-z-lastnim-tiskom","12":"product_tag-otroski-nogometni-dresi-tottenham-hotspur","13":"product_tag-poceni-moski-nogometni-dresi","14":"product_tag-poceni-nogometni-dresi","15":"product_tag-poceni-nogometni-dresi-tottenham-hotspur-z-lastnim-imenom-online","16":"product_tag-tottenham-hotspur-dresi-2024","17":"product_tag-tottenham-hotspur-dresi-23-24","19":"first","20":"instock","21":"featured","22":"shipping-taxable","23":"purchasable","24":"product-type-variable"},"_links":{"self":[{"href":"https:\/\/www.nogometnizaotroke.com\/hr\/wp-json\/wp\/v2\/product\/11212","targetHints":{"allow":["GET"]}}],"collection":[{"href":"https:\/\/www.nogometnizaotroke.com\/hr\/wp-json\/wp\/v2\/product"}],"about":[{"href":"https:\/\/www.nogometnizaotroke.com\/hr\/wp-json\/wp\/v2\/types\/product"}],"replies":[{"embeddable":true,"href":"https:\/\/www.nogometnizaotroke.com\/hr\/wp-json\/wp\/v2\/comments?post=11212"}],"wp:featuredmedia":[{"embeddable":true,"href":"https:\/\/www.nogometnizaotroke.com\/hr\/wp-json\/wp\/v2\/media\/11214"}],"wp:attachment":[{"href":"https:\/\/www.nogometnizaotroke.com\/hr\/wp-json\/wp\/v2\/media?parent=11212"}],"wp:term":[{"taxonomy":"product_brand","embeddable":true,"href":"https:\/\/www.nogometnizaotroke.com\/hr\/wp-json\/wp\/v2\/product_brand?post=11212"},{"taxonomy":"product_cat","embeddable":true,"href":"https:\/\/www.nogometnizaotroke.com\/hr\/wp-json\/wp\/v2\/product_cat?post=11212"},{"taxonomy":"product_tag","embeddable":true,"href":"https:\/\/www.nogometnizaotroke.com\/hr\/wp-json\/wp\/v2\/product_tag?post=11212"}],"curies":[{"name":"wp","href":"https:\/\/api.w.org\/{rel}","templated":true}]}}