{"id":27082,"date":"2026-01-13T09:29:09","date_gmt":"2026-01-13T09:29:09","guid":{"rendered":"https:\/\/www.nogometnizaotroke.com\/?post_type=product&#038;p=27082"},"modified":"2026-01-13T09:29:10","modified_gmt":"2026-01-13T09:29:10","slug":"otroski-nogometni-dresi-argentina-2025-26-e-martinez-23","status":"publish","type":"product","link":"https:\/\/www.nogometnizaotroke.com\/fr\/product\/otroski-nogometni-dresi-argentina-2025-26-e-martinez-23\/","title":{"rendered":"Otro\u0161ki nogometni dresi Argentina 2025-26 &#8211; E. Martinez 23"},"content":{"rendered":"<p>Ali va\u0161 mladi nogometa\u0161 sanja o neverjetnih obrambah, s katerimi bi svojo ekipo pripeljal do zmage? Zdaj lahko oble\u010de uradni videz najbolj\u0161ega vratarja na svetu. Predstavljamo otro\u0161ki nogometni dresi Argentina za sezono 2025-26, ki ga nosi legendarna \u0161tevilka 23, Emiliano Martinez.<\/p>\n<p>Personalizacija po va\u0161i meri: \u010ceprav je dres opremljen z imenom Martineza, ponujamo mo\u017enost popolne prilagoditve. \u017delite na hrbtu ime svojega otroka in njegovo najljub\u0161o \u0161tevilko? Pri nas lahko naro\u010dite dres s poljubnim tiskom, ki je narejen profesionalno in trajno.<\/p>\n<p>Conseils pour les chaussettes : le T-shirt ne comprend pas de chaussettes par d\u00e9faut. Si vous souhaitez des chaussettes, s\u00e9lectionnez les options chaussettes pour les payer.<\/p>\n<p>Conseil d'impression : si le nom et le num\u00e9ro figurant dans l'image correspondent exactement \u00e0 ce que vous souhaitez, il n'est pas n\u00e9cessaire de les saisir \u00e0 nouveau. Si ce n'est pas le cas, entrez le nom et le num\u00e9ro que vous souhaitez.<\/p>\n<p>Conseil de lavage : il est recommand\u00e9 de laver les maillots de football \u00e0 la main. Si vous souhaitez utiliser une machine \u00e0 laver, n'oubliez pas de retourner le maillot avant de le laver. Remplissez la machine avec de l'eau froide et utilisez un cycle de lavage doux pour mieux prot\u00e9ger les couleurs.<\/p>","protected":false},"excerpt":{"rendered":"<p>Ali va\u0161 mladi nogometa\u0161 sanja o neverjetnih obrambah, s katerimi bi svojo ekipo pripeljal do zmage? Zdaj lahko oble\u010de uradni videz najbolj\u0161ega vratarja na svetu. Predstavljamo otro\u0161ki nogometni dresi Argentina za sezono 2025-26, ki ga nosi legendarna \u0161tevilka 23, Emiliano Martinez. Personalizacija po va\u0161i meri: \u010ceprav je dres opremljen z imenom Martineza, ponujamo mo\u017enost popolne [&hellip;]<\/p>","protected":false},"featured_media":27084,"comment_status":"open","ping_status":"closed","template":"","meta":[],"product_brand":[],"product_cat":[73,81],"product_tag":[1913,1392,159,1915,1914,148],"class_list":{"0":"post-27082","1":"product","2":"type-product","3":"status-publish","4":"has-post-thumbnail","6":"product_cat-otroski","7":"product_cat-dresi-argentina-reprezentance","8":"product_tag-argentina-dresi-2025-26","9":"product_tag-emiliano-martinez-dresi","10":"product_tag-otroski-nogometni-dresi","11":"product_tag-otroski-nogometni-komplet","12":"product_tag-personaliziran-nogometni-dres","13":"product_tag-poceni-nogometni-dresi","15":"first","16":"instock","17":"shipping-taxable","18":"purchasable","19":"product-type-variable"},"_links":{"self":[{"href":"https:\/\/www.nogometnizaotroke.com\/fr\/wp-json\/wp\/v2\/product\/27082","targetHints":{"allow":["GET"]}}],"collection":[{"href":"https:\/\/www.nogometnizaotroke.com\/fr\/wp-json\/wp\/v2\/product"}],"about":[{"href":"https:\/\/www.nogometnizaotroke.com\/fr\/wp-json\/wp\/v2\/types\/product"}],"replies":[{"embeddable":true,"href":"https:\/\/www.nogometnizaotroke.com\/fr\/wp-json\/wp\/v2\/comments?post=27082"}],"wp:featuredmedia":[{"embeddable":true,"href":"https:\/\/www.nogometnizaotroke.com\/fr\/wp-json\/wp\/v2\/media\/27084"}],"wp:attachment":[{"href":"https:\/\/www.nogometnizaotroke.com\/fr\/wp-json\/wp\/v2\/media?parent=27082"}],"wp:term":[{"taxonomy":"product_brand","embeddable":true,"href":"https:\/\/www.nogometnizaotroke.com\/fr\/wp-json\/wp\/v2\/product_brand?post=27082"},{"taxonomy":"product_cat","embeddable":true,"href":"https:\/\/www.nogometnizaotroke.com\/fr\/wp-json\/wp\/v2\/product_cat?post=27082"},{"taxonomy":"product_tag","embeddable":true,"href":"https:\/\/www.nogometnizaotroke.com\/fr\/wp-json\/wp\/v2\/product_tag?post=27082"}],"curies":[{"name":"wp","href":"https:\/\/api.w.org\/{rel}","templated":true}]}}