{"id":27079,"date":"2026-01-13T09:29:00","date_gmt":"2026-01-13T09:29:00","guid":{"rendered":"https:\/\/www.nogometnizaotroke.com\/?post_type=product&#038;p=27079"},"modified":"2026-01-13T09:29:05","modified_gmt":"2026-01-13T09:29:05","slug":"otroski-nogometni-dresi-kompleti-argentina-2025-26-crna","status":"publish","type":"product","link":"https:\/\/www.nogometnizaotroke.com\/fr\/product\/otroski-nogometni-dresi-kompleti-argentina-2025-26-crna\/","title":{"rendered":"Otro\u0161ki nogometni dresi kompleti Argentina 2025-26 \u010drna"},"content":{"rendered":"<p>Nova sezona prina\u0161a drzen in moderen videz za vse mlade ljubitelje nogometa. Ta otro\u0161ki nogometni dresi kompleti v elegantni \u010drni barvi z zlatimi detajli predstavlja mo\u010d in presti\u017e aktualnih svetovnih prvakov. Zasnovan je za udobje na igri\u0161\u010du in ponosno no\u0161enje na tribunah ali med igro s prijatelji.<\/p>\n<p>Personalizacija \u2013 unikaten dres za va\u0161ega otroka: \u017delite, da dres postane \u0161e bolj poseben? Ponujamo storitev personaliziranega tiska. Na dres lahko natisnemo ime va\u0161ega otroka in poljubno \u0161tevilko. Uporabljamo profesionalno tehnologijo tiska, ki zagotavlja dolgo obstojnost tudi po \u0161tevilnih pranjih.<\/p>\n<p>Conseils pour les chaussettes : le T-shirt ne comprend pas de chaussettes par d\u00e9faut. Si vous souhaitez des chaussettes, s\u00e9lectionnez les options chaussettes pour les payer.<\/p>\n<p>Conseil d'impression : si le nom et le num\u00e9ro figurant dans l'image correspondent exactement \u00e0 ce que vous souhaitez, il n'est pas n\u00e9cessaire de les saisir \u00e0 nouveau. Si ce n'est pas le cas, entrez le nom et le num\u00e9ro que vous souhaitez.<\/p>\n<p>Conseil de lavage : il est recommand\u00e9 de laver les maillots de football \u00e0 la main. Si vous souhaitez utiliser une machine \u00e0 laver, n'oubliez pas de retourner le maillot avant de le laver. Remplissez la machine avec de l'eau froide et utilisez un cycle de lavage doux pour mieux prot\u00e9ger les couleurs.<\/p>","protected":false},"excerpt":{"rendered":"<p>Nova sezona prina\u0161a drzen in moderen videz za vse mlade ljubitelje nogometa. Ta otro\u0161ki nogometni dresi kompleti v elegantni \u010drni barvi z zlatimi detajli predstavlja mo\u010d in presti\u017e aktualnih svetovnih prvakov. Zasnovan je za udobje na igri\u0161\u010du in ponosno no\u0161enje na tribunah ali med igro s prijatelji. Personalizacija \u2013 unikaten dres za va\u0161ega otroka: \u017delite, [&hellip;]<\/p>","protected":false},"featured_media":27081,"comment_status":"open","ping_status":"closed","template":"","meta":[],"product_brand":[],"product_cat":[73,81],"product_tag":[1913,159,1915,1914,148],"class_list":{"0":"post-27079","1":"product","2":"type-product","3":"status-publish","4":"has-post-thumbnail","6":"product_cat-otroski","7":"product_cat-dresi-argentina-reprezentance","8":"product_tag-argentina-dresi-2025-26","9":"product_tag-otroski-nogometni-dresi","10":"product_tag-otroski-nogometni-komplet","11":"product_tag-personaliziran-nogometni-dres","12":"product_tag-poceni-nogometni-dresi","14":"first","15":"instock","16":"shipping-taxable","17":"purchasable","18":"product-type-variable"},"_links":{"self":[{"href":"https:\/\/www.nogometnizaotroke.com\/fr\/wp-json\/wp\/v2\/product\/27079","targetHints":{"allow":["GET"]}}],"collection":[{"href":"https:\/\/www.nogometnizaotroke.com\/fr\/wp-json\/wp\/v2\/product"}],"about":[{"href":"https:\/\/www.nogometnizaotroke.com\/fr\/wp-json\/wp\/v2\/types\/product"}],"replies":[{"embeddable":true,"href":"https:\/\/www.nogometnizaotroke.com\/fr\/wp-json\/wp\/v2\/comments?post=27079"}],"wp:featuredmedia":[{"embeddable":true,"href":"https:\/\/www.nogometnizaotroke.com\/fr\/wp-json\/wp\/v2\/media\/27081"}],"wp:attachment":[{"href":"https:\/\/www.nogometnizaotroke.com\/fr\/wp-json\/wp\/v2\/media?parent=27079"}],"wp:term":[{"taxonomy":"product_brand","embeddable":true,"href":"https:\/\/www.nogometnizaotroke.com\/fr\/wp-json\/wp\/v2\/product_brand?post=27079"},{"taxonomy":"product_cat","embeddable":true,"href":"https:\/\/www.nogometnizaotroke.com\/fr\/wp-json\/wp\/v2\/product_cat?post=27079"},{"taxonomy":"product_tag","embeddable":true,"href":"https:\/\/www.nogometnizaotroke.com\/fr\/wp-json\/wp\/v2\/product_tag?post=27079"}],"curies":[{"name":"wp","href":"https:\/\/api.w.org\/{rel}","templated":true}]}}