{"id":25416,"date":"2025-06-27T03:51:21","date_gmt":"2025-06-27T03:51:21","guid":{"rendered":"https:\/\/www.nogometnizaotroke.com\/?post_type=product&#038;p=25416"},"modified":"2025-07-14T07:45:47","modified_gmt":"2025-07-14T07:45:47","slug":"moske-nogometnih-dresov-paris-saint-germain-psg-domaci-2025-26-ousmane-dembele-10","status":"publish","type":"product","link":"https:\/\/www.nogometnizaotroke.com\/fr\/product\/moske-nogometnih-dresov-paris-saint-germain-psg-domaci-2025-26-ousmane-dembele-10\/","title":{"rendered":"Mo\u0161ke Nogometnih dresov Paris Saint-Germain PSG Doma\u010di 2025-26 Ousmane Demb\u00e9l\u00e9 10"},"content":{"rendered":"<h3>Mo\u0161ke Nogometnih dresov Paris Saint-Germain PSG Doma\u010di 2025-26<\/h3>\n<p>Doma\u010di dres Paris Saint-Germain 25\/26 zdru\u017euje znane Hechtove \u010drte z arhitekturnim slogom najbolj znanih pari\u0161kih spomenikov. Kri\u017eni \u0161iv je neposredno navdihnjen z zunanjo strukturo Eifflovega stolpa, Louvra in Centra Pompidou ter je ena najbolj\u0161ih interpretacij doma\u010dega dresa Paris Saint-Germain v zadnjih letih.<\/p>\n<p>Conseils pour les chaussettes : le T-shirt ne comprend pas de chaussettes par d\u00e9faut. Si vous souhaitez des chaussettes, s\u00e9lectionnez les options chaussettes pour les payer.<\/p>\n<p>Conseil d'impression : si le nom et le num\u00e9ro figurant dans l'image correspondent exactement \u00e0 ce que vous souhaitez, il n'est pas n\u00e9cessaire de les saisir \u00e0 nouveau. Si ce n'est pas le cas, entrez le nom et le num\u00e9ro que vous souhaitez.<\/p>\n<p>Conseil de lavage : il est recommand\u00e9 de laver les maillots de football \u00e0 la main. Si vous souhaitez utiliser une machine \u00e0 laver, n'oubliez pas de retourner le maillot avant de le laver. Remplissez la machine avec de l'eau froide et utilisez un cycle de lavage doux pour mieux prot\u00e9ger les couleurs.<\/p>","protected":false},"excerpt":{"rendered":"<p>Mo\u0161ke Nogometnih dresov Paris Saint-Germain PSG Doma\u010di 2025-26 Doma\u010di dres Paris Saint-Germain 25\/26 zdru\u017euje znane Hechtove \u010drte z arhitekturnim slogom najbolj znanih pari\u0161kih spomenikov. Kri\u017eni \u0161iv je neposredno navdihnjen z zunanjo strukturo Eifflovega stolpa, Louvra in Centra Pompidou ter je ena najbolj\u0161ih interpretacij doma\u010dega dresa Paris Saint-Germain v zadnjih letih. Nasveti za nogavice: Majica ne [&hellip;]<\/p>","protected":false},"featured_media":25418,"comment_status":"open","ping_status":"closed","template":"","meta":[],"product_brand":[],"product_cat":[140,37],"product_tag":[946,1834,148,1835,1831,1832],"class_list":{"0":"post-25416","1":"product","2":"type-product","3":"status-publish","4":"has-post-thumbnail","6":"product_cat-moski","7":"product_cat-nogometni-dresi-psg","8":"product_tag-moske-nogometnih-dresov","9":"product_tag-ousmane-dembele-dresov","10":"product_tag-poceni-nogometni-dresi","11":"product_tag-psg-dresov","12":"product_tag-psg-dresov-2025-26","13":"product_tag-psg-dresov-prodaja","15":"first","16":"instock","17":"shipping-taxable","18":"purchasable","19":"product-type-variable"},"_links":{"self":[{"href":"https:\/\/www.nogometnizaotroke.com\/fr\/wp-json\/wp\/v2\/product\/25416","targetHints":{"allow":["GET"]}}],"collection":[{"href":"https:\/\/www.nogometnizaotroke.com\/fr\/wp-json\/wp\/v2\/product"}],"about":[{"href":"https:\/\/www.nogometnizaotroke.com\/fr\/wp-json\/wp\/v2\/types\/product"}],"replies":[{"embeddable":true,"href":"https:\/\/www.nogometnizaotroke.com\/fr\/wp-json\/wp\/v2\/comments?post=25416"}],"wp:featuredmedia":[{"embeddable":true,"href":"https:\/\/www.nogometnizaotroke.com\/fr\/wp-json\/wp\/v2\/media\/25418"}],"wp:attachment":[{"href":"https:\/\/www.nogometnizaotroke.com\/fr\/wp-json\/wp\/v2\/media?parent=25416"}],"wp:term":[{"taxonomy":"product_brand","embeddable":true,"href":"https:\/\/www.nogometnizaotroke.com\/fr\/wp-json\/wp\/v2\/product_brand?post=25416"},{"taxonomy":"product_cat","embeddable":true,"href":"https:\/\/www.nogometnizaotroke.com\/fr\/wp-json\/wp\/v2\/product_cat?post=25416"},{"taxonomy":"product_tag","embeddable":true,"href":"https:\/\/www.nogometnizaotroke.com\/fr\/wp-json\/wp\/v2\/product_tag?post=25416"}],"curies":[{"name":"wp","href":"https:\/\/api.w.org\/{rel}","templated":true}]}}