{"id":25180,"date":"2025-06-16T06:44:50","date_gmt":"2025-06-16T06:44:50","guid":{"rendered":"https:\/\/www.nogometnizaotroke.com\/?post_type=product&#038;p=25180"},"modified":"2025-06-16T06:48:19","modified_gmt":"2025-06-16T06:48:19","slug":"tottenham-hotspur-domaci-2025-26-otroski-dresi-komplet-cristian-romero-17","status":"publish","type":"product","link":"https:\/\/www.nogometnizaotroke.com\/fr\/product\/tottenham-hotspur-domaci-2025-26-otroski-dresi-komplet-cristian-romero-17\/","title":{"rendered":"Tottenham Hotspur Doma\u010di 2025-26 Otro\u0161ki dresi komplet Cristian Romero 17"},"content":{"rendered":"<h3>Tottenham Hotspur Doma\u010di 2025-26 Otro\u0161ki dresi komplet Cristian Romero 17<\/h3>\n<p>Nasveti za nogavice: Majica ne vsebuje nogavic privzeto. \u010ce \u017eelite nogavice, izberite mo\u017enosti nogavic, da jih pla\u010date. Nasveti za tiskom:<\/p>\n<p>\u010ce sta ime in \u0161tevilka na sliki natanko to, kar \u017eelite, vam tega ni treba ve\u010d vna\u0161ati. \u010ce ni, potem vnesite \u017eeleno ime in \u0161tevilko.<\/p>\n<p>Conseil de lavage : il est recommand\u00e9 de laver les maillots de football \u00e0 la main. Si vous souhaitez utiliser une machine \u00e0 laver, n'oubliez pas de retourner le maillot avant de le laver. Remplissez la machine avec de l'eau froide et utilisez un cycle de lavage doux pour mieux prot\u00e9ger les couleurs.<\/p>","protected":false},"excerpt":{"rendered":"<p>Tottenham Hotspur Doma\u010di 2025-26 Otro\u0161ki dresi komplet Cristian Romero 17 Nasveti za nogavice: Majica ne vsebuje nogavic privzeto. \u010ce \u017eelite nogavice, izberite mo\u017enosti nogavic, da jih pla\u010date. Nasveti za tiskom: \u010ce sta ime in \u0161tevilka na sliki natanko to, kar \u017eelite, vam tega ni treba ve\u010d vna\u0161ati. \u010ce ni, potem vnesite \u017eeleno ime in \u0161tevilko. [&hellip;]<\/p>","protected":false},"featured_media":25182,"comment_status":"open","ping_status":"closed","template":"","meta":[],"product_brand":[],"product_cat":[73,15,42],"product_tag":[1393,1826,837,591,159,148,147],"class_list":{"0":"post-25180","1":"product","2":"type-product","3":"status-publish","4":"has-post-thumbnail","6":"product_cat-otroski","7":"product_cat-klubi","8":"product_cat-nogometni-dresi-tottenham-hotspur","9":"product_tag-cristian-romero-dresi","10":"product_tag-dresi-tottenham-hotspur-za-otroski","11":"product_tag-dresi-za-nogomet","12":"product_tag-otroski-dresi-tottenham-hotspur-z-lastnim-imenom","13":"product_tag-otroski-nogometni-dresi","14":"product_tag-poceni-nogometni-dresi","15":"product_tag-slovenski-nogometni-dresi","17":"first","18":"instock","19":"shipping-taxable","20":"purchasable","21":"product-type-variable"},"_links":{"self":[{"href":"https:\/\/www.nogometnizaotroke.com\/fr\/wp-json\/wp\/v2\/product\/25180","targetHints":{"allow":["GET"]}}],"collection":[{"href":"https:\/\/www.nogometnizaotroke.com\/fr\/wp-json\/wp\/v2\/product"}],"about":[{"href":"https:\/\/www.nogometnizaotroke.com\/fr\/wp-json\/wp\/v2\/types\/product"}],"replies":[{"embeddable":true,"href":"https:\/\/www.nogometnizaotroke.com\/fr\/wp-json\/wp\/v2\/comments?post=25180"}],"wp:featuredmedia":[{"embeddable":true,"href":"https:\/\/www.nogometnizaotroke.com\/fr\/wp-json\/wp\/v2\/media\/25182"}],"wp:attachment":[{"href":"https:\/\/www.nogometnizaotroke.com\/fr\/wp-json\/wp\/v2\/media?parent=25180"}],"wp:term":[{"taxonomy":"product_brand","embeddable":true,"href":"https:\/\/www.nogometnizaotroke.com\/fr\/wp-json\/wp\/v2\/product_brand?post=25180"},{"taxonomy":"product_cat","embeddable":true,"href":"https:\/\/www.nogometnizaotroke.com\/fr\/wp-json\/wp\/v2\/product_cat?post=25180"},{"taxonomy":"product_tag","embeddable":true,"href":"https:\/\/www.nogometnizaotroke.com\/fr\/wp-json\/wp\/v2\/product_tag?post=25180"}],"curies":[{"name":"wp","href":"https:\/\/api.w.org\/{rel}","templated":true}]}}