{"id":24249,"date":"2025-05-11T14:10:18","date_gmt":"2025-05-11T14:10:18","guid":{"rendered":"https:\/\/www.nogometnizaotroke.com\/?post_type=product&#038;p=24249"},"modified":"2025-05-14T10:08:02","modified_gmt":"2025-05-14T10:08:02","slug":"novi-otroski-dres-hrvaske-reprezentance-vratar-2024-25-dominik-livakovic-1","status":"publish","type":"product","link":"https:\/\/www.nogometnizaotroke.com\/fr\/product\/novi-otroski-dres-hrvaske-reprezentance-vratar-2024-25-dominik-livakovic-1\/","title":{"rendered":"Novi Otro\u0161ki dres Hrva\u0161ke reprezentance Vratar 2024\/25 \u2013 Dominik Livakovi\u0107 1"},"content":{"rendered":"<h3>Navdu\u0161ite svojega malega vratarja z najnovej\u0161im otro\u0161kim dresom Hrva\u0161ke reprezentance 2024\/25!<\/h3>\n<p>Ta ekskluzivni komplet je navdihnjen po legendarnem vratarju Dominiku Livakovi\u0107u, z uradnim videzom in \u0161tevilko 1.<\/p>\n<p>\ud83d\udd34\u26aa Majica s kratkimi rokavi in kratke hla\u010de v uradnem reprezentan\u010dnem slogu<\/p>\n<p>\ud83e\udde4 Tisk z imenom in \u0161tevilko: Dominik Livakovi\u0107 1<\/p>\n<p>\ud83d\udca8 Lahek, zra\u010den in udoben material \u2013 popoln za igro ali vsakodnevno no\u0161enje<\/p>\n<p>\ud83e\uddd2 Na voljo v razli\u010dnih otro\u0161kih velikostih<\/p>\n<p>\ud83c\udded\ud83c\uddf7 Uradni dizajn Hrva\u0161ke reprezentance za sezono 2024\/25<\/p>\n<p>Idealen za vse mlade navija\u010de, bodo\u010de vratarje ali kot posebno darilo!<\/p>\n<p>Conseils pour les chaussettes : le T-shirt ne comprend pas de chaussettes par d\u00e9faut. Si vous souhaitez des chaussettes, s\u00e9lectionnez les options chaussettes pour les payer.<\/p>\n<p>Conseil d'impression : si le nom et le num\u00e9ro figurant dans l'image correspondent exactement \u00e0 ce que vous souhaitez, il n'est pas n\u00e9cessaire de les saisir \u00e0 nouveau. Si ce n'est pas le cas, entrez le nom et le num\u00e9ro que vous souhaitez.<\/p>\n<p>Conseil de lavage : il est recommand\u00e9 de laver les maillots de football \u00e0 la main. Si vous souhaitez utiliser une machine \u00e0 laver, n'oubliez pas de retourner le maillot avant de le laver. Remplissez la machine avec de l'eau froide et utilisez un cycle de lavage doux pour mieux prot\u00e9ger les couleurs.<\/p>","protected":false},"excerpt":{"rendered":"<p>Navdu\u0161ite svojega malega vratarja z najnovej\u0161im otro\u0161kim dresom Hrva\u0161ke reprezentance 2024\/25! Ta ekskluzivni komplet je navdihnjen po legendarnem vratarju Dominiku Livakovi\u0107u, z uradnim videzom in \u0161tevilko 1. \ud83d\udd34\u26aa Majica s kratkimi rokavi in kratke hla\u010de v uradnem reprezentan\u010dnem slogu \ud83e\udde4 Tisk z imenom in \u0161tevilko: Dominik Livakovi\u0107 1 \ud83d\udca8 Lahek, zra\u010den in udoben material \u2013 [&hellip;]<\/p>","protected":false},"featured_media":24251,"comment_status":"open","ping_status":"closed","template":"","meta":[],"product_brand":[],"product_cat":[73,77],"product_tag":[1796,153,220,1779,1797,159,1798,148,1787],"class_list":{"0":"post-24249","1":"product","2":"type-product","3":"status-publish","4":"has-post-thumbnail","6":"product_cat-otroski","7":"product_cat-dresi-hrvaska-reprezentance","8":"product_tag-dresi-hrvaska-za-otroke","9":"product_tag-nogometni-dresi","10":"product_tag-nogometni-dresi-za-otroke","11":"product_tag-otroski-dresi","12":"product_tag-otroski-dresi-hrvaska-z-lastnim-imenom","13":"product_tag-otroski-nogometni-dresi","14":"product_tag-otroski-nogometni-dresi-hrvaska","15":"product_tag-poceni-nogometni-dresi","16":"product_tag-slovenski-dres","18":"first","19":"instock","20":"shipping-taxable","21":"purchasable","22":"product-type-variable"},"_links":{"self":[{"href":"https:\/\/www.nogometnizaotroke.com\/fr\/wp-json\/wp\/v2\/product\/24249","targetHints":{"allow":["GET"]}}],"collection":[{"href":"https:\/\/www.nogometnizaotroke.com\/fr\/wp-json\/wp\/v2\/product"}],"about":[{"href":"https:\/\/www.nogometnizaotroke.com\/fr\/wp-json\/wp\/v2\/types\/product"}],"replies":[{"embeddable":true,"href":"https:\/\/www.nogometnizaotroke.com\/fr\/wp-json\/wp\/v2\/comments?post=24249"}],"wp:featuredmedia":[{"embeddable":true,"href":"https:\/\/www.nogometnizaotroke.com\/fr\/wp-json\/wp\/v2\/media\/24251"}],"wp:attachment":[{"href":"https:\/\/www.nogometnizaotroke.com\/fr\/wp-json\/wp\/v2\/media?parent=24249"}],"wp:term":[{"taxonomy":"product_brand","embeddable":true,"href":"https:\/\/www.nogometnizaotroke.com\/fr\/wp-json\/wp\/v2\/product_brand?post=24249"},{"taxonomy":"product_cat","embeddable":true,"href":"https:\/\/www.nogometnizaotroke.com\/fr\/wp-json\/wp\/v2\/product_cat?post=24249"},{"taxonomy":"product_tag","embeddable":true,"href":"https:\/\/www.nogometnizaotroke.com\/fr\/wp-json\/wp\/v2\/product_tag?post=24249"}],"curies":[{"name":"wp","href":"https:\/\/api.w.org\/{rel}","templated":true}]}}