{"id":24034,"date":"2025-03-26T13:51:56","date_gmt":"2025-03-26T13:51:56","guid":{"rendered":"https:\/\/www.nogometnizaotroke.com\/?post_type=product&#038;p=24034"},"modified":"2025-04-08T08:18:46","modified_gmt":"2025-04-08T08:18:46","slug":"messi-dres-za-otroke-inter-miami-cf-domaci-2025-26","status":"publish","type":"product","link":"https:\/\/www.nogometnizaotroke.com\/fr\/product\/messi-dres-za-otroke-inter-miami-cf-domaci-2025-26\/","title":{"rendered":"Otro\u0161ke Nogometnih dresov Komplet za otroke Inter Miami CF Doma\u010di 2025-26 Lionel Messi 10"},"content":{"rendered":"<p>Klasi\u010dne nogometne \u010drte <strong>messi dres za otroke<\/strong>, zaklju\u010dene v takoj prepoznavnih barvah Inter Miami CF. Ta dres, ki izstopa v dveh odtenkih roza, ne pu\u0161\u010da dvomov o va\u0161em najljub\u0161em klubu. Ustvarjen za navija\u010de, ima AEROREADY za uravnavanje vlage za celodnevno udobje in vrhunsko tkano zna\u010dko za popoln ponos ekipe. Ta izdelek je narejen iz 100 % recikliranih materialov. S ponovno uporabo materialov, ki so \u017ee bili ustvarjeni, pomagamo zmanj\u0161ati odpadke in na\u0161o odvisnost od omejenih virov ter zmanj\u0161ati odtis izdelkov, ki jih izdelujemo.<\/p>\n<h3>Lastnosti izdelka<\/h3>\n<ul>\n<li>Crewneck dizajn<\/li>\n<li>AEROREADY tech odvaja vlago<\/li>\n<li>Stranski mre\u017easti vlo\u017eki za zra\u010dnost<\/li>\n<li>Na\u0161it grb Inter Miami CF<\/li>\n<li>100% poliester<\/li>\n<li>Strojno pranje<\/li>\n<\/ul>\n<p>Conseils pour les chaussettes : le T-shirt ne comprend pas de chaussettes par d\u00e9faut. Si vous souhaitez des chaussettes, s\u00e9lectionnez les options chaussettes pour les payer.<\/p>\n<p>Conseil d'impression : si le nom et le num\u00e9ro figurant dans l'image correspondent exactement \u00e0 ce que vous souhaitez, il n'est pas n\u00e9cessaire de les saisir \u00e0 nouveau. Si ce n'est pas le cas, entrez le nom et le num\u00e9ro que vous souhaitez.<\/p>\n<p>Conseil de lavage : il est recommand\u00e9 de laver les maillots de football \u00e0 la main. Si vous souhaitez utiliser une machine \u00e0 laver, n'oubliez pas de retourner le maillot avant de le laver. Remplissez la machine avec de l'eau froide et utilisez un cycle de lavage doux pour mieux prot\u00e9ger les couleurs.<\/p>\n<p><img fetchpriority=\"high\" decoding=\"async\" class=\"size-full wp-image-24023\" src=\"https:\/\/www.nogometnizaotroke.com\/wp-content\/uploads\/2025\/03\/Inter-Miami-CF-dres.jpg\" alt=\"Inter Miami CF dres\" width=\"1280\" height=\"720\" srcset=\"https:\/\/www.nogometnizaotroke.com\/wp-content\/uploads\/2025\/03\/Inter-Miami-CF-dres.jpg 1280w, https:\/\/www.nogometnizaotroke.com\/wp-content\/uploads\/2025\/03\/Inter-Miami-CF-dres-300x169.jpg 300w, https:\/\/www.nogometnizaotroke.com\/wp-content\/uploads\/2025\/03\/Inter-Miami-CF-dres-1024x576.jpg 1024w, https:\/\/www.nogometnizaotroke.com\/wp-content\/uploads\/2025\/03\/Inter-Miami-CF-dres-768x432.jpg 768w, https:\/\/www.nogometnizaotroke.com\/wp-content\/uploads\/2025\/03\/Inter-Miami-CF-dres-18x10.jpg 18w, https:\/\/www.nogometnizaotroke.com\/wp-content\/uploads\/2025\/03\/Inter-Miami-CF-dres-600x338.jpg 600w\" sizes=\"(max-width: 1280px) 100vw, 1280px\" \/><\/p>","protected":false},"excerpt":{"rendered":"<p>Klasi\u010dne nogometne \u010drte messi dres za otroke, zaklju\u010dene v takoj prepoznavnih barvah Inter Miami CF. Ta dres, ki izstopa v dveh odtenkih roza, ne pu\u0161\u010da dvomov o va\u0161em najljub\u0161em klubu. Ustvarjen za navija\u010de, ima AEROREADY za uravnavanje vlage za celodnevno udobje in vrhunsko tkano zna\u010dko za popoln ponos ekipe. Ta izdelek je narejen iz 100 [&hellip;]<\/p>","protected":false},"featured_media":24035,"comment_status":"open","ping_status":"closed","template":"","meta":[],"product_brand":[],"product_cat":[73,353],"product_tag":[1383,346,1623,153,1382,148,1084,147],"class_list":{"0":"post-24034","1":"product","2":"type-product","3":"status-publish","4":"has-post-thumbnail","6":"product_cat-otroski","7":"product_cat-nogometni-dresi-inter-miami","8":"product_tag-dresi-inter-miami-za-otroke","9":"product_tag-inter-miami-dres","10":"product_tag-lionel-messi-dres","11":"product_tag-nogometni-dresi","12":"product_tag-otroski-nogometni-dresi-inter-miami","13":"product_tag-poceni-nogometni-dresi","14":"product_tag-poceni-nogometni-dresi-inter-miami","15":"product_tag-slovenski-nogometni-dresi","17":"first","18":"instock","19":"shipping-taxable","20":"purchasable","21":"product-type-variable"},"_links":{"self":[{"href":"https:\/\/www.nogometnizaotroke.com\/fr\/wp-json\/wp\/v2\/product\/24034","targetHints":{"allow":["GET"]}}],"collection":[{"href":"https:\/\/www.nogometnizaotroke.com\/fr\/wp-json\/wp\/v2\/product"}],"about":[{"href":"https:\/\/www.nogometnizaotroke.com\/fr\/wp-json\/wp\/v2\/types\/product"}],"replies":[{"embeddable":true,"href":"https:\/\/www.nogometnizaotroke.com\/fr\/wp-json\/wp\/v2\/comments?post=24034"}],"wp:featuredmedia":[{"embeddable":true,"href":"https:\/\/www.nogometnizaotroke.com\/fr\/wp-json\/wp\/v2\/media\/24035"}],"wp:attachment":[{"href":"https:\/\/www.nogometnizaotroke.com\/fr\/wp-json\/wp\/v2\/media?parent=24034"}],"wp:term":[{"taxonomy":"product_brand","embeddable":true,"href":"https:\/\/www.nogometnizaotroke.com\/fr\/wp-json\/wp\/v2\/product_brand?post=24034"},{"taxonomy":"product_cat","embeddable":true,"href":"https:\/\/www.nogometnizaotroke.com\/fr\/wp-json\/wp\/v2\/product_cat?post=24034"},{"taxonomy":"product_tag","embeddable":true,"href":"https:\/\/www.nogometnizaotroke.com\/fr\/wp-json\/wp\/v2\/product_tag?post=24034"}],"curies":[{"name":"wp","href":"https:\/\/api.w.org\/{rel}","templated":true}]}}