{"id":23536,"date":"2025-02-25T08:56:33","date_gmt":"2025-02-25T08:56:33","guid":{"rendered":"https:\/\/www.nogometnizaotroke.com\/?post_type=product&#038;p=23536"},"modified":"2025-02-25T08:56:34","modified_gmt":"2025-02-25T08:56:34","slug":"zenske-nogometnih-dresov-manchester-city-domaci-2024-25-z-lastnim-tiskom","status":"publish","type":"product","link":"https:\/\/www.nogometnizaotroke.com\/fr\/product\/zenske-nogometnih-dresov-manchester-city-domaci-2024-25-z-lastnim-tiskom\/","title":{"rendered":"\u017denske Nogometnih dresov Manchester City Doma\u010di 2024-25 z lastnim tiskom"},"content":{"rendered":"<p>Ta majica \u017denske Manchester City FC 2024\/25 dresi v modri barvi je narejena iz gladkega, trpe\u017enega poli blaga za dolgotrajno udobje. Zasnovan s tehnologijo dryCELL za odvajanje znoja, se zgleduje po profesionalnem kompletu z rebrastim ovratnikom in kratkimi rokavi ter kontrastnimi \u010drnimi obrobami. Z imenom Kevina De Bruyna in \u0161t. 10, odtisnjenim na zadnji strani, je podpisan z blagovno znamko PUMA na prsih in legendarno zna\u010dko ekipe MCFC. Pralno v pralnem stroju.<\/p>\n<p>Conseils pour les chaussettes : le T-shirt ne comprend pas de chaussettes par d\u00e9faut. Si vous souhaitez des chaussettes, s\u00e9lectionnez les options chaussettes pour les payer.<\/p>\n<p>Conseil d'impression : si le nom et le num\u00e9ro figurant dans l'image correspondent exactement \u00e0 ce que vous souhaitez, il n'est pas n\u00e9cessaire de les saisir \u00e0 nouveau. Si ce n'est pas le cas, entrez le nom et le num\u00e9ro que vous souhaitez.<\/p>\n<p>Conseil de lavage : il est recommand\u00e9 de laver les maillots de football \u00e0 la main. Si vous souhaitez utiliser une machine \u00e0 laver, n'oubliez pas de retourner le maillot avant de le laver. Remplissez la machine avec de l'eau froide et utilisez un cycle de lavage doux pour mieux prot\u00e9ger les couleurs.<\/p>","protected":false},"excerpt":{"rendered":"<p>Ta majica \u017denske Manchester City FC 2024\/25 dresi v modri barvi je narejena iz gladkega, trpe\u017enega poli blaga za dolgotrajno udobje. Zasnovan s tehnologijo dryCELL za odvajanje znoja, se zgleduje po profesionalnem kompletu z rebrastim ovratnikom in kratkimi rokavi ter kontrastnimi \u010drnimi obrobami. Z imenom Kevina De Bruyna in \u0161t. 10, odtisnjenim na zadnji strani, [&hellip;]<\/p>","protected":false},"featured_media":23530,"comment_status":"open","ping_status":"closed","template":"","meta":[],"product_brand":[],"product_cat":[74,44],"product_tag":[1071,1641,1072,1070,1628],"class_list":{"0":"post-23536","1":"product","2":"type-product","3":"status-publish","4":"has-post-thumbnail","6":"product_cat-zenski","7":"product_cat-nogometni-dresi-manchester-city","8":"product_tag-dresi-barcelona-za-zenske","9":"product_tag-erling-haaland-dres","10":"product_tag-zenske-dresi-barcelona-z-lastnim-imenom","11":"product_tag-zenske-nogometni-dresi-barcelona","12":"product_tag-zenske-nogometnih-dresov","14":"first","15":"instock","16":"shipping-taxable","17":"purchasable","18":"product-type-variable"},"_links":{"self":[{"href":"https:\/\/www.nogometnizaotroke.com\/fr\/wp-json\/wp\/v2\/product\/23536","targetHints":{"allow":["GET"]}}],"collection":[{"href":"https:\/\/www.nogometnizaotroke.com\/fr\/wp-json\/wp\/v2\/product"}],"about":[{"href":"https:\/\/www.nogometnizaotroke.com\/fr\/wp-json\/wp\/v2\/types\/product"}],"replies":[{"embeddable":true,"href":"https:\/\/www.nogometnizaotroke.com\/fr\/wp-json\/wp\/v2\/comments?post=23536"}],"wp:featuredmedia":[{"embeddable":true,"href":"https:\/\/www.nogometnizaotroke.com\/fr\/wp-json\/wp\/v2\/media\/23530"}],"wp:attachment":[{"href":"https:\/\/www.nogometnizaotroke.com\/fr\/wp-json\/wp\/v2\/media?parent=23536"}],"wp:term":[{"taxonomy":"product_brand","embeddable":true,"href":"https:\/\/www.nogometnizaotroke.com\/fr\/wp-json\/wp\/v2\/product_brand?post=23536"},{"taxonomy":"product_cat","embeddable":true,"href":"https:\/\/www.nogometnizaotroke.com\/fr\/wp-json\/wp\/v2\/product_cat?post=23536"},{"taxonomy":"product_tag","embeddable":true,"href":"https:\/\/www.nogometnizaotroke.com\/fr\/wp-json\/wp\/v2\/product_tag?post=23536"}],"curies":[{"name":"wp","href":"https:\/\/api.w.org\/{rel}","templated":true}]}}