{"id":23490,"date":"2025-02-19T13:10:52","date_gmt":"2025-02-19T13:10:52","guid":{"rendered":"https:\/\/www.nogometnizaotroke.com\/?post_type=product&#038;p=23490"},"modified":"2025-04-08T08:17:20","modified_gmt":"2025-04-08T08:17:20","slug":"zenske-nogometnih-dresov-barcelona-tretji-2024-25-lamine-yamal-19","status":"publish","type":"product","link":"https:\/\/www.nogometnizaotroke.com\/fr\/product\/zenske-nogometnih-dresov-barcelona-tretji-2024-25-lamine-yamal-19\/","title":{"rendered":"Maillots de football f\u00e9minin Barcelona Third 2024-25 Lamine Yamal 19"},"content":{"rendered":"<p>Ta \u017denske Barcelona Tretji 2024-25 dres, ki ga nosita tako mo\u0161ka kot \u017eenska ekipa FC Barcelona, je namenjen razvoju igre, ki jo imamo radi. Dvojni Swoosh dizajn ozna\u010duje enotnost med obema ekipama in ka\u017ee navzgor, da proslavi vzpon \u017eenskega nogometa. Skupaj lahko navdihnemo naslednjo generacijo \u0161portnikov. Skupaj se dvignemo. Together We Rise Tretja kolekcija 2024\/25 slavi \u0161portnice, umetnice in kulturna gibanja, ki so pustila pe\u010dat klubu in mestu. Tehnologija Stay Dry Dri-FIT odvaja znoj stran od va\u0161e ko\u017ee za hitrej\u0161e izhlapevanje, kar vam pomaga, da ostanete suhi in vam je udobno.<\/p>\n<p>Conseils pour les chaussettes : le T-shirt ne comprend pas de chaussettes par d\u00e9faut. Si vous souhaitez des chaussettes, s\u00e9lectionnez les options chaussettes pour les payer.<\/p>\n<p>Conseil d'impression : si le nom et le num\u00e9ro figurant dans l'image correspondent exactement \u00e0 ce que vous souhaitez, il n'est pas n\u00e9cessaire de les saisir \u00e0 nouveau. Si ce n'est pas le cas, entrez le nom et le num\u00e9ro que vous souhaitez.<\/p>\n<p>Conseil de lavage : il est recommand\u00e9 de laver les maillots de football \u00e0 la main. Si vous souhaitez utiliser une machine \u00e0 laver, n'oubliez pas de retourner le maillot avant de le laver. Remplissez la machine avec de l'eau froide et utilisez un cycle de lavage doux pour mieux prot\u00e9ger les couleurs.<\/p>","protected":false},"excerpt":{"rendered":"<p>Ta \u017denske Barcelona Tretji 2024-25 dres, ki ga nosita tako mo\u0161ka kot \u017eenska ekipa FC Barcelona, je namenjen razvoju igre, ki jo imamo radi. Dvojni Swoosh dizajn ozna\u010duje enotnost med obema ekipama in ka\u017ee navzgor, da proslavi vzpon \u017eenskega nogometa. Skupaj lahko navdihnemo naslednjo generacijo \u0161portnikov. Skupaj se dvignemo. Together We Rise Tretja kolekcija 2024\/25 [&hellip;]<\/p>","protected":false},"featured_media":23492,"comment_status":"open","ping_status":"closed","template":"","meta":[],"product_brand":[],"product_cat":[74,34],"product_tag":[],"class_list":{"0":"post-23490","1":"product","2":"type-product","3":"status-publish","4":"has-post-thumbnail","6":"product_cat-zenski","7":"product_cat-nogometni-dresi-barcelona","9":"first","10":"instock","11":"shipping-taxable","12":"purchasable","13":"product-type-variable"},"_links":{"self":[{"href":"https:\/\/www.nogometnizaotroke.com\/fr\/wp-json\/wp\/v2\/product\/23490","targetHints":{"allow":["GET"]}}],"collection":[{"href":"https:\/\/www.nogometnizaotroke.com\/fr\/wp-json\/wp\/v2\/product"}],"about":[{"href":"https:\/\/www.nogometnizaotroke.com\/fr\/wp-json\/wp\/v2\/types\/product"}],"replies":[{"embeddable":true,"href":"https:\/\/www.nogometnizaotroke.com\/fr\/wp-json\/wp\/v2\/comments?post=23490"}],"wp:featuredmedia":[{"embeddable":true,"href":"https:\/\/www.nogometnizaotroke.com\/fr\/wp-json\/wp\/v2\/media\/23492"}],"wp:attachment":[{"href":"https:\/\/www.nogometnizaotroke.com\/fr\/wp-json\/wp\/v2\/media?parent=23490"}],"wp:term":[{"taxonomy":"product_brand","embeddable":true,"href":"https:\/\/www.nogometnizaotroke.com\/fr\/wp-json\/wp\/v2\/product_brand?post=23490"},{"taxonomy":"product_cat","embeddable":true,"href":"https:\/\/www.nogometnizaotroke.com\/fr\/wp-json\/wp\/v2\/product_cat?post=23490"},{"taxonomy":"product_tag","embeddable":true,"href":"https:\/\/www.nogometnizaotroke.com\/fr\/wp-json\/wp\/v2\/product_tag?post=23490"}],"curies":[{"name":"wp","href":"https:\/\/api.w.org\/{rel}","templated":true}]}}