{"id":23380,"date":"2025-01-24T10:21:49","date_gmt":"2025-01-24T10:21:49","guid":{"rendered":"https:\/\/www.nogometnizaotroke.com\/?post_type=product&#038;p=23380"},"modified":"2025-01-29T12:21:44","modified_gmt":"2025-01-29T12:21:44","slug":"moske-nogometnih-dresov-komplet-portugalska-gostujoci-2025-26-bela","status":"publish","type":"product","link":"https:\/\/www.nogometnizaotroke.com\/fr\/product\/moske-nogometnih-dresov-komplet-portugalska-gostujoci-2025-26-bela\/","title":{"rendered":"Maillots de Foot Hommes Kit Portugal Away 2025-26 blanc"},"content":{"rendered":"<p>Le maillot ext\u00e9rieur du Portugal 2025, qui est principalement blanc cass\u00e9 dans une couleur blanc cass\u00e9 connue sous le nom de \"Sugar Almond\", ce maillot du Portugal pr\u00e9sente un motif graphique moderne \u00e0 points en rouge et vert pour refl\u00e9ter les couleurs du drapeau national. Les d\u00e9tails noirs, y compris ceux du col, cr\u00e9ent un contraste \u00e9l\u00e9gant, tandis que l'\u00e9cusson de la F\u00e9d\u00e9ration portugaise de football (FPF) est fi\u00e8rement affich\u00e9 sur la poitrine, symbolisant la fiert\u00e9 nationale.<\/p>\n<p>Fabriqu\u00e9 \u00e0 partir de mat\u00e9riaux de haute qualit\u00e9, ce maillot du Portugal est confortable et durable pour vous soutenir dans le jeu et pour les loisirs. Le tissu est dot\u00e9 d'une technologie d'\u00e9vacuation de l'humidit\u00e9 qui permet au supporter de rester au frais et au sec. Des mat\u00e9riaux recycl\u00e9s sont utilis\u00e9s pour fabriquer ce maillot.<\/p>","protected":false},"excerpt":{"rendered":"<p>Predstavljamo poceni portugalska mo\u0161ki gostujo\u010di dres 2025, ki je prete\u017eno umazano bel v umazano beli barvi, znani kot &#8220;Sladkorni mandelj&#8221;, ta portugalski dres ima sodoben grafi\u010dni vzorec pik v rde\u010di in zeleni barvi, ki odra\u017ea barve dr\u017eavne zastave. \u010crno okovje, vklju\u010dno z detajli na ovratniku, ustvarja stilski kontrast, medtem ko je grb Portugalske nogometne zveze [&hellip;]<\/p>","protected":false},"featured_media":23382,"comment_status":"open","ping_status":"closed","template":"","meta":[],"product_brand":[],"product_cat":[140,84],"product_tag":[150,153,1617,768,148,1616,147],"class_list":{"0":"post-23380","1":"product","2":"type-product","3":"status-publish","4":"has-post-thumbnail","6":"product_cat-moski","7":"product_cat-dresi-portugalska-reprezentance","8":"product_tag-moski-nogometni-dresi","9":"product_tag-nogometni-dresi","10":"product_tag-nogometni-dresi-portugalska-z-lastnim-imenom","11":"product_tag-poceni-moski-nogometni-dresi","12":"product_tag-poceni-nogometni-dresi","13":"product_tag-poceni-nogometni-dresi-portugalska","14":"product_tag-slovenski-nogometni-dresi","16":"first","17":"instock","18":"shipping-taxable","19":"purchasable","20":"product-type-variable"},"_links":{"self":[{"href":"https:\/\/www.nogometnizaotroke.com\/fr\/wp-json\/wp\/v2\/product\/23380","targetHints":{"allow":["GET"]}}],"collection":[{"href":"https:\/\/www.nogometnizaotroke.com\/fr\/wp-json\/wp\/v2\/product"}],"about":[{"href":"https:\/\/www.nogometnizaotroke.com\/fr\/wp-json\/wp\/v2\/types\/product"}],"replies":[{"embeddable":true,"href":"https:\/\/www.nogometnizaotroke.com\/fr\/wp-json\/wp\/v2\/comments?post=23380"}],"wp:featuredmedia":[{"embeddable":true,"href":"https:\/\/www.nogometnizaotroke.com\/fr\/wp-json\/wp\/v2\/media\/23382"}],"wp:attachment":[{"href":"https:\/\/www.nogometnizaotroke.com\/fr\/wp-json\/wp\/v2\/media?parent=23380"}],"wp:term":[{"taxonomy":"product_brand","embeddable":true,"href":"https:\/\/www.nogometnizaotroke.com\/fr\/wp-json\/wp\/v2\/product_brand?post=23380"},{"taxonomy":"product_cat","embeddable":true,"href":"https:\/\/www.nogometnizaotroke.com\/fr\/wp-json\/wp\/v2\/product_cat?post=23380"},{"taxonomy":"product_tag","embeddable":true,"href":"https:\/\/www.nogometnizaotroke.com\/fr\/wp-json\/wp\/v2\/product_tag?post=23380"}],"curies":[{"name":"wp","href":"https:\/\/api.w.org\/{rel}","templated":true}]}}