{"id":23357,"date":"2025-01-23T07:29:30","date_gmt":"2025-01-23T07:29:30","guid":{"rendered":"https:\/\/www.nogometnizaotroke.com\/?post_type=product&#038;p=23357"},"modified":"2025-01-29T12:22:17","modified_gmt":"2025-01-29T12:22:17","slug":"otroske-nogometnih-dresov-komplet-inter-miami-gostujoci-2025-26-z-lastnim-imenom","status":"publish","type":"product","link":"https:\/\/www.nogometnizaotroke.com\/fr\/product\/otroske-nogometnih-dresov-komplet-inter-miami-gostujoci-2025-26-z-lastnim-imenom\/","title":{"rendered":"Kids Soccer Jerseys Kit Inter Miami Away 2025-26 with Own Name"},"content":{"rendered":"<p>Voici la version enfant du maillot ext\u00e9rieur 2025 de l'Inter Miami International Football Club, \u00e9galement connu sous le nom de \"Resilience Jersey\". Le maillot pr\u00e9sente un design demi-teinte frappant en noir et gris fonc\u00e9, symbolisant la r\u00e9silience et la force, avec des accents roses vifs qui \u00e9voquent les couleurs embl\u00e9matiques du club. Le maillot comporte l'\u00e9cusson officiel de l'Inter Miami FC sur la poitrine, tandis que le short et les chaussettes compl\u00e8tent le design global, permettant aux jeunes fans d'imiter parfaitement leurs joueurs pr\u00e9f\u00e9r\u00e9s sur le terrain.<\/p>\n<p>Il est dot\u00e9 de la technologie AEROREADY, con\u00e7ue pour \u00e9vacuer l'humidit\u00e9 du corps, ce qui permet aux jeunes athl\u00e8tes de rester au frais et \u00e0 l'aise pendant le jeu. Le tissu l\u00e9ger et respirant garantit une grande facilit\u00e9 de mouvement et convient aussi bien \u00e0 l'activit\u00e9 physique qu'aux loisirs. Par-dessus tout, le kit est fabriqu\u00e9 \u00e0 partir de 100 mat\u00e9riaux recyclables %, ce qui t\u00e9moigne d'un engagement en faveur de la durabilit\u00e9 et de la responsabilit\u00e9 environnementale.<\/p>","protected":false},"excerpt":{"rendered":"<p>Predstavljamo otro\u0161ke razli\u010dico 2025 Gostujo\u010di dresov Inter Miami International Football Club, znanega tudi kot &#8220;Resilience Jersey&#8221;. Dres ima osupljivo poltonsko zasnovo v \u010drni in temno sivi barvi, ki simbolizira vzdr\u017eljivost in mo\u010d, s svetlo ro\u017enatimi poudarki, ki nagovarjajo ikoni\u010dne barve kluba. Dres ima uradni grb Inter Miami FC na prsih, medtem ko kratke hla\u010de in [&hellip;]<\/p>","protected":false},"featured_media":23359,"comment_status":"open","ping_status":"closed","template":"","meta":[],"product_brand":[],"product_cat":[73,353],"product_tag":[1383,346,153,1085,1384,1382,148,1084,348,147],"class_list":{"0":"post-23357","1":"product","2":"type-product","3":"status-publish","4":"has-post-thumbnail","6":"product_cat-otroski","7":"product_cat-nogometni-dresi-inter-miami","8":"product_tag-dresi-inter-miami-za-otroke","9":"product_tag-inter-miami-dres","10":"product_tag-nogometni-dresi","11":"product_tag-nogometni-dresi-inter-miami-z-lastnim-imenom","12":"product_tag-otroski-dresi-inter-miami-z-lastnim-imenom","13":"product_tag-otroski-nogometni-dresi-inter-miami","14":"product_tag-poceni-nogometni-dresi","15":"product_tag-poceni-nogometni-dresi-inter-miami","16":"product_tag-poceni-nogometni-dresi-inter-miami-z-lastnim-imenom-online","17":"product_tag-slovenski-nogometni-dresi","19":"first","20":"instock","21":"shipping-taxable","22":"purchasable","23":"product-type-variable"},"_links":{"self":[{"href":"https:\/\/www.nogometnizaotroke.com\/fr\/wp-json\/wp\/v2\/product\/23357","targetHints":{"allow":["GET"]}}],"collection":[{"href":"https:\/\/www.nogometnizaotroke.com\/fr\/wp-json\/wp\/v2\/product"}],"about":[{"href":"https:\/\/www.nogometnizaotroke.com\/fr\/wp-json\/wp\/v2\/types\/product"}],"replies":[{"embeddable":true,"href":"https:\/\/www.nogometnizaotroke.com\/fr\/wp-json\/wp\/v2\/comments?post=23357"}],"wp:featuredmedia":[{"embeddable":true,"href":"https:\/\/www.nogometnizaotroke.com\/fr\/wp-json\/wp\/v2\/media\/23359"}],"wp:attachment":[{"href":"https:\/\/www.nogometnizaotroke.com\/fr\/wp-json\/wp\/v2\/media?parent=23357"}],"wp:term":[{"taxonomy":"product_brand","embeddable":true,"href":"https:\/\/www.nogometnizaotroke.com\/fr\/wp-json\/wp\/v2\/product_brand?post=23357"},{"taxonomy":"product_cat","embeddable":true,"href":"https:\/\/www.nogometnizaotroke.com\/fr\/wp-json\/wp\/v2\/product_cat?post=23357"},{"taxonomy":"product_tag","embeddable":true,"href":"https:\/\/www.nogometnizaotroke.com\/fr\/wp-json\/wp\/v2\/product_tag?post=23357"}],"curies":[{"name":"wp","href":"https:\/\/api.w.org\/{rel}","templated":true}]}}