{"id":23349,"date":"2025-01-18T03:13:00","date_gmt":"2025-01-18T03:13:00","guid":{"rendered":"https:\/\/www.nogometnizaotroke.com\/?post_type=product&#038;p=23349"},"modified":"2025-01-18T03:13:01","modified_gmt":"2025-01-18T03:13:01","slug":"otroske-nogometnih-dresov-komplet-aston-villa-domaci-2024-25-matty-cash-2","status":"publish","type":"product","link":"https:\/\/www.nogometnizaotroke.com\/fr\/product\/otroske-nogometnih-dresov-komplet-aston-villa-domaci-2024-25-matty-cash-2\/","title":{"rendered":"Kids Soccer Jerseys Kit Aston Villa Home 2024-25 Matty Cash 2"},"content":{"rendered":"<p>Le premier maillot domicile d'Aston Villa c\u00e9l\u00e8bre le 150e anniversaire du club avec un design intemporel et le logo \"AV 150\". Les fines rayures sur le col de ce maillot de football pour jeunes sont une repr\u00e9sentation subtile du design du maillot du club de 1874. L'\u00e9cusson tiss\u00e9 marque un tout nouveau chapitre. Le tissu AEROREADY avec gestion de l'humidit\u00e9 permet aux jeunes fans de se sentir \u00e0 l'aise lorsqu'ils portent ces couleurs. Ce produit est fabriqu\u00e9 \u00e0 partir de 100 mat\u00e9riaux recycl\u00e9s %. En r\u00e9utilisant des mat\u00e9riaux qui ont d\u00e9j\u00e0 \u00e9t\u00e9 fabriqu\u00e9s, nous contribuons \u00e0 r\u00e9duire les d\u00e9chets et la d\u00e9pendance \u00e0 l'\u00e9gard de ressources limit\u00e9es, ainsi que l'empreinte carbone des produits que nous fabriquons.<\/p>\n<p>Conseils pour les chaussettes : le T-shirt ne comprend pas de chaussettes par d\u00e9faut. Si vous souhaitez des chaussettes, s\u00e9lectionnez les options chaussettes pour les payer.<\/p>\n<p>Conseil d'impression : si le nom et le num\u00e9ro figurant dans l'image correspondent exactement \u00e0 ce que vous souhaitez, il n'est pas n\u00e9cessaire de les saisir \u00e0 nouveau. Si ce n'est pas le cas, entrez le nom et le num\u00e9ro que vous souhaitez.<\/p>\n<p>Conseil de lavage : il est recommand\u00e9 de laver les maillots de football \u00e0 la main. Si vous souhaitez utiliser une machine \u00e0 laver, n'oubliez pas de retourner le maillot avant de le laver. Remplissez la machine avec de l'eau froide et utilisez un cycle de lavage doux pour mieux prot\u00e9ger les couleurs.<\/p>","protected":false},"excerpt":{"rendered":"<p>Prva doma\u010di oprema Nogometnih dresov kluba Aston Villa praznuje 150. obletnico kluba z brez\u010dasnim dizajnom in logotipom \u2018AV 150\u2019. Ozke \u010drte na ovratniku tega mladinskega nogometnega dresa so subtilna podoba dizajna klubskega dresa iz leta 1874. Tkana zna\u010dka pa zaznamuje povsem novo poglavje. AEROREADY s funkcijami za uravnavanje vlage omogo\u010da mladim obo\u017eevalkam, da se med [&hellip;]<\/p>","protected":false},"featured_media":23351,"comment_status":"open","ping_status":"closed","template":"","meta":[],"product_brand":[],"product_cat":[73,66],"product_tag":[1073,1611,693,692,148,1075,147],"class_list":{"0":"post-23349","1":"product","2":"type-product","3":"status-publish","4":"has-post-thumbnail","6":"product_cat-otroski","7":"product_cat-nogometni-dresi-aston-villa","8":"product_tag-dresi-aston-villa-za-otroke","9":"product_tag-matty-cash-dresi","10":"product_tag-nogometni-dresi-aston-villa-z-lastnim-imenom","11":"product_tag-otroski-nogometni-dresi-aston-villa","12":"product_tag-poceni-nogometni-dresi","13":"product_tag-poceni-nogometni-dresi-aston-villa","14":"product_tag-slovenski-nogometni-dresi","16":"first","17":"instock","18":"shipping-taxable","19":"purchasable","20":"product-type-variable"},"_links":{"self":[{"href":"https:\/\/www.nogometnizaotroke.com\/fr\/wp-json\/wp\/v2\/product\/23349","targetHints":{"allow":["GET"]}}],"collection":[{"href":"https:\/\/www.nogometnizaotroke.com\/fr\/wp-json\/wp\/v2\/product"}],"about":[{"href":"https:\/\/www.nogometnizaotroke.com\/fr\/wp-json\/wp\/v2\/types\/product"}],"replies":[{"embeddable":true,"href":"https:\/\/www.nogometnizaotroke.com\/fr\/wp-json\/wp\/v2\/comments?post=23349"}],"wp:featuredmedia":[{"embeddable":true,"href":"https:\/\/www.nogometnizaotroke.com\/fr\/wp-json\/wp\/v2\/media\/23351"}],"wp:attachment":[{"href":"https:\/\/www.nogometnizaotroke.com\/fr\/wp-json\/wp\/v2\/media?parent=23349"}],"wp:term":[{"taxonomy":"product_brand","embeddable":true,"href":"https:\/\/www.nogometnizaotroke.com\/fr\/wp-json\/wp\/v2\/product_brand?post=23349"},{"taxonomy":"product_cat","embeddable":true,"href":"https:\/\/www.nogometnizaotroke.com\/fr\/wp-json\/wp\/v2\/product_cat?post=23349"},{"taxonomy":"product_tag","embeddable":true,"href":"https:\/\/www.nogometnizaotroke.com\/fr\/wp-json\/wp\/v2\/product_tag?post=23349"}],"curies":[{"name":"wp","href":"https:\/\/api.w.org\/{rel}","templated":true}]}}