{"id":22701,"date":"2024-12-25T13:10:18","date_gmt":"2024-12-25T13:10:18","guid":{"rendered":"https:\/\/www.nogometnionline.com\/?post_type=product&#038;p=22701"},"modified":"2024-12-25T13:10:21","modified_gmt":"2024-12-25T13:10:21","slug":"moski-nogometni-dresi-liverpool-tretji-2024-25-kratki-rokavi-bela-ibrahima-konate-5","status":"publish","type":"product","link":"https:\/\/www.nogometnizaotroke.com\/fr\/product\/moski-nogometni-dresi-liverpool-tretji-2024-25-kratki-rokavi-bela-ibrahima-konate-5\/","title":{"rendered":"Maillots de Football Hommes Liverpool Third 2024-25 Short Sleeves White Ibrahima Konate 5"},"content":{"rendered":"<p>La caract\u00e9ristique la plus frappante du troisi\u00e8me maillot du Liverpool FC 2024\/25 est le double Swoosh vertical distinctif qui s'\u00e9tend sur le maillot, le short et les chaussettes. Inspir\u00e9 de l'aile d'une d\u00e9esse grecque, cet \u00e9l\u00e9ment de design unique symbolise la vitesse, le mouvement, la force et la motivation. Les \u00e9quipes masculine et f\u00e9minine seront toutes deux \u00e9quip\u00e9es de ce d\u00e9tail innovant, qui souligne l'engagement du club en faveur de l'\u00e9galit\u00e9 des sexes dans le football.<br \/>\nS'inspirant de la vibrante sc\u00e8ne punk de Liverpool, le design du nouveau maillot du LFC est d\u00e9crit comme \"rebelle\". Il pr\u00e9sente un motif audacieux qui combine les couleurs embl\u00e9matiques du club avec des \u00e9l\u00e9ments qui rendent hommage aux artistes punk intr\u00e9pides de la ville, qui ont introduit un nouveau son l\u00e0 o\u00f9 la rivi\u00e8re Mersey rencontre la mer d'Irlande. Le troisi\u00e8me set de Liverpool 24\/25, essentiellement blanc, est rehauss\u00e9 de d\u00e9tails platine, tandis que des \u00e9clats du rouge et du jaune chrom\u00e9 traditionnels du club compl\u00e8tent le look. Un short noir et des chaussettes blanches compl\u00e8tent le maillot, cr\u00e9ant un ensemble coh\u00e9rent et accrocheur. L'accent a \u00e9galement \u00e9t\u00e9 mis sur l'am\u00e9lioration du confort et de la coupe du kit, afin de garantir des performances optimales aux joueurs.<\/p>\n<p>Conseils pour les chaussettes : le T-shirt ne comprend pas de chaussettes par d\u00e9faut. Si vous souhaitez des chaussettes, s\u00e9lectionnez les options chaussettes pour les payer.<\/p>\n<p>Conseil d'impression : si le nom et le num\u00e9ro figurant dans l'image correspondent exactement \u00e0 ce que vous souhaitez, il n'est pas n\u00e9cessaire de les saisir \u00e0 nouveau. Si ce n'est pas le cas, entrez le nom et le num\u00e9ro que vous souhaitez.<\/p>\n<p>Conseil de lavage : il est recommand\u00e9 de laver les maillots de football \u00e0 la main. Si vous souhaitez utiliser une machine \u00e0 laver, n'oubliez pas de retourner le maillot avant de le laver. Remplissez la machine avec de l'eau froide et utilisez un cycle de lavage doux pour mieux prot\u00e9ger les couleurs.<\/p>","protected":false},"excerpt":{"rendered":"<p>Najbolj presenetljiva zna\u010dilnost Liverpool FC 2024\/25 Tretji dresi je izrazit navpi\u010dni dvojni Swoosh, ki se razteza \u010dez dres, kratke hla\u010de in nogavice. Ta edinstven oblikovalski element, ki ga je navdihnilo krilo gr\u0161ke boginje, simbolizira hitrost, gibanje, mo\u010d in motivacijo. Tako mo\u0161ka kot \u017eenska ekipa bosta opremljeni s tem inovativnim detajlom, ki poudarja zavezanost kluba enakosti [&hellip;]<\/p>","protected":false},"featured_media":22703,"comment_status":"open","ping_status":"closed","template":"","meta":[],"product_brand":[],"product_cat":[140,39],"product_tag":[589,1334,296,150,148,295,147],"class_list":{"0":"post-22701","1":"product","2":"type-product","3":"status-publish","4":"has-post-thumbnail","6":"product_cat-moski","7":"product_cat-nogometni-dresi-liverpool","8":"product_tag-dresi-liverpool-za-moski","9":"product_tag-ibrahima-konate-dresi","10":"product_tag-moski-dresi-liverpool-z-lastnim-imenom","11":"product_tag-moski-nogometni-dresi","12":"product_tag-poceni-nogometni-dresi","13":"product_tag-poceni-nogometni-dresi-liverpool-z-lastnim-imenom-online","14":"product_tag-slovenski-nogometni-dresi","16":"first","17":"instock","18":"shipping-taxable","19":"purchasable","20":"product-type-variable"},"_links":{"self":[{"href":"https:\/\/www.nogometnizaotroke.com\/fr\/wp-json\/wp\/v2\/product\/22701","targetHints":{"allow":["GET"]}}],"collection":[{"href":"https:\/\/www.nogometnizaotroke.com\/fr\/wp-json\/wp\/v2\/product"}],"about":[{"href":"https:\/\/www.nogometnizaotroke.com\/fr\/wp-json\/wp\/v2\/types\/product"}],"replies":[{"embeddable":true,"href":"https:\/\/www.nogometnizaotroke.com\/fr\/wp-json\/wp\/v2\/comments?post=22701"}],"wp:featuredmedia":[{"embeddable":true,"href":"https:\/\/www.nogometnizaotroke.com\/fr\/wp-json\/wp\/v2\/media\/22703"}],"wp:attachment":[{"href":"https:\/\/www.nogometnizaotroke.com\/fr\/wp-json\/wp\/v2\/media?parent=22701"}],"wp:term":[{"taxonomy":"product_brand","embeddable":true,"href":"https:\/\/www.nogometnizaotroke.com\/fr\/wp-json\/wp\/v2\/product_brand?post=22701"},{"taxonomy":"product_cat","embeddable":true,"href":"https:\/\/www.nogometnizaotroke.com\/fr\/wp-json\/wp\/v2\/product_cat?post=22701"},{"taxonomy":"product_tag","embeddable":true,"href":"https:\/\/www.nogometnizaotroke.com\/fr\/wp-json\/wp\/v2\/product_tag?post=22701"}],"curies":[{"name":"wp","href":"https:\/\/api.w.org\/{rel}","templated":true}]}}