{"id":22238,"date":"2024-12-17T03:53:13","date_gmt":"2024-12-17T03:53:13","guid":{"rendered":"https:\/\/www.nogometnionline.com\/?post_type=product&#038;p=22238"},"modified":"2024-12-17T03:53:16","modified_gmt":"2024-12-17T03:53:16","slug":"moski-nogometni-dresi-rb-leipzig-domaci-2024-25-bela-rdeca-xavi-simons-10","status":"publish","type":"product","link":"https:\/\/www.nogometnizaotroke.com\/fr\/product\/moski-nogometni-dresi-rb-leipzig-domaci-2024-25-bela-rdeca-xavi-simons-10\/","title":{"rendered":"Maillots de Football Hommes RB Leipzig Home 2024-25 blanc rouge Xavi Simons 10"},"content":{"rendered":"<p>Dres RB Leipzig 2024-2025 ima sodoben dizajn v beli in rde\u010di klubski barvi. Kar \u0161e posebej odlikuje dres RB Leipzig 2024-2025, je dizajn na sprednji strani.44.Dres RB Leipzig 24-25 ima edinstveno rde\u010do grafi\u010dno podobo. Vzorec se zgleduje po Univerzi v Leipzigu.Tako ovratnik kot man\u0161ete doma\u010dega dresa RasenBallsport Leipzig 24-25 so rde\u010de barve.<\/p>\n<p>Conseils pour les chaussettes : le T-shirt ne comprend pas de chaussettes par d\u00e9faut. Si vous souhaitez des chaussettes, s\u00e9lectionnez les options chaussettes pour les payer.<\/p>\n<p>Conseil d'impression : si le nom et le num\u00e9ro figurant dans l'image correspondent exactement \u00e0 ce que vous souhaitez, il n'est pas n\u00e9cessaire de les saisir \u00e0 nouveau. Si ce n'est pas le cas, entrez le nom et le num\u00e9ro que vous souhaitez.<\/p>\n<p>Conseil de lavage : il est recommand\u00e9 de laver les maillots de football \u00e0 la main. Si vous souhaitez utiliser une machine \u00e0 laver, n'oubliez pas de retourner le maillot avant de le laver. Remplissez la machine avec de l'eau froide et utilisez un cycle de lavage doux pour mieux prot\u00e9ger les couleurs.<\/p>","protected":false},"excerpt":{"rendered":"<p>Dres RB Leipzig 2024-2025 ima sodoben dizajn v beli in rde\u010di klubski barvi. Kar \u0161e posebej odlikuje dres RB Leipzig 2024-2025, je dizajn na sprednji strani.44.Dres RB Leipzig 24-25 ima edinstveno rde\u010do grafi\u010dno podobo. Vzorec se zgleduje po Univerzi v Leipzigu.Tako ovratnik kot man\u0161ete doma\u010dega dresa RasenBallsport Leipzig 24-25 so rde\u010de barve. Nasveti za nogavice: [&hellip;]<\/p>","protected":false},"featured_media":22240,"comment_status":"open","ping_status":"closed","template":"","meta":[],"product_brand":[],"product_cat":[140,62],"product_tag":[153,555,1193,554,545,159,148,1192,199,1436],"class_list":{"0":"post-22238","1":"product","2":"type-product","3":"status-publish","4":"has-post-thumbnail","6":"product_cat-moski","7":"product_cat-nogometni-dresi-rb-leipzig","8":"product_tag-nogometni-dresi","9":"product_tag-nogometni-dresi-rb-leipzig-prodaja","10":"product_tag-nogometni-dresi-rb-leipzig-z-lastnim-imenom","11":"product_tag-nogometni-dresi-rb-leipzig-z-lastnim-tiskom","12":"product_tag-nogometni-dresi-slovenija","13":"product_tag-otroski-nogometni-dresi","14":"product_tag-poceni-nogometni-dresi","15":"product_tag-poceni-nogometni-dresi-rb-leipzig","16":"product_tag-poceni-nogometni-dresi-rb-leipzig-z-lastnim-imenom-online","17":"product_tag-xavi-simons-dresi","19":"first","20":"instock","21":"shipping-taxable","22":"purchasable","23":"product-type-variable"},"_links":{"self":[{"href":"https:\/\/www.nogometnizaotroke.com\/fr\/wp-json\/wp\/v2\/product\/22238","targetHints":{"allow":["GET"]}}],"collection":[{"href":"https:\/\/www.nogometnizaotroke.com\/fr\/wp-json\/wp\/v2\/product"}],"about":[{"href":"https:\/\/www.nogometnizaotroke.com\/fr\/wp-json\/wp\/v2\/types\/product"}],"replies":[{"embeddable":true,"href":"https:\/\/www.nogometnizaotroke.com\/fr\/wp-json\/wp\/v2\/comments?post=22238"}],"wp:featuredmedia":[{"embeddable":true,"href":"https:\/\/www.nogometnizaotroke.com\/fr\/wp-json\/wp\/v2\/media\/22240"}],"wp:attachment":[{"href":"https:\/\/www.nogometnizaotroke.com\/fr\/wp-json\/wp\/v2\/media?parent=22238"}],"wp:term":[{"taxonomy":"product_brand","embeddable":true,"href":"https:\/\/www.nogometnizaotroke.com\/fr\/wp-json\/wp\/v2\/product_brand?post=22238"},{"taxonomy":"product_cat","embeddable":true,"href":"https:\/\/www.nogometnizaotroke.com\/fr\/wp-json\/wp\/v2\/product_cat?post=22238"},{"taxonomy":"product_tag","embeddable":true,"href":"https:\/\/www.nogometnizaotroke.com\/fr\/wp-json\/wp\/v2\/product_tag?post=22238"}],"curies":[{"name":"wp","href":"https:\/\/api.w.org\/{rel}","templated":true}]}}