{"id":22178,"date":"2024-12-17T02:30:27","date_gmt":"2024-12-17T02:30:27","guid":{"rendered":"https:\/\/www.nogometnionline.com\/?post_type=product&#038;p=22178"},"modified":"2024-12-17T02:30:30","modified_gmt":"2024-12-17T02:30:30","slug":"otroski-nogometni-dresi-za-nogomet-rb-leipzig-gostujoci-2024-2025-rdeca-kevin-kampl-44","status":"publish","type":"product","link":"https:\/\/www.nogometnizaotroke.com\/fr\/product\/otroski-nogometni-dresi-za-nogomet-rb-leipzig-gostujoci-2024-2025-rdeca-kevin-kampl-44\/","title":{"rendered":"Kids Soccer Jerseys RB Leipzig Away 2024-2025 red Kevin Kampl 44"},"content":{"rendered":"<p>Le maillot ext\u00e9rieur du RB Leipzig 2024-25 a un design \u00e9l\u00e9gant pour un club appartenant aux Red Bulls. Il combine deux tons de rouge dans un motif unique avec tous les logos en blanc. Il combine deux tons de rouge dans un motif unique avec tous les logos en blanc.Le design du maillot ext\u00e9rieur Leipzig 24-25 symbolise le club \"Unstoppable\".L'\u00e9cusson du maillot ext\u00e9rieur RB Leipzig 2024-25 est blanc sur un fond rouge-brun, fabriqu\u00e9 en TPU de haute qualit\u00e9 avec effet 3D. Le col est rouge vif et comporte un insert marron sur le devant.<\/p>\n<p>Conseils pour les chaussettes : le T-shirt ne comprend pas de chaussettes par d\u00e9faut. Si vous souhaitez des chaussettes, s\u00e9lectionnez les options chaussettes pour les payer.<\/p>\n<p>Conseil d'impression : si le nom et le num\u00e9ro figurant dans l'image correspondent exactement \u00e0 ce que vous souhaitez, il n'est pas n\u00e9cessaire de les saisir \u00e0 nouveau. Si ce n'est pas le cas, entrez le nom et le num\u00e9ro que vous souhaitez.<\/p>\n<p>Conseil de lavage : il est recommand\u00e9 de laver les maillots de football \u00e0 la main. Si vous souhaitez utiliser une machine \u00e0 laver, n'oubliez pas de retourner le maillot avant de le laver. Remplissez la machine avec de l'eau froide et utilisez un cycle de lavage doux pour mieux prot\u00e9ger les couleurs.<\/p>","protected":false},"excerpt":{"rendered":"<p>Gostujo\u010di dresi RB Leipzig 2024-25 ima eleganten dizajn za klub v lasti Red Bulls. Zdru\u017euje dva odtenka rde\u010de v edinstvenem vzorcu z vsemi logotipi v beli barvi.Dizajn gostujo\u010dega dresa Leipziga 24-25 simbolizira klub \u201cUnstoppable\u201d.Klubski grb gostujo\u010dega dresa RB Leipzig 2024-25 je bel na rde\u010de-rjavi podlagi, izdelan iz visokokakovostnega TPU s 3D u\u010dinkom. Ovratnica je \u017eivo [&hellip;]<\/p>","protected":false},"featured_media":22180,"comment_status":"open","ping_status":"closed","template":"","meta":[],"product_brand":[],"product_cat":[73,62],"product_tag":[1573,1577,153,555,1193,554,545,1574,159,1572,148,1192,199],"class_list":{"0":"post-22178","1":"product","2":"type-product","3":"status-publish","4":"has-post-thumbnail","6":"product_cat-otroski","7":"product_cat-nogometni-dresi-rb-leipzig","8":"product_tag-dresi-rb-leipzig-za-otroke","9":"product_tag-kevin-kampl-dresi","10":"product_tag-nogometni-dresi","11":"product_tag-nogometni-dresi-rb-leipzig-prodaja","12":"product_tag-nogometni-dresi-rb-leipzig-z-lastnim-imenom","13":"product_tag-nogometni-dresi-rb-leipzig-z-lastnim-tiskom","14":"product_tag-nogometni-dresi-slovenija","15":"product_tag-otroski-dresi-rb-leipzig-z-lastnim-imenom","16":"product_tag-otroski-nogometni-dresi","17":"product_tag-otroski-nogometni-dresi-rb-leipzig","18":"product_tag-poceni-nogometni-dresi","19":"product_tag-poceni-nogometni-dresi-rb-leipzig","20":"product_tag-poceni-nogometni-dresi-rb-leipzig-z-lastnim-imenom-online","22":"first","23":"instock","24":"shipping-taxable","25":"purchasable","26":"product-type-variable"},"_links":{"self":[{"href":"https:\/\/www.nogometnizaotroke.com\/fr\/wp-json\/wp\/v2\/product\/22178","targetHints":{"allow":["GET"]}}],"collection":[{"href":"https:\/\/www.nogometnizaotroke.com\/fr\/wp-json\/wp\/v2\/product"}],"about":[{"href":"https:\/\/www.nogometnizaotroke.com\/fr\/wp-json\/wp\/v2\/types\/product"}],"replies":[{"embeddable":true,"href":"https:\/\/www.nogometnizaotroke.com\/fr\/wp-json\/wp\/v2\/comments?post=22178"}],"wp:featuredmedia":[{"embeddable":true,"href":"https:\/\/www.nogometnizaotroke.com\/fr\/wp-json\/wp\/v2\/media\/22180"}],"wp:attachment":[{"href":"https:\/\/www.nogometnizaotroke.com\/fr\/wp-json\/wp\/v2\/media?parent=22178"}],"wp:term":[{"taxonomy":"product_brand","embeddable":true,"href":"https:\/\/www.nogometnizaotroke.com\/fr\/wp-json\/wp\/v2\/product_brand?post=22178"},{"taxonomy":"product_cat","embeddable":true,"href":"https:\/\/www.nogometnizaotroke.com\/fr\/wp-json\/wp\/v2\/product_cat?post=22178"},{"taxonomy":"product_tag","embeddable":true,"href":"https:\/\/www.nogometnizaotroke.com\/fr\/wp-json\/wp\/v2\/product_tag?post=22178"}],"curies":[{"name":"wp","href":"https:\/\/api.w.org\/{rel}","templated":true}]}}