{"id":22077,"date":"2024-12-16T06:44:13","date_gmt":"2024-12-16T06:44:13","guid":{"rendered":"https:\/\/www.nogometnionline.com\/?post_type=product&#038;p=22077"},"modified":"2024-12-16T06:44:16","modified_gmt":"2024-12-16T06:44:16","slug":"otroski-nogometni-dresi-as-roma-gostujoci-2024-25-bela-artem-dovbyk-11","status":"publish","type":"product","link":"https:\/\/www.nogometnizaotroke.com\/fr\/product\/otroski-nogometni-dresi-as-roma-gostujoci-2024-25-bela-artem-dovbyk-11\/","title":{"rendered":"Kids Soccer Jerseys AS Roma Away 2024-25 white Artem Dovbyk 11"},"content":{"rendered":"<p>Gostujo\u010di dres AS Roma 24-25 je prete\u017eno umazano bel z izrazitimi rde\u010dimi in fluorescentno oran\u017enimi poudarki. Uradne barve so \u201csrebrno bela\/fluorescentno oran\u017ena\/podpe\u010dansko rde\u010da.\u201dNajbolj presenetljiva zna\u010dilnost Gostujo\u010di dresi AS Roma 2024-25 je ognjevita grafika, ki jo navdihujejo uli\u010dni grafiti.Uporabite zna\u010dko Lupetto namesto trenutne zna\u010dke. Slog grafitov se nadaljuje na logotipu.<\/p>\n<p>Conseils pour les chaussettes : le T-shirt ne comprend pas de chaussettes par d\u00e9faut. Si vous souhaitez des chaussettes, s\u00e9lectionnez les options chaussettes pour les payer.<\/p>\n<p>Conseil d'impression : si le nom et le num\u00e9ro figurant dans l'image correspondent exactement \u00e0 ce que vous souhaitez, il n'est pas n\u00e9cessaire de les saisir \u00e0 nouveau. Si ce n'est pas le cas, entrez le nom et le num\u00e9ro que vous souhaitez.<\/p>\n<p>Conseil de lavage : il est recommand\u00e9 de laver les maillots de football \u00e0 la main. Si vous souhaitez utiliser une machine \u00e0 laver, n'oubliez pas de retourner le maillot avant de le laver. Remplissez la machine avec de l'eau froide et utilisez un cycle de lavage doux pour mieux prot\u00e9ger les couleurs.<\/p>","protected":false},"excerpt":{"rendered":"<p>Gostujo\u010di dres AS Roma 24-25 je prete\u017eno umazano bel z izrazitimi rde\u010dimi in fluorescentno oran\u017enimi poudarki. Uradne barve so \u201csrebrno bela\/fluorescentno oran\u017ena\/podpe\u010dansko rde\u010da.\u201dNajbolj presenetljiva zna\u010dilnost Gostujo\u010di dresi AS Roma 2024-25 je ognjevita grafika, ki jo navdihujejo uli\u010dni grafiti.Uporabite zna\u010dko Lupetto namesto trenutne zna\u010dke. Slog grafitov se nadaljuje na logotipu. Nasveti za nogavice: Majica ne vsebuje [&hellip;]<\/p>","protected":false},"featured_media":22079,"comment_status":"open","ping_status":"closed","template":"","meta":[],"product_brand":[],"product_cat":[73,48],"product_tag":[1571,754,1564,153,1231,220,1565,159,1563,148,1230,147],"class_list":{"0":"post-22077","1":"product","2":"type-product","3":"status-publish","4":"has-post-thumbnail","6":"product_cat-otroski","7":"product_cat-nogometni-dresi-as-roma","8":"product_tag-artem-dovbyk-dresi","9":"product_tag-as-roma-dresi-2024","10":"product_tag-dresi-as-roma-za-otroke","11":"product_tag-nogometni-dresi","12":"product_tag-nogometni-dresi-as-roma-z-lastnim-imenom","13":"product_tag-nogometni-dresi-za-otroke","14":"product_tag-otroski-dresi-as-roma-z-lastnim-imenom","15":"product_tag-otroski-nogometni-dresi","16":"product_tag-otroski-nogometni-dresi-as-roma","17":"product_tag-poceni-nogometni-dresi","18":"product_tag-poceni-nogometni-dresi-as-roma","19":"product_tag-slovenski-nogometni-dresi","21":"first","22":"instock","23":"shipping-taxable","24":"purchasable","25":"product-type-variable"},"_links":{"self":[{"href":"https:\/\/www.nogometnizaotroke.com\/fr\/wp-json\/wp\/v2\/product\/22077","targetHints":{"allow":["GET"]}}],"collection":[{"href":"https:\/\/www.nogometnizaotroke.com\/fr\/wp-json\/wp\/v2\/product"}],"about":[{"href":"https:\/\/www.nogometnizaotroke.com\/fr\/wp-json\/wp\/v2\/types\/product"}],"replies":[{"embeddable":true,"href":"https:\/\/www.nogometnizaotroke.com\/fr\/wp-json\/wp\/v2\/comments?post=22077"}],"wp:featuredmedia":[{"embeddable":true,"href":"https:\/\/www.nogometnizaotroke.com\/fr\/wp-json\/wp\/v2\/media\/22079"}],"wp:attachment":[{"href":"https:\/\/www.nogometnizaotroke.com\/fr\/wp-json\/wp\/v2\/media?parent=22077"}],"wp:term":[{"taxonomy":"product_brand","embeddable":true,"href":"https:\/\/www.nogometnizaotroke.com\/fr\/wp-json\/wp\/v2\/product_brand?post=22077"},{"taxonomy":"product_cat","embeddable":true,"href":"https:\/\/www.nogometnizaotroke.com\/fr\/wp-json\/wp\/v2\/product_cat?post=22077"},{"taxonomy":"product_tag","embeddable":true,"href":"https:\/\/www.nogometnizaotroke.com\/fr\/wp-json\/wp\/v2\/product_tag?post=22077"}],"curies":[{"name":"wp","href":"https:\/\/api.w.org\/{rel}","templated":true}]}}