{"id":21929,"date":"2024-12-13T03:12:24","date_gmt":"2024-12-13T03:12:24","guid":{"rendered":"https:\/\/www.nogometnionline.com\/?post_type=product&#038;p=21929"},"modified":"2024-12-13T03:12:27","modified_gmt":"2024-12-13T03:12:27","slug":"otroski-nogometni-dresi-kompleti-za-otroke-ac-milan-domaci-2024-25-rdeca-crna-youssouf-fofana-29","status":"publish","type":"product","link":"https:\/\/www.nogometnizaotroke.com\/fr\/product\/otroski-nogometni-dresi-kompleti-za-otroke-ac-milan-domaci-2024-25-rdeca-crna-youssouf-fofana-29\/","title":{"rendered":"Kids Soccer Jerseys Kits for Kids AC Milan Home 2024-25 rouge noir Youssouf Fofana 29"},"content":{"rendered":"<p>Le nouveau maillot domicile de l'AC Milan 24-25 revient \u00e0 un design classique apr\u00e8s le maillot exp\u00e9rimental de la saison derni\u00e8re. Il pr\u00e9sente les bandes rouges et noires du club combin\u00e9es \u00e0 des logos blancs. \u00c0 l'int\u00e9rieur des bandes rouges se trouve un dessin tr\u00e8s subtil, probablement li\u00e9 au 125e anniversaire du club. Milan a \u00e9t\u00e9 fond\u00e9 en 1899, il y a 125 ans aujourd'hui.<\/p>\n<p>Conseils pour les chaussettes : le T-shirt ne comprend pas de chaussettes par d\u00e9faut. Si vous souhaitez des chaussettes, s\u00e9lectionnez les options chaussettes pour les payer.<\/p>\n<p>Conseil d'impression : si le nom et le num\u00e9ro figurant dans l'image correspondent exactement \u00e0 ce que vous souhaitez, il n'est pas n\u00e9cessaire de les saisir \u00e0 nouveau. Si ce n'est pas le cas, entrez le nom et le num\u00e9ro que vous souhaitez.<\/p>\n<p>Conseil de lavage : il est recommand\u00e9 de laver les maillots de football \u00e0 la main. Si vous souhaitez utiliser une machine \u00e0 laver, n'oubliez pas de retourner le maillot avant de le laver. Remplissez la machine avec de l'eau froide et utilisez un cycle de lavage doux pour mieux prot\u00e9ger les couleurs.<\/p>","protected":false},"excerpt":{"rendered":"<p>Novi doma\u010di dres AC Milan 24-25 se vra\u010da h klasi\u010dnemu dizajnu, potem ko je bil dres prej\u0161nje sezone eksperimentalen. Vsebuje rde\u010de in \u010drne \u010drte kluba v kombinaciji z belimi logotipi.Znotraj rde\u010dih \u010drt je zelo subtilen dizajn, ki je verjetno povezan s 125-letnico kluba. Milano je bilo ustanovljeno leta 1899, pred 125 leti od danes. Nasveti [&hellip;]<\/p>","protected":false},"featured_media":21931,"comment_status":"open","ping_status":"closed","template":"","meta":[],"product_brand":[],"product_cat":[73,46],"product_tag":[1002,153,220,1003,159,1001,148,147,1557],"class_list":{"0":"post-21929","1":"product","2":"type-product","3":"status-publish","4":"has-post-thumbnail","6":"product_cat-otroski","7":"product_cat-nogometni-dresi-ac-milan","8":"product_tag-dresi-ac-milan-za-otroke","9":"product_tag-nogometni-dresi","10":"product_tag-nogometni-dresi-za-otroke","11":"product_tag-otroski-dresi-ac-milan-z-lastnim-imenom","12":"product_tag-otroski-nogometni-dresi","13":"product_tag-otroski-nogometni-dresi-ac-milan","14":"product_tag-poceni-nogometni-dresi","15":"product_tag-slovenski-nogometni-dresi","16":"product_tag-youssouf-fofana-dresi","18":"first","19":"instock","20":"shipping-taxable","21":"purchasable","22":"product-type-variable"},"_links":{"self":[{"href":"https:\/\/www.nogometnizaotroke.com\/fr\/wp-json\/wp\/v2\/product\/21929","targetHints":{"allow":["GET"]}}],"collection":[{"href":"https:\/\/www.nogometnizaotroke.com\/fr\/wp-json\/wp\/v2\/product"}],"about":[{"href":"https:\/\/www.nogometnizaotroke.com\/fr\/wp-json\/wp\/v2\/types\/product"}],"replies":[{"embeddable":true,"href":"https:\/\/www.nogometnizaotroke.com\/fr\/wp-json\/wp\/v2\/comments?post=21929"}],"wp:featuredmedia":[{"embeddable":true,"href":"https:\/\/www.nogometnizaotroke.com\/fr\/wp-json\/wp\/v2\/media\/21931"}],"wp:attachment":[{"href":"https:\/\/www.nogometnizaotroke.com\/fr\/wp-json\/wp\/v2\/media?parent=21929"}],"wp:term":[{"taxonomy":"product_brand","embeddable":true,"href":"https:\/\/www.nogometnizaotroke.com\/fr\/wp-json\/wp\/v2\/product_brand?post=21929"},{"taxonomy":"product_cat","embeddable":true,"href":"https:\/\/www.nogometnizaotroke.com\/fr\/wp-json\/wp\/v2\/product_cat?post=21929"},{"taxonomy":"product_tag","embeddable":true,"href":"https:\/\/www.nogometnizaotroke.com\/fr\/wp-json\/wp\/v2\/product_tag?post=21929"}],"curies":[{"name":"wp","href":"https:\/\/api.w.org\/{rel}","templated":true}]}}