{"id":21831,"date":"2024-12-12T07:47:00","date_gmt":"2024-12-12T07:47:00","guid":{"rendered":"https:\/\/www.nogometnionline.com\/?post_type=product&#038;p=21831"},"modified":"2024-12-12T07:47:03","modified_gmt":"2024-12-12T07:47:03","slug":"otroski-nogometni-dresi-kompleti-za-otroke-ac-milan-tretji-2024-25-youssouf-fofana-29","status":"publish","type":"product","link":"https:\/\/www.nogometnizaotroke.com\/fr\/product\/otroski-nogometni-dresi-kompleti-za-otroke-ac-milan-tretji-2024-25-youssouf-fofana-29\/","title":{"rendered":"Otro\u0161ki Nogometni Dresi Kompleti za otroke AC Milan Tretji 2024-25 Youssouf Fofana 29"},"content":{"rendered":"<p>Le nouveau troisi\u00e8me maillot de l'A.C. 2024-25 Milan combine la couleur grise principale avec des accents vert menthe. Les couleurs officielles sont \"Shadow Grey\/Fresh Mint\".Le maillot gris de Milan marque exactement 20 ans depuis que le Milan a port\u00e9 un troisi\u00e8me maillot gris pour la derni\u00e8re fois lors de la saison 2003-04.L'\u00e9cusson de Milan, le col et les poignets sont de couleur menthe fra\u00eeche. L'\u00e9cusson du Milan, le col et les poignets sont de couleur menthe fra\u00eeche. Cependant, les d\u00e9tails sur les sponsors et le col avant sont d'un gris ros\u00e9 clair.<\/p>\n<p>Conseils pour les chaussettes : le T-shirt ne comprend pas de chaussettes par d\u00e9faut. Si vous souhaitez des chaussettes, s\u00e9lectionnez les options chaussettes pour les payer.<\/p>\n<p>Conseil d'impression : si le nom et le num\u00e9ro figurant dans l'image correspondent exactement \u00e0 ce que vous souhaitez, il n'est pas n\u00e9cessaire de les saisir \u00e0 nouveau. Si ce n'est pas le cas, entrez le nom et le num\u00e9ro que vous souhaitez.<\/p>\n<p>Conseil de lavage : il est recommand\u00e9 de laver les maillots de football \u00e0 la main. Si vous souhaitez utiliser une machine \u00e0 laver, n'oubliez pas de retourner le maillot avant de le laver. Remplissez la machine avec de l'eau froide et utilisez un cycle de lavage doux pour mieux prot\u00e9ger les couleurs.<\/p>","protected":false},"excerpt":{"rendered":"<p>Novi tretji dres A.C. 2024-25 Milan zdru\u017euje glavno sivo barvo z mint zelenimi poudarki. Uradne barve so \u201cShadow Gray\/Fresh Mint\u201d.Sivi dres Milan zaznamuje to\u010dno 20 let, odkar je Milan zadnji\u010d nosil sivi tretji dres v sezoni 2003-04.Milan grb, ovratnik in man\u0161ete so v sve\u017ei meti. Vendar pa so podrobnosti na sponzorjih in sprednjem ovratniku svetlo [&hellip;]<\/p>","protected":false},"featured_media":21833,"comment_status":"open","ping_status":"closed","template":"","meta":[],"product_brand":[],"product_cat":[73,46],"product_tag":[1002,1205,220,1003,159,1001,148,1204,147,1557],"class_list":{"0":"post-21831","1":"product","2":"type-product","3":"status-publish","4":"has-post-thumbnail","6":"product_cat-otroski","7":"product_cat-nogometni-dresi-ac-milan","8":"product_tag-dresi-ac-milan-za-otroke","9":"product_tag-nogometni-dresi-ac-milan-z-lastnim-imenom","10":"product_tag-nogometni-dresi-za-otroke","11":"product_tag-otroski-dresi-ac-milan-z-lastnim-imenom","12":"product_tag-otroski-nogometni-dresi","13":"product_tag-otroski-nogometni-dresi-ac-milan","14":"product_tag-poceni-nogometni-dresi","15":"product_tag-poceni-nogometni-dresi-ac-milan","16":"product_tag-slovenski-nogometni-dresi","17":"product_tag-youssouf-fofana-dresi","19":"first","20":"instock","21":"shipping-taxable","22":"purchasable","23":"product-type-variable"},"_links":{"self":[{"href":"https:\/\/www.nogometnizaotroke.com\/fr\/wp-json\/wp\/v2\/product\/21831","targetHints":{"allow":["GET"]}}],"collection":[{"href":"https:\/\/www.nogometnizaotroke.com\/fr\/wp-json\/wp\/v2\/product"}],"about":[{"href":"https:\/\/www.nogometnizaotroke.com\/fr\/wp-json\/wp\/v2\/types\/product"}],"replies":[{"embeddable":true,"href":"https:\/\/www.nogometnizaotroke.com\/fr\/wp-json\/wp\/v2\/comments?post=21831"}],"wp:featuredmedia":[{"embeddable":true,"href":"https:\/\/www.nogometnizaotroke.com\/fr\/wp-json\/wp\/v2\/media\/21833"}],"wp:attachment":[{"href":"https:\/\/www.nogometnizaotroke.com\/fr\/wp-json\/wp\/v2\/media?parent=21831"}],"wp:term":[{"taxonomy":"product_brand","embeddable":true,"href":"https:\/\/www.nogometnizaotroke.com\/fr\/wp-json\/wp\/v2\/product_brand?post=21831"},{"taxonomy":"product_cat","embeddable":true,"href":"https:\/\/www.nogometnizaotroke.com\/fr\/wp-json\/wp\/v2\/product_cat?post=21831"},{"taxonomy":"product_tag","embeddable":true,"href":"https:\/\/www.nogometnizaotroke.com\/fr\/wp-json\/wp\/v2\/product_tag?post=21831"}],"curies":[{"name":"wp","href":"https:\/\/api.w.org\/{rel}","templated":true}]}}