{"id":21765,"date":"2024-12-11T12:32:54","date_gmt":"2024-12-11T12:32:54","guid":{"rendered":"https:\/\/www.nogometnionline.com\/?post_type=product&#038;p=21765"},"modified":"2024-12-11T12:32:57","modified_gmt":"2024-12-11T12:32:57","slug":"otroski-nogometni-dresi-kompleti-za-otroke-bvb-borussia-dortmund-tretji-2024-25-jamie-bynoe-gittens-43","status":"publish","type":"product","link":"https:\/\/www.nogometnizaotroke.com\/fr\/product\/otroski-nogometni-dresi-kompleti-za-otroke-bvb-borussia-dortmund-tretji-2024-25-jamie-bynoe-gittens-43\/","title":{"rendered":"Kids Soccer Jerseys Kits for Kids BVB Borussia Dortmund Third 2024-25 Jamie Bynoe-Gittens 43"},"content":{"rendered":"<p>Le nouveau maillot third de Dortmund 24-25 combine la couleur blanche principale avec les c\u00e9l\u00e8bres couleurs noires et jaunes du BVB.L'\u00e9cusson du BVB est en blanc, tandis que le sponsor 1&amp;1 ressort en blanc et noir - un choix malheureux, car le club n'aurait jamais d\u00fb \u00eatre aussi invisible en tant que sponsor.Ce que nous aimons dans le maillot third du BVB 2024-25, ce sont les poignets noirs et jaunes sur les manches. Le grand col est enti\u00e8rement noir. Il serait probablement encore plus beau s'il \u00e9tait assorti aux poignets, par exemple avec une bande jaune au milieu.<\/p>\n<p>Conseils pour les chaussettes : le T-shirt ne comprend pas de chaussettes par d\u00e9faut. Si vous souhaitez des chaussettes, s\u00e9lectionnez les options chaussettes pour les payer.<\/p>\n<p>Conseil d'impression : si le nom et le num\u00e9ro figurant dans l'image correspondent exactement \u00e0 ce que vous souhaitez, il n'est pas n\u00e9cessaire de les saisir \u00e0 nouveau. Si ce n'est pas le cas, entrez le nom et le num\u00e9ro que vous souhaitez.<\/p>\n<p>Conseil de lavage : il est recommand\u00e9 de laver les maillots de football \u00e0 la main. Si vous souhaitez utiliser une machine \u00e0 laver, n'oubliez pas de retourner le maillot avant de le laver. Remplissez la machine avec de l'eau froide et utilisez un cycle de lavage doux pour mieux prot\u00e9ger les couleurs.<\/p>","protected":false},"excerpt":{"rendered":"<p>Novi tretji dres Dortmund 24-25 zdru\u017euje glavno belo barvo z znamenito \u010drno in rumeno barvo BVB.Grb BVB je v beli barvi, medtem ko sponzor 1&amp;1 izstopata v beli in \u010drni barvi \u2013 neposre\u010dena izbira, saj klub nikoli ne bi smel biti tako neviden kot sponzor.Kar nam je v\u0161e\u010d pri tretji dresi BVB 2024-25, so \u010drne [&hellip;]<\/p>","protected":false},"featured_media":21767,"comment_status":"open","ping_status":"closed","template":"","meta":[],"product_brand":[],"product_cat":[73,45],"product_tag":[1541,1548,153,1542,159,1540,148,195,147],"class_list":{"0":"post-21765","1":"product","2":"type-product","3":"status-publish","4":"has-post-thumbnail","6":"product_cat-otroski","7":"product_cat-nogometni-dresi-dortmund","8":"product_tag-dresi-borussia-dortmund-za-otroke","9":"product_tag-jamie-bynoe-gittens-dresi","10":"product_tag-nogometni-dresi","11":"product_tag-otroski-dresi-borussia-dortmund-z-lastnim-imenom","12":"product_tag-otroski-nogometni-dresi","13":"product_tag-otroski-nogometni-dresi-borussia-dortmund","14":"product_tag-poceni-nogometni-dresi","15":"product_tag-poceni-otroski-nogometni-dresi-dortmund-z-lastnim-imenom","16":"product_tag-slovenski-nogometni-dresi","18":"first","19":"instock","20":"shipping-taxable","21":"purchasable","22":"product-type-variable"},"_links":{"self":[{"href":"https:\/\/www.nogometnizaotroke.com\/fr\/wp-json\/wp\/v2\/product\/21765","targetHints":{"allow":["GET"]}}],"collection":[{"href":"https:\/\/www.nogometnizaotroke.com\/fr\/wp-json\/wp\/v2\/product"}],"about":[{"href":"https:\/\/www.nogometnizaotroke.com\/fr\/wp-json\/wp\/v2\/types\/product"}],"replies":[{"embeddable":true,"href":"https:\/\/www.nogometnizaotroke.com\/fr\/wp-json\/wp\/v2\/comments?post=21765"}],"wp:featuredmedia":[{"embeddable":true,"href":"https:\/\/www.nogometnizaotroke.com\/fr\/wp-json\/wp\/v2\/media\/21767"}],"wp:attachment":[{"href":"https:\/\/www.nogometnizaotroke.com\/fr\/wp-json\/wp\/v2\/media?parent=21765"}],"wp:term":[{"taxonomy":"product_brand","embeddable":true,"href":"https:\/\/www.nogometnizaotroke.com\/fr\/wp-json\/wp\/v2\/product_brand?post=21765"},{"taxonomy":"product_cat","embeddable":true,"href":"https:\/\/www.nogometnizaotroke.com\/fr\/wp-json\/wp\/v2\/product_cat?post=21765"},{"taxonomy":"product_tag","embeddable":true,"href":"https:\/\/www.nogometnizaotroke.com\/fr\/wp-json\/wp\/v2\/product_tag?post=21765"}],"curies":[{"name":"wp","href":"https:\/\/api.w.org\/{rel}","templated":true}]}}