{"id":21118,"date":"2024-12-01T04:54:34","date_gmt":"2024-12-01T04:54:34","guid":{"rendered":"https:\/\/www.nogometnionline.com\/?post_type=product&#038;p=21118"},"modified":"2024-12-03T08:42:00","modified_gmt":"2024-12-03T08:42:00","slug":"otroski-nogometni-dresi-kompleti-al-hilal-domaci-2024-25-modra-z-lastnim-imenom-online","status":"publish","type":"product","link":"https:\/\/www.nogometnizaotroke.com\/fr\/product\/otroski-nogometni-dresi-kompleti-al-hilal-domaci-2024-25-modra-z-lastnim-imenom-online\/","title":{"rendered":"Otro\u0161ki Nogometni dresi kompleti Al-Hilal Doma\u010di 2024-25 modra z lastnim imenom online"},"content":{"rendered":"<p>Novi doma\u010di dres Al-Hilal 2024-2025 je prete\u017eno moder s temnej\u0161imi modrimi poudarki. Ovratnik, man\u0161ete in grb Al Hilal so beli.Posebnost doma\u010di Nogometnih dresov Al-Hilal 24-25 je geometrijski vzorec razporejen po celotnem dresi.<\/p>\n<p>Conseils pour les chaussettes : le T-shirt ne comprend pas de chaussettes par d\u00e9faut. Si vous souhaitez des chaussettes, s\u00e9lectionnez les options chaussettes pour les payer.<\/p>\n<p>Conseil d'impression : si le nom et le num\u00e9ro figurant dans l'image correspondent exactement \u00e0 ce que vous souhaitez, il n'est pas n\u00e9cessaire de les saisir \u00e0 nouveau. Si ce n'est pas le cas, entrez le nom et le num\u00e9ro que vous souhaitez.<\/p>\n<p>Conseil de lavage : il est recommand\u00e9 de laver les maillots de football \u00e0 la main. Si vous souhaitez utiliser une machine \u00e0 laver, n'oubliez pas de retourner le maillot avant de le laver. Remplissez la machine avec de l'eau froide et utilisez un cycle de lavage doux pour mieux prot\u00e9ger les couleurs.<\/p>","protected":false},"excerpt":{"rendered":"<p>Novi doma\u010di dres Al-Hilal 2024-2025 je prete\u017eno moder s temnej\u0161imi modrimi poudarki. Ovratnik, man\u0161ete in grb Al Hilal so beli.Posebnost doma\u010di Nogometnih dresov Al-Hilal 24-25 je geometrijski vzorec razporejen po celotnem dresi. Nasveti za nogavice: Majica ne vsebuje nogavic privzeto. \u010ce \u017eelite nogavice, izberite mo\u017enosti nogavic, da jih pla\u010date. Nasveti za tiskom: \u010ce sta ime [&hellip;]<\/p>","protected":false},"featured_media":21117,"comment_status":"open","ping_status":"closed","template":"","meta":[],"product_brand":[],"product_cat":[677,73],"product_tag":[681,159,148,678,682,147],"class_list":{"0":"post-21118","1":"product","2":"type-product","3":"status-publish","4":"has-post-thumbnail","6":"product_cat-nogometni-dresi-al-hilal","7":"product_cat-otroski","8":"product_tag-nogometni-dresi-kompleti-za-otroke","9":"product_tag-otroski-nogometni-dresi","10":"product_tag-poceni-nogometni-dresi","11":"product_tag-poceni-nogometni-dresi-al-hilal-z-lastnim-imenom-online","12":"product_tag-poceni-otroski-nogometni-dresi-al-hilal-z-lastnim-imenom","13":"product_tag-slovenski-nogometni-dresi","15":"first","16":"instock","17":"shipping-taxable","18":"purchasable","19":"product-type-variable"},"_links":{"self":[{"href":"https:\/\/www.nogometnizaotroke.com\/fr\/wp-json\/wp\/v2\/product\/21118","targetHints":{"allow":["GET"]}}],"collection":[{"href":"https:\/\/www.nogometnizaotroke.com\/fr\/wp-json\/wp\/v2\/product"}],"about":[{"href":"https:\/\/www.nogometnizaotroke.com\/fr\/wp-json\/wp\/v2\/types\/product"}],"replies":[{"embeddable":true,"href":"https:\/\/www.nogometnizaotroke.com\/fr\/wp-json\/wp\/v2\/comments?post=21118"}],"wp:featuredmedia":[{"embeddable":true,"href":"https:\/\/www.nogometnizaotroke.com\/fr\/wp-json\/wp\/v2\/media\/21117"}],"wp:attachment":[{"href":"https:\/\/www.nogometnizaotroke.com\/fr\/wp-json\/wp\/v2\/media?parent=21118"}],"wp:term":[{"taxonomy":"product_brand","embeddable":true,"href":"https:\/\/www.nogometnizaotroke.com\/fr\/wp-json\/wp\/v2\/product_brand?post=21118"},{"taxonomy":"product_cat","embeddable":true,"href":"https:\/\/www.nogometnizaotroke.com\/fr\/wp-json\/wp\/v2\/product_cat?post=21118"},{"taxonomy":"product_tag","embeddable":true,"href":"https:\/\/www.nogometnizaotroke.com\/fr\/wp-json\/wp\/v2\/product_tag?post=21118"}],"curies":[{"name":"wp","href":"https:\/\/api.w.org\/{rel}","templated":true}]}}