{"id":21107,"date":"2024-12-01T04:39:34","date_gmt":"2024-12-01T04:39:34","guid":{"rendered":"https:\/\/www.nogometnionline.com\/?post_type=product&#038;p=21107"},"modified":"2025-03-27T11:57:10","modified_gmt":"2025-03-27T11:57:10","slug":"otroski-nogometni-dresi-kompleti-al-hilal-gostujoci-2024-25-bela-neymar-jr-10","status":"publish","type":"product","link":"https:\/\/www.nogometnizaotroke.com\/fr\/product\/otroski-nogometni-dresi-kompleti-al-hilal-gostujoci-2024-25-bela-neymar-jr-10\/","title":{"rendered":"Kids Soccer Jerseys Kits Al-Hilal Away 2024-25 White Neymar Jr 10"},"content":{"rendered":"<p>Le nouveau maillot ext\u00e9rieur d'Al-Hilal 2024-25 est blanc et pr\u00e9sente un motif de fines rayures qui s'\u00e9tendent sur le devant du maillot. Le col, les poignets et l'\u00e9cusson d'Al-Hilal sont bleus. Le col, les poignets et l'\u00e9cusson d'Al-Hilal sont bleus. Contrairement aux maillots d'ext\u00e9rieur de la saison derni\u00e8re, les sponsors coordonnent les couleurs du maillot pour un look \u00e9pur\u00e9.<\/p>\n<p>Conseils pour les chaussettes : le T-shirt ne comprend pas de chaussettes par d\u00e9faut. Si vous souhaitez des chaussettes, s\u00e9lectionnez les options chaussettes pour les payer.<\/p>\n<p>Conseil d'impression : si le nom et le num\u00e9ro figurant dans l'image correspondent exactement \u00e0 ce que vous souhaitez, il n'est pas n\u00e9cessaire de les saisir \u00e0 nouveau. Si ce n'est pas le cas, entrez le nom et le num\u00e9ro que vous souhaitez.<\/p>\n<p>Conseil de lavage : il est recommand\u00e9 de laver les maillots de football \u00e0 la main. Si vous souhaitez utiliser une machine \u00e0 laver, n'oubliez pas de retourner le maillot avant de le laver. Remplissez la machine avec de l'eau froide et utilisez un cycle de lavage doux pour mieux prot\u00e9ger les couleurs.<\/p>","protected":false},"excerpt":{"rendered":"<p>Novi gostujo\u010di dres Al-Hilal 2024-25 je bel in ima vzorec tankih \u010drt, ki se \u0161irijo \u010dez sprednji del dresa. Ovratnik, man\u0161ete in grb Al-Hilal so modri.Za razliko od kompletov za gostovanja prej\u0161nje sezone sponzorji uskladijo barve kompletov za \u010dist videz. Nasveti za nogavice: Majica ne vsebuje nogavic privzeto. \u010ce \u017eelite nogavice, izberite mo\u017enosti nogavic, da [&hellip;]<\/p>","protected":false},"featured_media":21109,"comment_status":"open","ping_status":"closed","template":"","meta":[],"product_brand":[],"product_cat":[677,73],"product_tag":[1523,681,159,148,678,682,147],"class_list":{"0":"post-21107","1":"product","2":"type-product","3":"status-publish","4":"has-post-thumbnail","6":"product_cat-nogometni-dresi-al-hilal","7":"product_cat-otroski","8":"product_tag-neymar-jr-dresi","9":"product_tag-nogometni-dresi-kompleti-za-otroke","10":"product_tag-otroski-nogometni-dresi","11":"product_tag-poceni-nogometni-dresi","12":"product_tag-poceni-nogometni-dresi-al-hilal-z-lastnim-imenom-online","13":"product_tag-poceni-otroski-nogometni-dresi-al-hilal-z-lastnim-imenom","14":"product_tag-slovenski-nogometni-dresi","16":"first","17":"instock","18":"shipping-taxable","19":"purchasable","20":"product-type-variable"},"_links":{"self":[{"href":"https:\/\/www.nogometnizaotroke.com\/fr\/wp-json\/wp\/v2\/product\/21107","targetHints":{"allow":["GET"]}}],"collection":[{"href":"https:\/\/www.nogometnizaotroke.com\/fr\/wp-json\/wp\/v2\/product"}],"about":[{"href":"https:\/\/www.nogometnizaotroke.com\/fr\/wp-json\/wp\/v2\/types\/product"}],"replies":[{"embeddable":true,"href":"https:\/\/www.nogometnizaotroke.com\/fr\/wp-json\/wp\/v2\/comments?post=21107"}],"wp:featuredmedia":[{"embeddable":true,"href":"https:\/\/www.nogometnizaotroke.com\/fr\/wp-json\/wp\/v2\/media\/21109"}],"wp:attachment":[{"href":"https:\/\/www.nogometnizaotroke.com\/fr\/wp-json\/wp\/v2\/media?parent=21107"}],"wp:term":[{"taxonomy":"product_brand","embeddable":true,"href":"https:\/\/www.nogometnizaotroke.com\/fr\/wp-json\/wp\/v2\/product_brand?post=21107"},{"taxonomy":"product_cat","embeddable":true,"href":"https:\/\/www.nogometnizaotroke.com\/fr\/wp-json\/wp\/v2\/product_cat?post=21107"},{"taxonomy":"product_tag","embeddable":true,"href":"https:\/\/www.nogometnizaotroke.com\/fr\/wp-json\/wp\/v2\/product_tag?post=21107"}],"curies":[{"name":"wp","href":"https:\/\/api.w.org\/{rel}","templated":true}]}}