{"id":20852,"date":"2024-11-26T08:05:31","date_gmt":"2024-11-26T08:05:31","guid":{"rendered":"https:\/\/www.nogometnionline.com\/?post_type=product&#038;p=20852"},"modified":"2025-03-11T02:28:53","modified_gmt":"2025-03-11T02:28:53","slug":"poceni-nogometni-dresi-kompleti-francija-gostujoci-euro-2024-jules-kounde-5","status":"publish","type":"product","link":"https:\/\/www.nogometnizaotroke.com\/fr\/product\/poceni-nogometni-dresi-kompleti-francija-gostujoci-euro-2024-jules-kounde-5\/","title":{"rendered":"Otro\u0161ki Nogometni Dresi Kompleti za otroke Wolves Gostujo\u010di 2024-25"},"content":{"rendered":"<p>Le maillot ext\u00e9rieur de la France pour l'Euro 2024 combine une base blanche avec du bleu roi. La forme des bandes fluides est tr\u00e8s remarquable - elle va du bleu (c\u00f4t\u00e9 droit) au rouge (c\u00f4t\u00e9 gauche).Le kit away du championnat d'Europe 2024 de la France a un col bleu et des poignets bleus sur les manches.Ce qui se distingue sur le devant, c'est l'\u00e9norme blason fran\u00e7ais enti\u00e8rement color\u00e9, qui a \u00e9t\u00e9 d\u00e9battu pour l'Euro 2024 et qui pourrait \u00eatre utilis\u00e9 apr\u00e8s le tournoi.<\/p>\n<p>Conseils pour les chaussettes : le T-shirt ne comprend pas de chaussettes par d\u00e9faut. Si vous souhaitez des chaussettes, s\u00e9lectionnez les options chaussettes pour les payer.<\/p>\n<p>Conseil d'impression : si le nom et le num\u00e9ro figurant dans l'image correspondent exactement \u00e0 ce que vous souhaitez, il n'est pas n\u00e9cessaire de les saisir \u00e0 nouveau. Si ce n'est pas le cas, entrez le nom et le num\u00e9ro que vous souhaitez.<\/p>\n<p>Conseil de lavage : il est recommand\u00e9 de laver les maillots de football \u00e0 la main. Si vous souhaitez utiliser une machine \u00e0 laver, n'oubliez pas de retourner le maillot avant de le laver. Remplissez la machine avec de l'eau froide et utilisez un cycle de lavage doux pour mieux prot\u00e9ger les couleurs.<\/p>","protected":false},"excerpt":{"rendered":"<p>Gostujo\u010di dres Francija Euro 2024 zdru\u017euje belo osnovo s kraljevsko modro barvo. Oblika prelivajo\u010dih se \u010drt je najbolj izjemna \u2013 gre od modre (desna stran) do rde\u010de (leva stran).Gostujo\u010di komplet za evropsko prvenstvo v Francija 2024 ima moder ovratnik in modre man\u0161ete na rokavih.Kar izstopa na sprednji strani, je ogromen, popolnoma obarvan francoski grb, ki [&hellip;]<\/p>","protected":false},"featured_media":23827,"comment_status":"open","ping_status":"closed","template":"","meta":[],"product_brand":[],"product_cat":[778,140,76],"product_tag":[153,1682,1732,1117,685,1680,1683,147],"class_list":{"0":"post-20852","1":"product","2":"type-product","3":"status-publish","4":"has-post-thumbnail","6":"product_cat-euro-2024","7":"product_cat-moski","8":"product_cat-dresi-francija-reprezentance","9":"product_tag-nogometni-dresi","10":"product_tag-nogometni-dresi-trgovina","11":"product_tag-nogometni-dresi-wolves-za-otroke","12":"product_tag-otroski-dresi-wolves-z-lastnim-imenom","13":"product_tag-otroski-nogometni-dresi-wolves","14":"product_tag-poceni-nogometni-dresi-kompleti","15":"product_tag-poceni-nogometni-dresi-za-otroke","16":"product_tag-slovenski-nogometni-dresi","18":"first","19":"instock","20":"shipping-taxable","21":"purchasable","22":"product-type-variable"},"_links":{"self":[{"href":"https:\/\/www.nogometnizaotroke.com\/fr\/wp-json\/wp\/v2\/product\/20852","targetHints":{"allow":["GET"]}}],"collection":[{"href":"https:\/\/www.nogometnizaotroke.com\/fr\/wp-json\/wp\/v2\/product"}],"about":[{"href":"https:\/\/www.nogometnizaotroke.com\/fr\/wp-json\/wp\/v2\/types\/product"}],"replies":[{"embeddable":true,"href":"https:\/\/www.nogometnizaotroke.com\/fr\/wp-json\/wp\/v2\/comments?post=20852"}],"wp:featuredmedia":[{"embeddable":true,"href":"https:\/\/www.nogometnizaotroke.com\/fr\/wp-json\/wp\/v2\/media\/23827"}],"wp:attachment":[{"href":"https:\/\/www.nogometnizaotroke.com\/fr\/wp-json\/wp\/v2\/media?parent=20852"}],"wp:term":[{"taxonomy":"product_brand","embeddable":true,"href":"https:\/\/www.nogometnizaotroke.com\/fr\/wp-json\/wp\/v2\/product_brand?post=20852"},{"taxonomy":"product_cat","embeddable":true,"href":"https:\/\/www.nogometnizaotroke.com\/fr\/wp-json\/wp\/v2\/product_cat?post=20852"},{"taxonomy":"product_tag","embeddable":true,"href":"https:\/\/www.nogometnizaotroke.com\/fr\/wp-json\/wp\/v2\/product_tag?post=20852"}],"curies":[{"name":"wp","href":"https:\/\/api.w.org\/{rel}","templated":true}]}}