{"id":20813,"date":"2024-11-25T13:21:58","date_gmt":"2024-11-25T13:21:58","guid":{"rendered":"https:\/\/www.nogometnionline.com\/?post_type=product&#038;p=20813"},"modified":"2025-03-11T02:28:38","modified_gmt":"2025-03-11T02:28:38","slug":"otroski-nogometni-dresi-kompleti-fc-bayern-munich-tretji-2024-25-alphonso-davies-19","status":"publish","type":"product","link":"https:\/\/www.nogometnizaotroke.com\/fr\/product\/otroski-nogometni-dresi-kompleti-fc-bayern-munich-tretji-2024-25-alphonso-davies-19\/","title":{"rendered":"Poceni Otro\u0161ki Nogometni Dresi za otroke Tottenham Hotspur Vratar Doma\u010di 2024-25 gul"},"content":{"rendered":"<p>Le maillot Third 2024-25 du FC Bayern Munich pr\u00e9sente un style in\u00e9gal\u00e9 qui associe les couleurs rouge et blanc ironiques du club \u00e0 de subtils graphismes en losange. En plus du design ironique \u00e0 trois feuilles, le maillot pr\u00e9sente le retour de l'\u00e9cusson classique du club des ann\u00e9es 1970, c\u00e9l\u00e9brant ainsi les ann\u00e9es dor\u00e9es de l'histoire du club. Le kit re\u00e7oit une derni\u00e8re touche, un col polo en tricot plat avec l'insigne du FCB \u00e0 l'arri\u00e8re du cou.<\/p>\n<p>Conseils pour les chaussettes : le T-shirt ne comprend pas de chaussettes par d\u00e9faut. Si vous souhaitez des chaussettes, s\u00e9lectionnez les options chaussettes pour les payer.<\/p>\n<p>Conseil d'impression : si le nom et le num\u00e9ro figurant dans l'image correspondent exactement \u00e0 ce que vous souhaitez, il n'est pas n\u00e9cessaire de les saisir \u00e0 nouveau. Si ce n'est pas le cas, entrez le nom et le num\u00e9ro que vous souhaitez.<\/p>\n<p>Conseil de lavage : il est recommand\u00e9 de laver les maillots de football \u00e0 la main. Si vous souhaitez utiliser une machine \u00e0 laver, n'oubliez pas de retourner le maillot avant de le laver. Remplissez la machine avec de l'eau froide et utilisez un cycle de lavage doux pour mieux prot\u00e9ger les couleurs.<\/p>","protected":false},"excerpt":{"rendered":"<p>FC Bayern Munich Tretji 2024-25 dresi ima neprimerljiv slog, ki zdru\u017euje ironi\u010dne rde\u010de in bele barve kluba preko subtilne diamantne grafike. Poleg ironi\u010dnega trilistnima je na dresu vrnjena klasi\u010dna klubska zna\u010dka iz sedemdesetih let prej\u0161njega stoletja, ki slavi zlata leta v zgodovini kluba. Komplet dobi \u0161e zadnji dotik, ravno pleten polo ovratnik z oznako FCB [&hellip;]<\/p>","protected":false},"featured_media":23826,"comment_status":"open","ping_status":"closed","template":"","meta":[],"product_brand":[],"product_cat":[73,40],"product_tag":[153,1728,1682,591,770,1680,1683,147],"class_list":{"0":"post-20813","1":"product","2":"type-product","3":"status-publish","4":"has-post-thumbnail","6":"product_cat-otroski","7":"product_cat-nogometni-dresi-bayern-munich","8":"product_tag-nogometni-dresi","9":"product_tag-nogometni-dresi-tottenham-hotspur-za-otroke","10":"product_tag-nogometni-dresi-trgovina","11":"product_tag-otroski-dresi-tottenham-hotspur-z-lastnim-imenom","12":"product_tag-otroski-nogometni-dresi-tottenham-hotspur","13":"product_tag-poceni-nogometni-dresi-kompleti","14":"product_tag-poceni-nogometni-dresi-za-otroke","15":"product_tag-slovenski-nogometni-dresi","17":"first","18":"instock","19":"shipping-taxable","20":"purchasable","21":"product-type-variable"},"_links":{"self":[{"href":"https:\/\/www.nogometnizaotroke.com\/fr\/wp-json\/wp\/v2\/product\/20813","targetHints":{"allow":["GET"]}}],"collection":[{"href":"https:\/\/www.nogometnizaotroke.com\/fr\/wp-json\/wp\/v2\/product"}],"about":[{"href":"https:\/\/www.nogometnizaotroke.com\/fr\/wp-json\/wp\/v2\/types\/product"}],"replies":[{"embeddable":true,"href":"https:\/\/www.nogometnizaotroke.com\/fr\/wp-json\/wp\/v2\/comments?post=20813"}],"wp:featuredmedia":[{"embeddable":true,"href":"https:\/\/www.nogometnizaotroke.com\/fr\/wp-json\/wp\/v2\/media\/23826"}],"wp:attachment":[{"href":"https:\/\/www.nogometnizaotroke.com\/fr\/wp-json\/wp\/v2\/media?parent=20813"}],"wp:term":[{"taxonomy":"product_brand","embeddable":true,"href":"https:\/\/www.nogometnizaotroke.com\/fr\/wp-json\/wp\/v2\/product_brand?post=20813"},{"taxonomy":"product_cat","embeddable":true,"href":"https:\/\/www.nogometnizaotroke.com\/fr\/wp-json\/wp\/v2\/product_cat?post=20813"},{"taxonomy":"product_tag","embeddable":true,"href":"https:\/\/www.nogometnizaotroke.com\/fr\/wp-json\/wp\/v2\/product_tag?post=20813"}],"curies":[{"name":"wp","href":"https:\/\/api.w.org\/{rel}","templated":true}]}}