{"id":20598,"date":"2024-11-21T11:47:00","date_gmt":"2024-11-21T11:47:00","guid":{"rendered":"https:\/\/www.nogometnionline.com\/?post_type=product&#038;p=20598"},"modified":"2024-11-21T11:47:02","modified_gmt":"2024-11-21T11:47:02","slug":"otroski-nogometni-dresi-kompleti-za-otroke-atletico-madrid-tretji-2024-25-conor-gallagher-4","status":"publish","type":"product","link":"https:\/\/www.nogometnizaotroke.com\/fr\/product\/otroski-nogometni-dresi-kompleti-za-otroke-atletico-madrid-tretji-2024-25-conor-gallagher-4\/","title":{"rendered":"Kids Soccer Jerseys Kits for Kids Atletico Madrid Third 2024-25 Conor Gallagher 4"},"content":{"rendered":"<p>Tretji dres Atletico Madrid 2024\u201325 je prete\u017eno moder v kombinaciji z osupljivimi ro\u017enatimi poudarki. Uradne barve so \u201cBlue Void\/Pink Glow\u201d.Tako kot ostali tretji kompleti za sezono 24-25 ima tudi tretji komplet Atl\u00e9tico 2024-25 navpi\u010dni Swoosh, sestavljen iz velikega in majhnega.<\/p>\n<p>Conseils pour les chaussettes : le T-shirt ne comprend pas de chaussettes par d\u00e9faut. Si vous souhaitez des chaussettes, s\u00e9lectionnez les options chaussettes pour les payer.<\/p>\n<p>Conseil d'impression : si le nom et le num\u00e9ro figurant dans l'image correspondent exactement \u00e0 ce que vous souhaitez, il n'est pas n\u00e9cessaire de les saisir \u00e0 nouveau. Si ce n'est pas le cas, entrez le nom et le num\u00e9ro que vous souhaitez.<\/p>\n<p>Conseil de lavage : il est recommand\u00e9 de laver les maillots de football \u00e0 la main. Si vous souhaitez utiliser une machine \u00e0 laver, n'oubliez pas de retourner le maillot avant de le laver. Remplissez la machine avec de l'eau froide et utilisez un cycle de lavage doux pour mieux prot\u00e9ger les couleurs.<\/p>","protected":false},"excerpt":{"rendered":"<p>Tretji dres Atletico Madrid 2024\u201325 je prete\u017eno moder v kombinaciji z osupljivimi ro\u017enatimi poudarki. Uradne barve so \u201cBlue Void\/Pink Glow\u201d.Tako kot ostali tretji kompleti za sezono 24-25 ima tudi tretji komplet Atl\u00e9tico 2024-25 navpi\u010dni Swoosh, sestavljen iz velikega in majhnega. Nasveti za nogavice: Majica ne vsebuje nogavic privzeto. \u010ce \u017eelite nogavice, izberite mo\u017enosti nogavic, da [&hellip;]<\/p>","protected":false},"featured_media":20600,"comment_status":"open","ping_status":"closed","template":"","meta":[],"product_brand":[],"product_cat":[73,41],"product_tag":[974,999,153,220,1000,159,998,148,147],"class_list":{"0":"post-20598","1":"product","2":"type-product","3":"status-publish","4":"has-post-thumbnail","6":"product_cat-otroski","7":"product_cat-nogometni-dresi-atletico-madrid","8":"product_tag-conor-gallagher-dresi","9":"product_tag-dresi-atletico-madrid-za-otroke","10":"product_tag-nogometni-dresi","11":"product_tag-nogometni-dresi-za-otroke","12":"product_tag-otroski-dresi-atletico-madrid-z-lastnim-imenom","13":"product_tag-otroski-nogometni-dresi","14":"product_tag-otroski-nogometni-dresi-atletico-madrid","15":"product_tag-poceni-nogometni-dresi","16":"product_tag-slovenski-nogometni-dresi","18":"first","19":"instock","20":"shipping-taxable","21":"purchasable","22":"product-type-variable"},"_links":{"self":[{"href":"https:\/\/www.nogometnizaotroke.com\/fr\/wp-json\/wp\/v2\/product\/20598","targetHints":{"allow":["GET"]}}],"collection":[{"href":"https:\/\/www.nogometnizaotroke.com\/fr\/wp-json\/wp\/v2\/product"}],"about":[{"href":"https:\/\/www.nogometnizaotroke.com\/fr\/wp-json\/wp\/v2\/types\/product"}],"replies":[{"embeddable":true,"href":"https:\/\/www.nogometnizaotroke.com\/fr\/wp-json\/wp\/v2\/comments?post=20598"}],"wp:featuredmedia":[{"embeddable":true,"href":"https:\/\/www.nogometnizaotroke.com\/fr\/wp-json\/wp\/v2\/media\/20600"}],"wp:attachment":[{"href":"https:\/\/www.nogometnizaotroke.com\/fr\/wp-json\/wp\/v2\/media?parent=20598"}],"wp:term":[{"taxonomy":"product_brand","embeddable":true,"href":"https:\/\/www.nogometnizaotroke.com\/fr\/wp-json\/wp\/v2\/product_brand?post=20598"},{"taxonomy":"product_cat","embeddable":true,"href":"https:\/\/www.nogometnizaotroke.com\/fr\/wp-json\/wp\/v2\/product_cat?post=20598"},{"taxonomy":"product_tag","embeddable":true,"href":"https:\/\/www.nogometnizaotroke.com\/fr\/wp-json\/wp\/v2\/product_tag?post=20598"}],"curies":[{"name":"wp","href":"https:\/\/api.w.org\/{rel}","templated":true}]}}