{"id":20435,"date":"2024-11-19T03:06:30","date_gmt":"2024-11-19T03:06:30","guid":{"rendered":"https:\/\/www.nogometnionline.com\/?post_type=product&#038;p=20435"},"modified":"2025-03-11T02:26:41","modified_gmt":"2025-03-11T02:26:41","slug":"otroski-nogometni-dresi-kompleti-za-otroke-atletico-madrid-domaci-2024-25-pablo-barrios-8","status":"publish","type":"product","link":"https:\/\/www.nogometnizaotroke.com\/fr\/product\/otroski-nogometni-dresi-kompleti-za-otroke-atletico-madrid-domaci-2024-25-pablo-barrios-8\/","title":{"rendered":"Poceni Otro\u0161ki Nogometni Dresi za nogomet Atletico Madrid Vratar Gostujo\u010di 2024-25"},"content":{"rendered":"<p>Novi nogometni dres Atl\u00e9tico de Madrid 2024-25 ima edinstven pogled na klasi\u010dne rde\u010de-bele \u010drte kluba. Dres Atl\u00e9tico Madrid 24-25 je ve\u010dinoma rde\u010d z edinstvenimi belimi \u010drtami in modro obrobo na zunanji strani. Znotraj \u010drt se izmenjujejo modre in rde\u010de \u010drte z u\u010dinkom bledenja, ki ustvarjajo edinstven videz.<\/p>\n<p>Majica za doma\u010di nogomet Atleti Madrid dres 24-2025 ima kraljevsko moder logotip z belim robom. Ikoni\u010dni logotip Atl\u00e9tica se vrne na doma\u010di dres Atl\u00e9tico Madrid 24-25, potem ko so \u010dlani glasovali za vrnitev. Ima tudi rumeno obrobo starega grebena.<\/p>\n<p>Conseils pour les chaussettes : le T-shirt ne comprend pas de chaussettes par d\u00e9faut. Si vous souhaitez des chaussettes, s\u00e9lectionnez les options chaussettes pour les payer.<\/p>\n<p>Conseil d'impression : si le nom et le num\u00e9ro figurant dans l'image correspondent exactement \u00e0 ce que vous souhaitez, il n'est pas n\u00e9cessaire de les saisir \u00e0 nouveau. Si ce n'est pas le cas, entrez le nom et le num\u00e9ro que vous souhaitez.<\/p>\n<p>Conseil de lavage : il est recommand\u00e9 de laver les maillots de football \u00e0 la main. Si vous souhaitez utiliser une machine \u00e0 laver, n'oubliez pas de retourner le maillot avant de le laver. Remplissez la machine avec de l'eau froide et utilisez un cycle de lavage doux pour mieux prot\u00e9ger les couleurs.<\/p>","protected":false},"excerpt":{"rendered":"<p>Novi nogometni dres Atl\u00e9tico de Madrid 2024-25 ima edinstven pogled na klasi\u010dne rde\u010de-bele \u010drte kluba. Dres Atl\u00e9tico Madrid 24-25 je ve\u010dinoma rde\u010d z edinstvenimi belimi \u010drtami in modro obrobo na zunanji strani. Znotraj \u010drt se izmenjujejo modre in rde\u010de \u010drte z u\u010dinkom bledenja, ki ustvarjajo edinstven videz. Majica za doma\u010di nogomet Atleti Madrid dres 24-2025 [&hellip;]<\/p>","protected":false},"featured_media":23809,"comment_status":"open","ping_status":"closed","template":"","meta":[],"product_brand":[],"product_cat":[73,41],"product_tag":[153,1694,1682,1000,159,998,1680,1683,147],"class_list":{"0":"post-20435","1":"product","2":"type-product","3":"status-publish","4":"has-post-thumbnail","6":"product_cat-otroski","7":"product_cat-nogometni-dresi-atletico-madrid","8":"product_tag-nogometni-dresi","9":"product_tag-nogometni-dresi-atletico-madrid-za-otroke","10":"product_tag-nogometni-dresi-trgovina","11":"product_tag-otroski-dresi-atletico-madrid-z-lastnim-imenom","12":"product_tag-otroski-nogometni-dresi","13":"product_tag-otroski-nogometni-dresi-atletico-madrid","14":"product_tag-poceni-nogometni-dresi-kompleti","15":"product_tag-poceni-nogometni-dresi-za-otroke","16":"product_tag-slovenski-nogometni-dresi","18":"first","19":"instock","20":"shipping-taxable","21":"purchasable","22":"product-type-variable"},"_links":{"self":[{"href":"https:\/\/www.nogometnizaotroke.com\/fr\/wp-json\/wp\/v2\/product\/20435","targetHints":{"allow":["GET"]}}],"collection":[{"href":"https:\/\/www.nogometnizaotroke.com\/fr\/wp-json\/wp\/v2\/product"}],"about":[{"href":"https:\/\/www.nogometnizaotroke.com\/fr\/wp-json\/wp\/v2\/types\/product"}],"replies":[{"embeddable":true,"href":"https:\/\/www.nogometnizaotroke.com\/fr\/wp-json\/wp\/v2\/comments?post=20435"}],"wp:featuredmedia":[{"embeddable":true,"href":"https:\/\/www.nogometnizaotroke.com\/fr\/wp-json\/wp\/v2\/media\/23809"}],"wp:attachment":[{"href":"https:\/\/www.nogometnizaotroke.com\/fr\/wp-json\/wp\/v2\/media?parent=20435"}],"wp:term":[{"taxonomy":"product_brand","embeddable":true,"href":"https:\/\/www.nogometnizaotroke.com\/fr\/wp-json\/wp\/v2\/product_brand?post=20435"},{"taxonomy":"product_cat","embeddable":true,"href":"https:\/\/www.nogometnizaotroke.com\/fr\/wp-json\/wp\/v2\/product_cat?post=20435"},{"taxonomy":"product_tag","embeddable":true,"href":"https:\/\/www.nogometnizaotroke.com\/fr\/wp-json\/wp\/v2\/product_tag?post=20435"}],"curies":[{"name":"wp","href":"https:\/\/api.w.org\/{rel}","templated":true}]}}