{"id":20206,"date":"2024-11-17T04:46:21","date_gmt":"2024-11-17T04:46:21","guid":{"rendered":"https:\/\/www.nogometnionline.com\/?post_type=product&#038;p=20206"},"modified":"2024-11-17T04:46:24","modified_gmt":"2024-11-17T04:46:24","slug":"otroski-nogometni-dresi-za-otroke-paris-saint-germain-psg-tretji-2024-25-vitinha-17","status":"publish","type":"product","link":"https:\/\/www.nogometnizaotroke.com\/fr\/product\/otroski-nogometni-dresi-za-otroke-paris-saint-germain-psg-tretji-2024-25-vitinha-17\/","title":{"rendered":"Kids Soccer Jerseys for Kids Paris Saint-Germain PSG Third 2024-25 Vitinha 17"},"content":{"rendered":"<p>Tretji dres PSG 24-25 ima povezovalno temo, ki se osredoto\u010da na vzpon \u017eenskega nogometa. Logotip, ki spreminja barvo na sprednji strani, simbolizira povezavo med obema ekipama in predstavlja rasto\u010de gibanje v nogometu. Novi dres utele\u0161a sporo\u010dilo \u201cTogether We Rise\u201d \u2013 naklon napredku in krepitvi mo\u010di v nogometu.\u201dNovo Tretji Nogometni dresi PSG 2024-25 je ve\u010dinoma \u201crjavo ro\u017enata\u201d v kombinaciji s \u010drnimi poudarki. Poleg barvne sheme obstajata \u0161e dva elementa, zaradi katerih PSG 24-25 third izstopa. Logotipi in sredinska \u010drta.PSG<\/p>\n<p>Conseils pour les chaussettes : le T-shirt ne comprend pas de chaussettes par d\u00e9faut. Si vous souhaitez des chaussettes, s\u00e9lectionnez les options chaussettes pour les payer.<\/p>\n<p>Conseil d'impression : si le nom et le num\u00e9ro figurant dans l'image correspondent exactement \u00e0 ce que vous souhaitez, il n'est pas n\u00e9cessaire de les saisir \u00e0 nouveau. Si ce n'est pas le cas, entrez le nom et le num\u00e9ro que vous souhaitez.<\/p>\n<p>Conseil de lavage : il est recommand\u00e9 de laver les maillots de football \u00e0 la main. Si vous souhaitez utiliser une machine \u00e0 laver, n'oubliez pas de retourner le maillot avant de le laver. Remplissez la machine avec de l'eau froide et utilisez un cycle de lavage doux pour mieux prot\u00e9ger les couleurs.<\/p>","protected":false},"excerpt":{"rendered":"<p>Tretji dres PSG 24-25 ima povezovalno temo, ki se osredoto\u010da na vzpon \u017eenskega nogometa. Logotip, ki spreminja barvo na sprednji strani, simbolizira povezavo med obema ekipama in predstavlja rasto\u010de gibanje v nogometu. Novi dres utele\u0161a sporo\u010dilo \u201cTogether We Rise\u201d \u2013 naklon napredku in krepitvi mo\u010di v nogometu.\u201dNovo Tretji Nogometni dresi PSG 2024-25 je ve\u010dinoma \u201crjavo [&hellip;]<\/p>","protected":false},"featured_media":20208,"comment_status":"open","ping_status":"closed","template":"","meta":[],"product_brand":[],"product_cat":[73,37],"product_tag":[153,159,155,148,149,273,753],"class_list":{"0":"post-20206","1":"product","2":"type-product","3":"status-publish","4":"has-post-thumbnail","6":"product_cat-otroski","7":"product_cat-nogometni-dresi-psg","8":"product_tag-nogometni-dresi","9":"product_tag-otroski-nogometni-dresi","10":"product_tag-paris-saint-germain-psg-dres","11":"product_tag-poceni-nogometni-dresi","12":"product_tag-poceni-nogometni-dresi-psg-z-lastnim-imenom-online","13":"product_tag-poceni-otroski-nogometni-dresi-psg-z-lastnim-imenom","14":"product_tag-psg-dresi-2024","16":"first","17":"instock","18":"shipping-taxable","19":"purchasable","20":"product-type-variable"},"_links":{"self":[{"href":"https:\/\/www.nogometnizaotroke.com\/fr\/wp-json\/wp\/v2\/product\/20206","targetHints":{"allow":["GET"]}}],"collection":[{"href":"https:\/\/www.nogometnizaotroke.com\/fr\/wp-json\/wp\/v2\/product"}],"about":[{"href":"https:\/\/www.nogometnizaotroke.com\/fr\/wp-json\/wp\/v2\/types\/product"}],"replies":[{"embeddable":true,"href":"https:\/\/www.nogometnizaotroke.com\/fr\/wp-json\/wp\/v2\/comments?post=20206"}],"wp:featuredmedia":[{"embeddable":true,"href":"https:\/\/www.nogometnizaotroke.com\/fr\/wp-json\/wp\/v2\/media\/20208"}],"wp:attachment":[{"href":"https:\/\/www.nogometnizaotroke.com\/fr\/wp-json\/wp\/v2\/media?parent=20206"}],"wp:term":[{"taxonomy":"product_brand","embeddable":true,"href":"https:\/\/www.nogometnizaotroke.com\/fr\/wp-json\/wp\/v2\/product_brand?post=20206"},{"taxonomy":"product_cat","embeddable":true,"href":"https:\/\/www.nogometnizaotroke.com\/fr\/wp-json\/wp\/v2\/product_cat?post=20206"},{"taxonomy":"product_tag","embeddable":true,"href":"https:\/\/www.nogometnizaotroke.com\/fr\/wp-json\/wp\/v2\/product_tag?post=20206"}],"curies":[{"name":"wp","href":"https:\/\/api.w.org\/{rel}","templated":true}]}}